{"id":725787,"date":"2025-03-03T15:54:21","date_gmt":"2025-03-03T14:54:21","guid":{"rendered":"https:\/\/stoic-curie.212-227-153-4.plesk.page\/producto\/relais-24-v-pour-verin-decoutille\/"},"modified":"2026-02-24T23:08:02","modified_gmt":"2026-02-24T23:08:02","slug":"relais-24-v-pour-verin-decoutille","status":"publish","type":"product","link":"https:\/\/stoic-curie.212-227-153-4.plesk.page\/fr\/product\/relais-24-v-pour-verin-decoutille\/","title":{"rendered":"Relais 24\u00a0V pour v\u00e9rin d\u2019\u00e9coutille"},"content":{"rendered":"<p>Relais 24\u00a0V pour v\u00e9rin d\u2019\u00e9coutille &#8211; <\/p>\n<p>Des \u00e9l\u00e9vateurs \u00e9lectriques lin\u00e9aires l\u00e9gers pour une installation individuelle. Con\u00e7us pour ouvrir &#8211; m\u00eame \u00e0 mi-chemin &#8211; les \u00e9coutilles de pont et les portes de salle des machines. \u00c9tanch\u00e9it\u00e9 IP65 avec arbre en acier inoxydable. Charge maximale de 120 kg.<\/p>\n","protected":false},"excerpt":{"rendered":"<p>Relais 24\u00a0V pour v\u00e9rin d\u2019\u00e9coutille &#8211; Des \u00e9l\u00e9vateurs \u00e9lectriques lin\u00e9aires l\u00e9gers pour une installation individuelle. Con\u00e7us pour ouvrir &#8211; m\u00eame<\/p>\n","protected":false},"featured_media":5935644,"comment_status":"open","ping_status":"closed","template":"","meta":[],"product_brand":[3499],"product_cat":[1114],"product_tag":[],"class_list":{"0":"post-725787","1":"product","2":"type-product","3":"status-publish","4":"has-post-thumbnail","6":"product_brand-ultraflex-uflex-fr","7":"product_cat-ressorts-a-gaz","9":"first","10":"instock","11":"shipping-taxable","12":"purchasable","13":"product-type-simple"},"_links":{"self":[{"href":"https:\/\/stoic-curie.212-227-153-4.plesk.page\/fr\/wp-json\/wp\/v2\/product\/725787","targetHints":{"allow":["GET"]}}],"collection":[{"href":"https:\/\/stoic-curie.212-227-153-4.plesk.page\/fr\/wp-json\/wp\/v2\/product"}],"about":[{"href":"https:\/\/stoic-curie.212-227-153-4.plesk.page\/fr\/wp-json\/wp\/v2\/types\/product"}],"replies":[{"embeddable":true,"href":"https:\/\/stoic-curie.212-227-153-4.plesk.page\/fr\/wp-json\/wp\/v2\/comments?post=725787"}],"version-history":[{"count":0,"href":"https:\/\/stoic-curie.212-227-153-4.plesk.page\/fr\/wp-json\/wp\/v2\/product\/725787\/revisions"}],"wp:featuredmedia":[{"embeddable":true,"href":"https:\/\/stoic-curie.212-227-153-4.plesk.page\/fr\/wp-json\/wp\/v2\/media\/5935644"}],"wp:attachment":[{"href":"https:\/\/stoic-curie.212-227-153-4.plesk.page\/fr\/wp-json\/wp\/v2\/media?parent=725787"}],"wp:term":[{"taxonomy":"product_brand","embeddable":true,"href":"https:\/\/stoic-curie.212-227-153-4.plesk.page\/fr\/wp-json\/wp\/v2\/product_brand?post=725787"},{"taxonomy":"product_cat","embeddable":true,"href":"https:\/\/stoic-curie.212-227-153-4.plesk.page\/fr\/wp-json\/wp\/v2\/product_cat?post=725787"},{"taxonomy":"product_tag","embeddable":true,"href":"https:\/\/stoic-curie.212-227-153-4.plesk.page\/fr\/wp-json\/wp\/v2\/product_tag?post=725787"}],"curies":[{"name":"wp","href":"https:\/\/api.w.org\/{rel}","templated":true}]}}