{"id":725790,"date":"2025-03-03T15:54:22","date_gmt":"2025-03-03T14:54:22","guid":{"rendered":"https:\/\/stoic-curie.212-227-153-4.plesk.page\/producto\/protecteur-et-saturateur-de-teck-teak-wonder-4-l\/"},"modified":"2026-02-24T23:08:02","modified_gmt":"2026-02-24T23:08:02","slug":"protecteur-et-saturateur-de-teck-teak-wonder-4-l","status":"publish","type":"product","link":"https:\/\/stoic-curie.212-227-153-4.plesk.page\/fr\/product\/protecteur-et-saturateur-de-teck-teak-wonder-4-l\/","title":{"rendered":"Protecteur et saturateur de teck Teak Wonder, 4\u00a0l"},"content":{"rendered":"<p>Protecteur et saturateur de teck Teak Wonder, 4\u00a0l &#8211; <\/p>\n<p>Huile de teck traditionnelle qui maintient l&#8217;apparence originale du teck sans lavages quotidiens. Ce produit \u00e0 base de silicone scelle les pores du bois, emp\u00eachant la poussi\u00e8re et la salet\u00e9 de p\u00e9n\u00e9trer. De plus, il offre une protection contre les rayons UV. Sans odeur chimique, il ne devient ni brillant, ni glissant, ni collant et ne fonce pas avec le temps.<\/p>\n","protected":false},"excerpt":{"rendered":"<p>Protecteur et saturateur de teck Teak Wonder, 4\u00a0l &#8211; Huile de teck traditionnelle qui maintient l&#8217;apparence originale du teck sans<\/p>\n","protected":false},"featured_media":5935673,"comment_status":"open","ping_status":"closed","template":"","meta":[],"product_brand":[3454],"product_cat":[1051],"product_tag":[],"class_list":{"0":"post-725790","1":"product","2":"type-product","3":"status-publish","4":"has-post-thumbnail","6":"product_brand-teak-wonder-fr","7":"product_cat-vernis-marin-et-huile-de-teck","9":"first","10":"instock","11":"shipping-taxable","12":"purchasable","13":"product-type-simple"},"_links":{"self":[{"href":"https:\/\/stoic-curie.212-227-153-4.plesk.page\/fr\/wp-json\/wp\/v2\/product\/725790","targetHints":{"allow":["GET"]}}],"collection":[{"href":"https:\/\/stoic-curie.212-227-153-4.plesk.page\/fr\/wp-json\/wp\/v2\/product"}],"about":[{"href":"https:\/\/stoic-curie.212-227-153-4.plesk.page\/fr\/wp-json\/wp\/v2\/types\/product"}],"replies":[{"embeddable":true,"href":"https:\/\/stoic-curie.212-227-153-4.plesk.page\/fr\/wp-json\/wp\/v2\/comments?post=725790"}],"version-history":[{"count":0,"href":"https:\/\/stoic-curie.212-227-153-4.plesk.page\/fr\/wp-json\/wp\/v2\/product\/725790\/revisions"}],"wp:featuredmedia":[{"embeddable":true,"href":"https:\/\/stoic-curie.212-227-153-4.plesk.page\/fr\/wp-json\/wp\/v2\/media\/5935673"}],"wp:attachment":[{"href":"https:\/\/stoic-curie.212-227-153-4.plesk.page\/fr\/wp-json\/wp\/v2\/media?parent=725790"}],"wp:term":[{"taxonomy":"product_brand","embeddable":true,"href":"https:\/\/stoic-curie.212-227-153-4.plesk.page\/fr\/wp-json\/wp\/v2\/product_brand?post=725790"},{"taxonomy":"product_cat","embeddable":true,"href":"https:\/\/stoic-curie.212-227-153-4.plesk.page\/fr\/wp-json\/wp\/v2\/product_cat?post=725790"},{"taxonomy":"product_tag","embeddable":true,"href":"https:\/\/stoic-curie.212-227-153-4.plesk.page\/fr\/wp-json\/wp\/v2\/product_tag?post=725790"}],"curies":[{"name":"wp","href":"https:\/\/api.w.org\/{rel}","templated":true}]}}