{"id":725792,"date":"2025-03-03T15:54:22","date_gmt":"2025-03-03T14:54:22","guid":{"rendered":"https:\/\/stoic-curie.212-227-153-4.plesk.page\/producto\/bouee-de-sauvetage-homologuee-solas-75cm\/"},"modified":"2026-02-24T23:08:02","modified_gmt":"2026-02-24T23:08:02","slug":"bouee-de-sauvetage-homologuee-solas-75cm","status":"publish","type":"product","link":"https:\/\/stoic-curie.212-227-153-4.plesk.page\/fr\/product\/bouee-de-sauvetage-homologuee-solas-75cm\/","title":{"rendered":"Bou\u00e9e de Sauvetage Homologu\u00e9e SOLAS 75cm"},"content":{"rendered":"<p>Bou\u00e9e de Sauvetage Homologu\u00e9e SOLAS 75cm &#8211; Bou\u00e9e de sauvetage R.i.n.a. (0474)n. Approuv\u00e9 Ecc 42499. Solas 74\/83-e.c. 96\/98 &#8211; M.e.d. &#8211; Dm n\u00b0 385. Med 96\/98\/ec, Imo Res. Msc 81(70) Solas 74 avec bandes r\u00e9tro-r\u00e9fl\u00e9chissantes, structure en polyur\u00e9thane, remplie de mousse polyur\u00e9thane. Dimensions : \u00d8 externe env. 72 cm, \u00d8 interne env. 43,5 cm, Poids env. 2,5 kg.<\/p>\n","protected":false},"excerpt":{"rendered":"<p>Bou\u00e9e de Sauvetage Homologu\u00e9e SOLAS 75cm &#8211; Bou\u00e9e de sauvetage R.i.n.a. (0474)n. Approuv\u00e9 Ecc 42499. Solas 74\/83-e.c. 96\/98 &#8211; M.e.d.<\/p>\n","protected":false},"featured_media":5935687,"comment_status":"open","ping_status":"closed","template":"","meta":[],"product_brand":[2854],"product_cat":[1030],"product_tag":[],"class_list":{"0":"post-725792","1":"product","2":"type-product","3":"status-publish","4":"has-post-thumbnail","6":"product_brand-can-marine-fr","7":"product_cat-bouees-et-slings-de-sauvetage","9":"first","10":"instock","11":"shipping-taxable","12":"purchasable","13":"product-type-simple"},"_links":{"self":[{"href":"https:\/\/stoic-curie.212-227-153-4.plesk.page\/fr\/wp-json\/wp\/v2\/product\/725792","targetHints":{"allow":["GET"]}}],"collection":[{"href":"https:\/\/stoic-curie.212-227-153-4.plesk.page\/fr\/wp-json\/wp\/v2\/product"}],"about":[{"href":"https:\/\/stoic-curie.212-227-153-4.plesk.page\/fr\/wp-json\/wp\/v2\/types\/product"}],"replies":[{"embeddable":true,"href":"https:\/\/stoic-curie.212-227-153-4.plesk.page\/fr\/wp-json\/wp\/v2\/comments?post=725792"}],"version-history":[{"count":0,"href":"https:\/\/stoic-curie.212-227-153-4.plesk.page\/fr\/wp-json\/wp\/v2\/product\/725792\/revisions"}],"wp:featuredmedia":[{"embeddable":true,"href":"https:\/\/stoic-curie.212-227-153-4.plesk.page\/fr\/wp-json\/wp\/v2\/media\/5935687"}],"wp:attachment":[{"href":"https:\/\/stoic-curie.212-227-153-4.plesk.page\/fr\/wp-json\/wp\/v2\/media?parent=725792"}],"wp:term":[{"taxonomy":"product_brand","embeddable":true,"href":"https:\/\/stoic-curie.212-227-153-4.plesk.page\/fr\/wp-json\/wp\/v2\/product_brand?post=725792"},{"taxonomy":"product_cat","embeddable":true,"href":"https:\/\/stoic-curie.212-227-153-4.plesk.page\/fr\/wp-json\/wp\/v2\/product_cat?post=725792"},{"taxonomy":"product_tag","embeddable":true,"href":"https:\/\/stoic-curie.212-227-153-4.plesk.page\/fr\/wp-json\/wp\/v2\/product_tag?post=725792"}],"curies":[{"name":"wp","href":"https:\/\/api.w.org\/{rel}","templated":true}]}}