{"id":725794,"date":"2025-03-03T15:54:22","date_gmt":"2025-03-03T14:54:22","guid":{"rendered":"https:\/\/stoic-curie.212-227-153-4.plesk.page\/producto\/passe-coque-en-bronze-d-1-25-mm\/"},"modified":"2026-02-24T23:08:02","modified_gmt":"2026-02-24T23:08:02","slug":"passe-coque-en-bronze-d-1-25-mm","status":"publish","type":"product","link":"https:\/\/stoic-curie.212-227-153-4.plesk.page\/fr\/product\/passe-coque-en-bronze-d-1-25-mm\/","title":{"rendered":"Passe-coque en bronze, D\u00a01\u2019\u2019-25\u00a0mm"},"content":{"rendered":"<p>Passe-coque en bronze, D\u00a01\u2019\u2019-25\u00a0mm &#8211; <\/p>\n<p>Connecteur traversant en bronze \u00e0 t\u00eate de champignon filet\u00e9.<\/p>\n","protected":false},"excerpt":{"rendered":"<p>Passe-coque en bronze, D\u00a01\u2019\u2019-25\u00a0mm &#8211; Connecteur traversant en bronze \u00e0 t\u00eate de champignon filet\u00e9.<\/p>\n","protected":false},"featured_media":5935713,"comment_status":"open","ping_status":"closed","template":"","meta":[],"product_brand":[2994],"product_cat":[1092,1095],"product_tag":[],"class_list":{"0":"post-725794","1":"product","2":"type-product","3":"status-publish","4":"has-post-thumbnail","6":"product_brand-guidi-marine-fr","7":"product_cat-passe-coque","8":"product_cat-plomberie-en-bronze","10":"first","11":"instock","12":"shipping-taxable","13":"purchasable","14":"product-type-simple"},"_links":{"self":[{"href":"https:\/\/stoic-curie.212-227-153-4.plesk.page\/fr\/wp-json\/wp\/v2\/product\/725794","targetHints":{"allow":["GET"]}}],"collection":[{"href":"https:\/\/stoic-curie.212-227-153-4.plesk.page\/fr\/wp-json\/wp\/v2\/product"}],"about":[{"href":"https:\/\/stoic-curie.212-227-153-4.plesk.page\/fr\/wp-json\/wp\/v2\/types\/product"}],"replies":[{"embeddable":true,"href":"https:\/\/stoic-curie.212-227-153-4.plesk.page\/fr\/wp-json\/wp\/v2\/comments?post=725794"}],"version-history":[{"count":0,"href":"https:\/\/stoic-curie.212-227-153-4.plesk.page\/fr\/wp-json\/wp\/v2\/product\/725794\/revisions"}],"wp:featuredmedia":[{"embeddable":true,"href":"https:\/\/stoic-curie.212-227-153-4.plesk.page\/fr\/wp-json\/wp\/v2\/media\/5935713"}],"wp:attachment":[{"href":"https:\/\/stoic-curie.212-227-153-4.plesk.page\/fr\/wp-json\/wp\/v2\/media?parent=725794"}],"wp:term":[{"taxonomy":"product_brand","embeddable":true,"href":"https:\/\/stoic-curie.212-227-153-4.plesk.page\/fr\/wp-json\/wp\/v2\/product_brand?post=725794"},{"taxonomy":"product_cat","embeddable":true,"href":"https:\/\/stoic-curie.212-227-153-4.plesk.page\/fr\/wp-json\/wp\/v2\/product_cat?post=725794"},{"taxonomy":"product_tag","embeddable":true,"href":"https:\/\/stoic-curie.212-227-153-4.plesk.page\/fr\/wp-json\/wp\/v2\/product_tag?post=725794"}],"curies":[{"name":"wp","href":"https:\/\/api.w.org\/{rel}","templated":true}]}}