{"id":725797,"date":"2025-03-03T15:54:22","date_gmt":"2025-03-03T14:54:22","guid":{"rendered":"https:\/\/stoic-curie.212-227-153-4.plesk.page\/producto\/projecteur-noir-aqua-signal-hambourg-12v-50w\/"},"modified":"2026-02-24T23:08:02","modified_gmt":"2026-02-24T23:08:02","slug":"projecteur-noir-aqua-signal-hambourg-12v-50w","status":"publish","type":"product","link":"https:\/\/stoic-curie.212-227-153-4.plesk.page\/fr\/product\/projecteur-noir-aqua-signal-hambourg-12v-50w\/","title":{"rendered":"Projecteur Noir Aqua Signal Hambourg 12v 50w"},"content":{"rendered":"<p>Projecteur Noir Aqua Signal Hambourg 12v 50w &#8211; Projecteur Hamburg en plastique, \u00e9tanche et r\u00e9sistant \u00e0 l&#8217;eau de mer.<\/p>\n","protected":false},"excerpt":{"rendered":"<p>Projecteur Noir Aqua Signal Hambourg 12v 50w &#8211; Projecteur Hamburg en plastique, \u00e9tanche et r\u00e9sistant \u00e0 l&#8217;eau de mer.<\/p>\n","protected":false},"featured_media":5935721,"comment_status":"open","ping_status":"closed","template":"","meta":[],"product_brand":[2789],"product_cat":[1167,1160],"product_tag":[],"class_list":{"0":"post-725797","1":"product","2":"type-product","3":"status-publish","4":"has-post-thumbnail","6":"product_brand-aqua-signal-fr","7":"product_cat-feux-de-navigation","8":"product_cat-projecteurs","10":"first","11":"instock","12":"shipping-taxable","13":"purchasable","14":"product-type-simple"},"_links":{"self":[{"href":"https:\/\/stoic-curie.212-227-153-4.plesk.page\/fr\/wp-json\/wp\/v2\/product\/725797","targetHints":{"allow":["GET"]}}],"collection":[{"href":"https:\/\/stoic-curie.212-227-153-4.plesk.page\/fr\/wp-json\/wp\/v2\/product"}],"about":[{"href":"https:\/\/stoic-curie.212-227-153-4.plesk.page\/fr\/wp-json\/wp\/v2\/types\/product"}],"replies":[{"embeddable":true,"href":"https:\/\/stoic-curie.212-227-153-4.plesk.page\/fr\/wp-json\/wp\/v2\/comments?post=725797"}],"version-history":[{"count":0,"href":"https:\/\/stoic-curie.212-227-153-4.plesk.page\/fr\/wp-json\/wp\/v2\/product\/725797\/revisions"}],"wp:featuredmedia":[{"embeddable":true,"href":"https:\/\/stoic-curie.212-227-153-4.plesk.page\/fr\/wp-json\/wp\/v2\/media\/5935721"}],"wp:attachment":[{"href":"https:\/\/stoic-curie.212-227-153-4.plesk.page\/fr\/wp-json\/wp\/v2\/media?parent=725797"}],"wp:term":[{"taxonomy":"product_brand","embeddable":true,"href":"https:\/\/stoic-curie.212-227-153-4.plesk.page\/fr\/wp-json\/wp\/v2\/product_brand?post=725797"},{"taxonomy":"product_cat","embeddable":true,"href":"https:\/\/stoic-curie.212-227-153-4.plesk.page\/fr\/wp-json\/wp\/v2\/product_cat?post=725797"},{"taxonomy":"product_tag","embeddable":true,"href":"https:\/\/stoic-curie.212-227-153-4.plesk.page\/fr\/wp-json\/wp\/v2\/product_tag?post=725797"}],"curies":[{"name":"wp","href":"https:\/\/api.w.org\/{rel}","templated":true}]}}