{"id":725798,"date":"2025-03-03T15:54:23","date_gmt":"2025-03-03T14:54:23","guid":{"rendered":"https:\/\/stoic-curie.212-227-153-4.plesk.page\/producto\/projecteur-inox-aquasignal-island\/"},"modified":"2026-02-24T23:08:02","modified_gmt":"2026-02-24T23:08:02","slug":"projecteur-inox-aquasignal-island","status":"publish","type":"product","link":"https:\/\/stoic-curie.212-227-153-4.plesk.page\/fr\/product\/projecteur-inox-aquasignal-island\/","title":{"rendered":"Projecteur Inox Aquasignal Island"},"content":{"rendered":"<p>Projecteur Inox Aquasignal Island &#8211; \u00cele de projecteur, acier inoxydable peint en blanc. IP67, support articul\u00e9 pour r\u00e9glage. Alim12V &#8211; 100W, 24V &#8211; 200W, 220V &#8211; 100W (ampoule non incluse).<\/p>\n","protected":false},"excerpt":{"rendered":"<p>Projecteur Inox Aquasignal Island &#8211; \u00cele de projecteur, acier inoxydable peint en blanc. IP67, support articul\u00e9 pour r\u00e9glage. Alim12V &#8211;<\/p>\n","protected":false},"featured_media":5935723,"comment_status":"open","ping_status":"closed","template":"","meta":[],"product_brand":[2789],"product_cat":[1160],"product_tag":[],"class_list":{"0":"post-725798","1":"product","2":"type-product","3":"status-publish","4":"has-post-thumbnail","6":"product_brand-aqua-signal-fr","7":"product_cat-projecteurs","9":"first","10":"instock","11":"shipping-taxable","12":"purchasable","13":"product-type-simple"},"_links":{"self":[{"href":"https:\/\/stoic-curie.212-227-153-4.plesk.page\/fr\/wp-json\/wp\/v2\/product\/725798","targetHints":{"allow":["GET"]}}],"collection":[{"href":"https:\/\/stoic-curie.212-227-153-4.plesk.page\/fr\/wp-json\/wp\/v2\/product"}],"about":[{"href":"https:\/\/stoic-curie.212-227-153-4.plesk.page\/fr\/wp-json\/wp\/v2\/types\/product"}],"replies":[{"embeddable":true,"href":"https:\/\/stoic-curie.212-227-153-4.plesk.page\/fr\/wp-json\/wp\/v2\/comments?post=725798"}],"version-history":[{"count":0,"href":"https:\/\/stoic-curie.212-227-153-4.plesk.page\/fr\/wp-json\/wp\/v2\/product\/725798\/revisions"}],"wp:featuredmedia":[{"embeddable":true,"href":"https:\/\/stoic-curie.212-227-153-4.plesk.page\/fr\/wp-json\/wp\/v2\/media\/5935723"}],"wp:attachment":[{"href":"https:\/\/stoic-curie.212-227-153-4.plesk.page\/fr\/wp-json\/wp\/v2\/media?parent=725798"}],"wp:term":[{"taxonomy":"product_brand","embeddable":true,"href":"https:\/\/stoic-curie.212-227-153-4.plesk.page\/fr\/wp-json\/wp\/v2\/product_brand?post=725798"},{"taxonomy":"product_cat","embeddable":true,"href":"https:\/\/stoic-curie.212-227-153-4.plesk.page\/fr\/wp-json\/wp\/v2\/product_cat?post=725798"},{"taxonomy":"product_tag","embeddable":true,"href":"https:\/\/stoic-curie.212-227-153-4.plesk.page\/fr\/wp-json\/wp\/v2\/product_tag?post=725798"}],"curies":[{"name":"wp","href":"https:\/\/api.w.org\/{rel}","templated":true}]}}