{"id":725803,"date":"2025-03-03T15:54:23","date_gmt":"2025-03-03T14:54:23","guid":{"rendered":"https:\/\/stoic-curie.212-227-153-4.plesk.page\/producto\/gilet-flottant-de-sports-nautiques-jet-pro-80-n-70-kg\/"},"modified":"2026-02-24T23:08:02","modified_gmt":"2026-02-24T23:08:02","slug":"gilet-flottant-de-sports-nautiques-jet-pro-80-n-70-kg","status":"publish","type":"product","link":"https:\/\/stoic-curie.212-227-153-4.plesk.page\/fr\/product\/gilet-flottant-de-sports-nautiques-jet-pro-80-n-70-kg\/","title":{"rendered":"Gilet flottant de sports nautiques Jet-Pro 80\u00a0N, >70\u00a0kg"},"content":{"rendered":"<p>Gilet flottant de sports nautiques Jet-Pro 80\u00a0N, >70\u00a0kg &#8211; <\/p>\n<p>La veste de flottaison Jet-Pro ISO EN12402-5 approuv\u00e9e de 50N est adapt\u00e9e aux sports nautiques actifs tels que le ski nautique et le jet ski. Dot\u00e9e de protections rembourr\u00e9es au dos et sur les c\u00f4t\u00e9s et d&#8217;un syst\u00e8me d&#8217;ajustement avec 4 sangles et des boucles \u00e0 d\u00e9gagement rapide. 50N &#8211; Aide \u00e0 la flottaison et \u00e0 la natation. Ce n&#8217;est pas un gilet de sauvetage. Pour les nageurs r\u00e9guliers. \u00c0 utiliser pr\u00e8s du rivage.<\/p>\n","protected":false},"excerpt":{"rendered":"<p>Gilet flottant de sports nautiques Jet-Pro 80\u00a0N, >70\u00a0kg &#8211; La veste de flottaison Jet-Pro ISO EN12402-5 approuv\u00e9e de 50N est<\/p>\n","protected":false},"featured_media":5935781,"comment_status":"open","ping_status":"closed","template":"","meta":[],"product_brand":[3514,2193],"product_cat":[1029,1268],"product_tag":[],"class_list":{"0":"post-725803","1":"product","2":"type-product","3":"status-publish","4":"has-post-thumbnail","6":"product_brand-veleria-san-giorgio-fr","7":"product_brand-veleria-san-giorgio","8":"product_cat-gilets-bouyancy-aid","9":"product_cat-vestes-de-sport","11":"first","12":"instock","13":"shipping-taxable","14":"purchasable","15":"product-type-simple"},"_links":{"self":[{"href":"https:\/\/stoic-curie.212-227-153-4.plesk.page\/fr\/wp-json\/wp\/v2\/product\/725803","targetHints":{"allow":["GET"]}}],"collection":[{"href":"https:\/\/stoic-curie.212-227-153-4.plesk.page\/fr\/wp-json\/wp\/v2\/product"}],"about":[{"href":"https:\/\/stoic-curie.212-227-153-4.plesk.page\/fr\/wp-json\/wp\/v2\/types\/product"}],"replies":[{"embeddable":true,"href":"https:\/\/stoic-curie.212-227-153-4.plesk.page\/fr\/wp-json\/wp\/v2\/comments?post=725803"}],"version-history":[{"count":0,"href":"https:\/\/stoic-curie.212-227-153-4.plesk.page\/fr\/wp-json\/wp\/v2\/product\/725803\/revisions"}],"wp:featuredmedia":[{"embeddable":true,"href":"https:\/\/stoic-curie.212-227-153-4.plesk.page\/fr\/wp-json\/wp\/v2\/media\/5935781"}],"wp:attachment":[{"href":"https:\/\/stoic-curie.212-227-153-4.plesk.page\/fr\/wp-json\/wp\/v2\/media?parent=725803"}],"wp:term":[{"taxonomy":"product_brand","embeddable":true,"href":"https:\/\/stoic-curie.212-227-153-4.plesk.page\/fr\/wp-json\/wp\/v2\/product_brand?post=725803"},{"taxonomy":"product_cat","embeddable":true,"href":"https:\/\/stoic-curie.212-227-153-4.plesk.page\/fr\/wp-json\/wp\/v2\/product_cat?post=725803"},{"taxonomy":"product_tag","embeddable":true,"href":"https:\/\/stoic-curie.212-227-153-4.plesk.page\/fr\/wp-json\/wp\/v2\/product_tag?post=725803"}],"curies":[{"name":"wp","href":"https:\/\/api.w.org\/{rel}","templated":true}]}}