{"id":725804,"date":"2025-03-03T15:54:23","date_gmt":"2025-03-03T14:54:23","guid":{"rendered":"https:\/\/stoic-curie.212-227-153-4.plesk.page\/producto\/porte-canne-a-peche-en-laiton-chrome-h-350-mm-x-d-40-mm\/"},"modified":"2026-02-24T23:08:02","modified_gmt":"2026-02-24T23:08:02","slug":"porte-canne-a-peche-en-laiton-chrome-h-350-mm-x-d-40-mm","status":"publish","type":"product","link":"https:\/\/stoic-curie.212-227-153-4.plesk.page\/fr\/product\/porte-canne-a-peche-en-laiton-chrome-h-350-mm-x-d-40-mm\/","title":{"rendered":"Porte-canne \u00e0 p\u00eache en laiton chrom\u00e9, H\u00a0350\u00a0mm\u00a0x\u00a0D\u00a040\u00a0mm"},"content":{"rendered":"<p>Porte-canne \u00e0 p\u00eache en laiton chrom\u00e9, H\u00a0350\u00a0mm\u00a0x\u00a0D\u00a040\u00a0mm &#8211; <\/p>\n<p>Support de canne r\u00e9glable en laiton chrom\u00e9 avec manchon de protection en caoutchouc pour la canne.<\/p>\n","protected":false},"excerpt":{"rendered":"<p>Porte-canne \u00e0 p\u00eache en laiton chrom\u00e9, H\u00a0350\u00a0mm\u00a0x\u00a0D\u00a040\u00a0mm &#8211; Support de canne r\u00e9glable en laiton chrom\u00e9 avec manchon de protection en<\/p>\n","protected":false},"featured_media":5935802,"comment_status":"open","ping_status":"closed","template":"","meta":[],"product_brand":[2944],"product_cat":[1269,1106],"product_tag":[],"class_list":{"0":"post-725804","1":"product","2":"type-product","3":"status-publish","4":"has-post-thumbnail","6":"product_brand-foresti-suardi-fr","7":"product_cat-accessoires-de-peche-en-bateau","8":"product_cat-porte-cannes","10":"first","11":"instock","12":"shipping-taxable","13":"purchasable","14":"product-type-simple"},"_links":{"self":[{"href":"https:\/\/stoic-curie.212-227-153-4.plesk.page\/fr\/wp-json\/wp\/v2\/product\/725804","targetHints":{"allow":["GET"]}}],"collection":[{"href":"https:\/\/stoic-curie.212-227-153-4.plesk.page\/fr\/wp-json\/wp\/v2\/product"}],"about":[{"href":"https:\/\/stoic-curie.212-227-153-4.plesk.page\/fr\/wp-json\/wp\/v2\/types\/product"}],"replies":[{"embeddable":true,"href":"https:\/\/stoic-curie.212-227-153-4.plesk.page\/fr\/wp-json\/wp\/v2\/comments?post=725804"}],"version-history":[{"count":0,"href":"https:\/\/stoic-curie.212-227-153-4.plesk.page\/fr\/wp-json\/wp\/v2\/product\/725804\/revisions"}],"wp:featuredmedia":[{"embeddable":true,"href":"https:\/\/stoic-curie.212-227-153-4.plesk.page\/fr\/wp-json\/wp\/v2\/media\/5935802"}],"wp:attachment":[{"href":"https:\/\/stoic-curie.212-227-153-4.plesk.page\/fr\/wp-json\/wp\/v2\/media?parent=725804"}],"wp:term":[{"taxonomy":"product_brand","embeddable":true,"href":"https:\/\/stoic-curie.212-227-153-4.plesk.page\/fr\/wp-json\/wp\/v2\/product_brand?post=725804"},{"taxonomy":"product_cat","embeddable":true,"href":"https:\/\/stoic-curie.212-227-153-4.plesk.page\/fr\/wp-json\/wp\/v2\/product_cat?post=725804"},{"taxonomy":"product_tag","embeddable":true,"href":"https:\/\/stoic-curie.212-227-153-4.plesk.page\/fr\/wp-json\/wp\/v2\/product_tag?post=725804"}],"curies":[{"name":"wp","href":"https:\/\/api.w.org\/{rel}","templated":true}]}}