{"id":725806,"date":"2025-03-03T15:54:24","date_gmt":"2025-03-03T14:54:24","guid":{"rendered":"https:\/\/stoic-curie.212-227-153-4.plesk.page\/producto\/primaire-universel-sikaflex-multiprimer-250-ml\/"},"modified":"2026-02-24T23:08:02","modified_gmt":"2026-02-24T23:08:02","slug":"primaire-universel-sikaflex-multiprimer-250-ml","status":"publish","type":"product","link":"https:\/\/stoic-curie.212-227-153-4.plesk.page\/fr\/product\/primaire-universel-sikaflex-multiprimer-250-ml\/","title":{"rendered":"Primaire universel Sikaflex MultiPrimer, 250\u00a0ml"},"content":{"rendered":"<p>Primaire universel Sikaflex MultiPrimer, 250\u00a0ml &#8211; <\/p>\n<p>Un appr\u00eat qui peut \u00eatre utilis\u00e9 pour am\u00e9liorer l&#8217;adh\u00e9rence et l&#8217;efficacit\u00e9.<\/p>\n","protected":false},"excerpt":{"rendered":"<p>Primaire universel Sikaflex MultiPrimer, 250\u00a0ml &#8211; Un appr\u00eat qui peut \u00eatre utilis\u00e9 pour am\u00e9liorer l&#8217;adh\u00e9rence et l&#8217;efficacit\u00e9.<\/p>\n","protected":false},"featured_media":5935857,"comment_status":"open","ping_status":"closed","template":"","meta":[],"product_brand":[3394],"product_cat":[1063],"product_tag":[],"class_list":{"0":"post-725806","1":"product","2":"type-product","3":"status-publish","4":"has-post-thumbnail","6":"product_brand-sika-marine-fr","7":"product_cat-collage-et-etancheite","9":"first","10":"instock","11":"shipping-taxable","12":"purchasable","13":"product-type-simple"},"_links":{"self":[{"href":"https:\/\/stoic-curie.212-227-153-4.plesk.page\/fr\/wp-json\/wp\/v2\/product\/725806","targetHints":{"allow":["GET"]}}],"collection":[{"href":"https:\/\/stoic-curie.212-227-153-4.plesk.page\/fr\/wp-json\/wp\/v2\/product"}],"about":[{"href":"https:\/\/stoic-curie.212-227-153-4.plesk.page\/fr\/wp-json\/wp\/v2\/types\/product"}],"replies":[{"embeddable":true,"href":"https:\/\/stoic-curie.212-227-153-4.plesk.page\/fr\/wp-json\/wp\/v2\/comments?post=725806"}],"version-history":[{"count":0,"href":"https:\/\/stoic-curie.212-227-153-4.plesk.page\/fr\/wp-json\/wp\/v2\/product\/725806\/revisions"}],"wp:featuredmedia":[{"embeddable":true,"href":"https:\/\/stoic-curie.212-227-153-4.plesk.page\/fr\/wp-json\/wp\/v2\/media\/5935857"}],"wp:attachment":[{"href":"https:\/\/stoic-curie.212-227-153-4.plesk.page\/fr\/wp-json\/wp\/v2\/media?parent=725806"}],"wp:term":[{"taxonomy":"product_brand","embeddable":true,"href":"https:\/\/stoic-curie.212-227-153-4.plesk.page\/fr\/wp-json\/wp\/v2\/product_brand?post=725806"},{"taxonomy":"product_cat","embeddable":true,"href":"https:\/\/stoic-curie.212-227-153-4.plesk.page\/fr\/wp-json\/wp\/v2\/product_cat?post=725806"},{"taxonomy":"product_tag","embeddable":true,"href":"https:\/\/stoic-curie.212-227-153-4.plesk.page\/fr\/wp-json\/wp\/v2\/product_tag?post=725806"}],"curies":[{"name":"wp","href":"https:\/\/api.w.org\/{rel}","templated":true}]}}