{"id":725813,"date":"2025-03-03T15:54:25","date_gmt":"2025-03-03T14:54:25","guid":{"rendered":"https:\/\/stoic-curie.212-227-153-4.plesk.page\/producto\/telecommande-de-montee-descente-2-boutons-quick\/"},"modified":"2026-02-24T23:08:06","modified_gmt":"2026-02-24T23:08:06","slug":"telecommande-de-montee-descente-2-boutons-quick","status":"publish","type":"product","link":"https:\/\/stoic-curie.212-227-153-4.plesk.page\/fr\/product\/telecommande-de-montee-descente-2-boutons-quick\/","title":{"rendered":"T\u00e9l\u00e9commande de mont\u00e9e\/descente 2\u00a0boutons Quick"},"content":{"rendered":"<p>T\u00e9l\u00e9commande de mont\u00e9e\/descente 2\u00a0boutons Quick &#8211; <\/p>\n<p>Commande manuelle Up-Down avec un c\u00e2ble extensible de 4,2 m\u00e8tres. \u00c9tanche, avec une prise \u00e9tanche et un support. Alimentation universelle 12\/24V. Disponible avec ou sans lampe LED.<\/p>\n","protected":false},"excerpt":{"rendered":"<p>T\u00e9l\u00e9commande de mont\u00e9e\/descente 2\u00a0boutons Quick &#8211; Commande manuelle Up-Down avec un c\u00e2ble extensible de 4,2 m\u00e8tres. \u00c9tanche, avec une prise<\/p>\n","protected":false},"featured_media":5935910,"comment_status":"open","ping_status":"closed","template":"","meta":[],"product_brand":[3279],"product_cat":[1037],"product_tag":[],"class_list":{"0":"post-725813","1":"product","2":"type-product","3":"status-publish","4":"has-post-thumbnail","6":"product_brand-quick-fr","7":"product_cat-guindeaux-quick","9":"first","10":"instock","11":"shipping-taxable","12":"purchasable","13":"product-type-simple"},"_links":{"self":[{"href":"https:\/\/stoic-curie.212-227-153-4.plesk.page\/fr\/wp-json\/wp\/v2\/product\/725813","targetHints":{"allow":["GET"]}}],"collection":[{"href":"https:\/\/stoic-curie.212-227-153-4.plesk.page\/fr\/wp-json\/wp\/v2\/product"}],"about":[{"href":"https:\/\/stoic-curie.212-227-153-4.plesk.page\/fr\/wp-json\/wp\/v2\/types\/product"}],"replies":[{"embeddable":true,"href":"https:\/\/stoic-curie.212-227-153-4.plesk.page\/fr\/wp-json\/wp\/v2\/comments?post=725813"}],"version-history":[{"count":0,"href":"https:\/\/stoic-curie.212-227-153-4.plesk.page\/fr\/wp-json\/wp\/v2\/product\/725813\/revisions"}],"wp:featuredmedia":[{"embeddable":true,"href":"https:\/\/stoic-curie.212-227-153-4.plesk.page\/fr\/wp-json\/wp\/v2\/media\/5935910"}],"wp:attachment":[{"href":"https:\/\/stoic-curie.212-227-153-4.plesk.page\/fr\/wp-json\/wp\/v2\/media?parent=725813"}],"wp:term":[{"taxonomy":"product_brand","embeddable":true,"href":"https:\/\/stoic-curie.212-227-153-4.plesk.page\/fr\/wp-json\/wp\/v2\/product_brand?post=725813"},{"taxonomy":"product_cat","embeddable":true,"href":"https:\/\/stoic-curie.212-227-153-4.plesk.page\/fr\/wp-json\/wp\/v2\/product_cat?post=725813"},{"taxonomy":"product_tag","embeddable":true,"href":"https:\/\/stoic-curie.212-227-153-4.plesk.page\/fr\/wp-json\/wp\/v2\/product_tag?post=725813"}],"curies":[{"name":"wp","href":"https:\/\/api.w.org\/{rel}","templated":true}]}}