{"id":725820,"date":"2025-03-03T15:54:26","date_gmt":"2025-03-03T14:54:26","guid":{"rendered":"https:\/\/stoic-curie.212-227-153-4.plesk.page\/producto\/refrigerateur-12-24-v-c51i-vitrifrigo-51-l\/"},"modified":"2026-02-24T23:08:06","modified_gmt":"2026-02-24T23:08:06","slug":"refrigerateur-12-24-v-c51i-vitrifrigo-51-l","status":"publish","type":"product","link":"https:\/\/stoic-curie.212-227-153-4.plesk.page\/fr\/product\/refrigerateur-12-24-v-c51i-vitrifrigo-51-l\/","title":{"rendered":"R\u00e9frig\u00e9rateur Vitrifrigo C51i"},"content":{"rendered":"<p>R\u00e9frig\u00e9rateur Vitrifrigo C51i &#8211; <\/p>\n<p>R\u00e9frig\u00e9rateur-cong\u00e9lateur, C51i CHR, Gris, Vitrifrigo<\/p>\n<p>Le r\u00e9frig\u00e9rateur Vitrifrigo C51i CHR est \u00e9quip\u00e9 d`une unit\u00e9 de refroidissement Danfoss interne 12\/24V et d`une porte r\u00e9versible qui peut \u00eatre positionn\u00e9e pour la ventilation lorsqu`elle n`est pas utilis\u00e9e. Il est \u00e9galement dot\u00e9 d`un \u00e9clairage LED et d`un thermostat m\u00e9canique pour un contr\u00f4le facile de la temp\u00e9rature.<\/p>\n<p>Le mod\u00e8le C51i est con\u00e7u pour s`adapter aux tailles standard des bateaux am\u00e9ricains. Ce r\u00e9frig\u00e9rateur-cong\u00e9lateur a une capacit\u00e9 totale de 51 litres, dont 3,6 litres sont r\u00e9serv\u00e9s au compartiment cong\u00e9lateur. L`unit\u00e9 de refroidissement est int\u00e9gr\u00e9e \u00e0 l`int\u00e9rieur pour un design \u00e9l\u00e9gant.<\/p>\n<p>Parmi ses caract\u00e9ristiques notables, on trouve une porte en gris lamell\u00e9 avec un m\u00e9canisme de verrouillage \u00e0 enclenchement pour \u00e9viter les ouvertures accidentelles. De plus, la porte poss\u00e8de un syst\u00e8me innovant de &#8220;position de ventilation&#8221; int\u00e9gr\u00e9 \u00e0 la poign\u00e9e, permettant une ouverture partielle lorsqu`elle n`est pas utilis\u00e9e. Cette fonction aide \u00e0 pr\u00e9venir la moisissure et les odeurs ind\u00e9sirables tout en am\u00e9liorant la conservation des aliments.<\/p>\n<p>Sp\u00e9cifications :<\/p>\n<ul>\n<li>Finition de la porte : Laminate<\/li>\n<li>Capacit\u00e9 : 51 litres<\/li>\n<li>Hauteur : 532 mm<\/li>\n<li>Longueur : 380 mm<\/li>\n<li>Profondeur : 514 mm<\/li>\n<li>Poids : 16 kg<\/li>\n<li>S\u00e9rie : CHROMELOCK<\/li>\n<li>Porte r\u00e9versible : Oui<\/li>\n<li>Thermostat : M\u00e9canique<\/li>\n<li>Technologie de r\u00e9frig\u00e9ration : Compresseur<\/li>\n<li>Unit\u00e9 de refroidissement : Interne<\/li>\n<li>Ouverture de la porte : Porte avant simple<\/li>\n<li>Tension : 12\/24 VDC<\/li>\n<\/ul>\n","protected":false},"excerpt":{"rendered":"<p>R\u00e9frig\u00e9rateur Vitrifrigo C51i &#8211; R\u00e9frig\u00e9rateur-cong\u00e9lateur, C51i CHR, Gris, Vitrifrigo Le r\u00e9frig\u00e9rateur Vitrifrigo C51i CHR est \u00e9quip\u00e9 d`une unit\u00e9 de refroidissement<\/p>\n","protected":false},"featured_media":5935947,"comment_status":"open","ping_status":"closed","template":"","meta":[],"product_brand":[3524],"product_cat":[1177],"product_tag":[],"class_list":{"0":"post-725820","1":"product","2":"type-product","3":"status-publish","4":"has-post-thumbnail","6":"product_brand-vitrifrigo-fr","7":"product_cat-refrigerateurs-et-congelateurs","9":"first","10":"instock","11":"shipping-taxable","12":"purchasable","13":"product-type-simple"},"_links":{"self":[{"href":"https:\/\/stoic-curie.212-227-153-4.plesk.page\/fr\/wp-json\/wp\/v2\/product\/725820","targetHints":{"allow":["GET"]}}],"collection":[{"href":"https:\/\/stoic-curie.212-227-153-4.plesk.page\/fr\/wp-json\/wp\/v2\/product"}],"about":[{"href":"https:\/\/stoic-curie.212-227-153-4.plesk.page\/fr\/wp-json\/wp\/v2\/types\/product"}],"replies":[{"embeddable":true,"href":"https:\/\/stoic-curie.212-227-153-4.plesk.page\/fr\/wp-json\/wp\/v2\/comments?post=725820"}],"version-history":[{"count":0,"href":"https:\/\/stoic-curie.212-227-153-4.plesk.page\/fr\/wp-json\/wp\/v2\/product\/725820\/revisions"}],"wp:featuredmedia":[{"embeddable":true,"href":"https:\/\/stoic-curie.212-227-153-4.plesk.page\/fr\/wp-json\/wp\/v2\/media\/5935947"}],"wp:attachment":[{"href":"https:\/\/stoic-curie.212-227-153-4.plesk.page\/fr\/wp-json\/wp\/v2\/media?parent=725820"}],"wp:term":[{"taxonomy":"product_brand","embeddable":true,"href":"https:\/\/stoic-curie.212-227-153-4.plesk.page\/fr\/wp-json\/wp\/v2\/product_brand?post=725820"},{"taxonomy":"product_cat","embeddable":true,"href":"https:\/\/stoic-curie.212-227-153-4.plesk.page\/fr\/wp-json\/wp\/v2\/product_cat?post=725820"},{"taxonomy":"product_tag","embeddable":true,"href":"https:\/\/stoic-curie.212-227-153-4.plesk.page\/fr\/wp-json\/wp\/v2\/product_tag?post=725820"}],"curies":[{"name":"wp","href":"https:\/\/api.w.org\/{rel}","templated":true}]}}