{"id":725821,"date":"2025-03-03T15:54:26","date_gmt":"2025-03-03T14:54:26","guid":{"rendered":"https:\/\/stoic-curie.212-227-153-4.plesk.page\/producto\/refrigerateur-12-24-v-c60i-en-vitrifrigo-60-l\/"},"modified":"2026-02-24T23:08:06","modified_gmt":"2026-02-24T23:08:06","slug":"refrigerateur-12-24-v-c60i-en-vitrifrigo-60-l","status":"publish","type":"product","link":"https:\/\/stoic-curie.212-227-153-4.plesk.page\/fr\/product\/refrigerateur-12-24-v-c60i-en-vitrifrigo-60-l\/","title":{"rendered":"R\u00e9frig\u00e9rateur Vitrifrigo C60i"},"content":{"rendered":"<p>R\u00e9frig\u00e9rateur Vitrifrigo C60i &#8211; <\/p>\n<p>R\u00e9frig\u00e9rateur-cong\u00e9lateur, C60iA Airlock, Gris, Vitrifrigo. Les r\u00e9frig\u00e9rateurs Vitrifrigo fonctionnent avec une unit\u00e9 de refroidissement Danfoss interne en 12\/24V et disposent d&#8217;une porte r\u00e9versible qui peut \u00eatre r\u00e9gl\u00e9e sur une position de ventilation lorsque l&#8217;appareil n&#8217;est pas utilis\u00e9. Chaque unit\u00e9 est livr\u00e9e avec un \u00e9clairage LED et un thermostat m\u00e9canique.<\/p>\n<p>Le r\u00e9frig\u00e9rateur-cong\u00e9lateur Airlock C60iA CHR de la s\u00e9rie Airlock est un excellent choix, offrant une capacit\u00e9 totale de 60 litres, avec un compartiment cong\u00e9lateur optionnel de 10,2 litres.<\/p>\n<p>Ce mod\u00e8le comprend un \u00e9vaporateur de stockage \u00e0 froid qui peut maintenir la bonne temp\u00e9rature pendant une certaine p\u00e9riode sans d\u00e9pendre du compresseur, et l&#8217;unit\u00e9 de r\u00e9frig\u00e9ration est int\u00e9gr\u00e9e \u00e0 l&#8217;int\u00e9rieur de l&#8217;appareil.<\/p>\n<p>Les caract\u00e9ristiques notables incluent une porte gris panelable avec un verrouillage \u00e0 pression con\u00e7u pour \u00e9viter les ouvertures accidentelles. La poign\u00e9e de la porte dispose \u00e9galement d&#8217;un syst\u00e8me int\u00e9gr\u00e9 de &#8220;position de ventilation&#8221;, permettant une ouverture partielle lors des p\u00e9riodes d&#8217;inactivit\u00e9. Cette caract\u00e9ristique contribue \u00e0 pr\u00e9venir la moisissure et les odeurs ind\u00e9sirables tout en assurant une conservation optimale des aliments.<\/p>\n<p><strong>Sp\u00e9cifications :<\/strong><\/p>\n<ul>\n<li><strong>Finition de la porte :<\/strong> Stratifi\u00e9<\/li>\n<li><strong>Capacit\u00e9 :<\/strong> 60,00 litres<\/li>\n<li><strong>Hauteur :<\/strong> 622,00 mm<\/li>\n<li><strong>Longueur :<\/strong> 470,00 mm<\/li>\n<li><strong>Profondeur :<\/strong> 457,00 mm<\/li>\n<li><strong>S\u00e9rie :<\/strong> AIRLOCK<\/li>\n<li><strong>Porte r\u00e9versible :<\/strong> Oui<\/li>\n<li><strong>Thermostat :<\/strong> M\u00e9canique<\/li>\n<li><strong>Technologie de r\u00e9frig\u00e9ration :<\/strong> Compresseur<\/li>\n<li><strong>Unit\u00e9 de refroidissement :<\/strong> Interne<\/li>\n<li><strong>Ouverture de porte :<\/strong> Porte avant simple<\/li>\n<li><strong>Tension :<\/strong> 12\/24 VDC<\/li>\n<\/ul>\n","protected":false},"excerpt":{"rendered":"<p>R\u00e9frig\u00e9rateur Vitrifrigo C60i &#8211; R\u00e9frig\u00e9rateur-cong\u00e9lateur, C60iA Airlock, Gris, Vitrifrigo. Les r\u00e9frig\u00e9rateurs Vitrifrigo fonctionnent avec une unit\u00e9 de refroidissement Danfoss interne<\/p>\n","protected":false},"featured_media":5935950,"comment_status":"open","ping_status":"closed","template":"","meta":[],"product_brand":[3524],"product_cat":[1177],"product_tag":[],"class_list":{"0":"post-725821","1":"product","2":"type-product","3":"status-publish","4":"has-post-thumbnail","6":"product_brand-vitrifrigo-fr","7":"product_cat-refrigerateurs-et-congelateurs","9":"first","10":"instock","11":"shipping-taxable","12":"purchasable","13":"product-type-simple"},"_links":{"self":[{"href":"https:\/\/stoic-curie.212-227-153-4.plesk.page\/fr\/wp-json\/wp\/v2\/product\/725821","targetHints":{"allow":["GET"]}}],"collection":[{"href":"https:\/\/stoic-curie.212-227-153-4.plesk.page\/fr\/wp-json\/wp\/v2\/product"}],"about":[{"href":"https:\/\/stoic-curie.212-227-153-4.plesk.page\/fr\/wp-json\/wp\/v2\/types\/product"}],"replies":[{"embeddable":true,"href":"https:\/\/stoic-curie.212-227-153-4.plesk.page\/fr\/wp-json\/wp\/v2\/comments?post=725821"}],"version-history":[{"count":0,"href":"https:\/\/stoic-curie.212-227-153-4.plesk.page\/fr\/wp-json\/wp\/v2\/product\/725821\/revisions"}],"wp:featuredmedia":[{"embeddable":true,"href":"https:\/\/stoic-curie.212-227-153-4.plesk.page\/fr\/wp-json\/wp\/v2\/media\/5935950"}],"wp:attachment":[{"href":"https:\/\/stoic-curie.212-227-153-4.plesk.page\/fr\/wp-json\/wp\/v2\/media?parent=725821"}],"wp:term":[{"taxonomy":"product_brand","embeddable":true,"href":"https:\/\/stoic-curie.212-227-153-4.plesk.page\/fr\/wp-json\/wp\/v2\/product_brand?post=725821"},{"taxonomy":"product_cat","embeddable":true,"href":"https:\/\/stoic-curie.212-227-153-4.plesk.page\/fr\/wp-json\/wp\/v2\/product_cat?post=725821"},{"taxonomy":"product_tag","embeddable":true,"href":"https:\/\/stoic-curie.212-227-153-4.plesk.page\/fr\/wp-json\/wp\/v2\/product_tag?post=725821"}],"curies":[{"name":"wp","href":"https:\/\/api.w.org\/{rel}","templated":true}]}}