{"id":725822,"date":"2025-03-03T15:54:26","date_gmt":"2025-03-03T14:54:26","guid":{"rendered":"https:\/\/stoic-curie.212-227-153-4.plesk.page\/producto\/refrigerateur-12-24-v-c85i-en-vitrifrigo-85-l\/"},"modified":"2026-02-24T23:08:06","modified_gmt":"2026-02-24T23:08:06","slug":"refrigerateur-12-24-v-c85i-en-vitrifrigo-85-l","status":"publish","type":"product","link":"https:\/\/stoic-curie.212-227-153-4.plesk.page\/fr\/product\/refrigerateur-12-24-v-c85i-en-vitrifrigo-85-l\/","title":{"rendered":"R\u00e9frig\u00e9rateur Vitrifrigo C85i"},"content":{"rendered":"<p>R\u00e9frig\u00e9rateur Vitrifrigo C85i &#8211; <\/p>\n<p style=\"color: rgb(34, 34, 34); font-family: Arial, Helvetica, sans-serif; font-size: small;\">Nous vous pr\u00e9sentons le C85i CHR R\u00e9frig\u00e9rateur-Cong\u00e9lateur de Vitrifrigo, con\u00e7u dans une finition grise \u00e9l\u00e9gante. Cet appareil dispose d&#8217;un syst\u00e8me de refroidissement interne Danfoss 12\/24V et d&#8217;une porte r\u00e9versible pouvant \u00eatre ajust\u00e9e pour la ventilation lors de la non-utilisation. Il est \u00e9quip\u00e9 d&#8217;un \u00e9clairage LED et d&#8217;un thermostat m\u00e9canique pour un contr\u00f4le facile de la temp\u00e9rature.<\/p>\n<p style=\"color: rgb(34, 34, 34); font-family: Arial, Helvetica, sans-serif; font-size: small;\">Le C85i CHR offre une capacit\u00e9 totale de 85 litres, avec un compartiment cong\u00e9lateur en option qui offre 12,8 litres d&#8217;espace suppl\u00e9mentaire. L&#8217;unit\u00e9 de r\u00e9frig\u00e9ration est ais\u00e9ment plac\u00e9e \u00e0 l&#8217;int\u00e9rieur de l&#8217;appareil.<\/p>\n<p style=\"color: rgb(34, 34, 34); font-family: Arial, Helvetica, sans-serif; font-size: small;\">Les caract\u00e9ristiques cl\u00e9s incluent une porte en panneau gris avec un syst\u00e8me de fermeture \u00e0 encliqueter, qui aide \u00e0 \u00e9viter les ouvertures accidentelles. La porte dispose \u00e9galement d&#8217;un syst\u00e8me innovant de &#8220;position de ventilation&#8221; int\u00e9gr\u00e9 \u00e0 la poign\u00e9e, permettant une ouverture partielle lorsqu&#8217;elle n&#8217;est pas utilis\u00e9e. Ce design contribue \u00e0 r\u00e9duire la moisissure et les odeurs ind\u00e9sirables tout en am\u00e9liorant la conservation des aliments.<\/p>\n<p style=\"color: rgb(34, 34, 34); font-family: Arial, Helvetica, sans-serif; font-size: small;\"><strong>Sp\u00e9cifications :<\/strong><\/p>\n<ul style=\"color: rgb(34, 34, 34); font-family: Arial, Helvetica, sans-serif; font-size: small;\">\n<li><strong>Finition de la porte :<\/strong>\u00a0Stratifi\u00e9<\/li>\n<li><strong>Capacit\u00e9 totale :<\/strong>\u00a085 litres<\/li>\n<li><strong>Hauteur :<\/strong>\u00a0792 mm<\/li>\n<li><strong>Longueur :<\/strong>\u00a0485 mm<\/li>\n<li><strong>Profondeur :<\/strong>\u00a0466 mm<\/li>\n<li><strong>Poids :<\/strong>\u00a023,30 kg<\/li>\n<li><strong>S\u00e9rie :<\/strong>\u00a0Chromelock<\/li>\n<li><strong>Porte r\u00e9versible :<\/strong>\u00a0Oui<\/li>\n<li><strong>Thermostat :<\/strong>\u00a0M\u00e9canique<\/li>\n<li><strong>Technologie de refroidissement :<\/strong>\u00a0Compresseur<\/li>\n<li><strong>Unit\u00e9 de refroidissement :<\/strong>\u00a0Interne<\/li>\n<li><strong>Ouverture de porte :<\/strong>\u00a0Porte frontale simple<\/li>\n<li><strong>Voltage :<\/strong>\u00a012\/24 VDC<\/li>\n<\/ul>\n<p style=\"color: rgb(34, 34, 34); font-family: Arial, Helvetica, sans-serif; font-size: small;\">Ce r\u00e9frig\u00e9rateur-cong\u00e9lateur est un excellent choix pour ceux qui recherchent des solutions de refroidissement fiables et efficaces pour leurs besoins nautiques.<\/p>\n","protected":false},"excerpt":{"rendered":"<p>R\u00e9frig\u00e9rateur Vitrifrigo C85i &#8211; Nous vous pr\u00e9sentons le C85i CHR R\u00e9frig\u00e9rateur-Cong\u00e9lateur de Vitrifrigo, con\u00e7u dans une finition grise \u00e9l\u00e9gante. Cet<\/p>\n","protected":false},"featured_media":5935961,"comment_status":"open","ping_status":"closed","template":"","meta":[],"product_brand":[3524],"product_cat":[1177],"product_tag":[],"class_list":{"0":"post-725822","1":"product","2":"type-product","3":"status-publish","4":"has-post-thumbnail","6":"product_brand-vitrifrigo-fr","7":"product_cat-refrigerateurs-et-congelateurs","9":"first","10":"instock","11":"shipping-taxable","12":"purchasable","13":"product-type-simple"},"_links":{"self":[{"href":"https:\/\/stoic-curie.212-227-153-4.plesk.page\/fr\/wp-json\/wp\/v2\/product\/725822","targetHints":{"allow":["GET"]}}],"collection":[{"href":"https:\/\/stoic-curie.212-227-153-4.plesk.page\/fr\/wp-json\/wp\/v2\/product"}],"about":[{"href":"https:\/\/stoic-curie.212-227-153-4.plesk.page\/fr\/wp-json\/wp\/v2\/types\/product"}],"replies":[{"embeddable":true,"href":"https:\/\/stoic-curie.212-227-153-4.plesk.page\/fr\/wp-json\/wp\/v2\/comments?post=725822"}],"version-history":[{"count":0,"href":"https:\/\/stoic-curie.212-227-153-4.plesk.page\/fr\/wp-json\/wp\/v2\/product\/725822\/revisions"}],"wp:featuredmedia":[{"embeddable":true,"href":"https:\/\/stoic-curie.212-227-153-4.plesk.page\/fr\/wp-json\/wp\/v2\/media\/5935961"}],"wp:attachment":[{"href":"https:\/\/stoic-curie.212-227-153-4.plesk.page\/fr\/wp-json\/wp\/v2\/media?parent=725822"}],"wp:term":[{"taxonomy":"product_brand","embeddable":true,"href":"https:\/\/stoic-curie.212-227-153-4.plesk.page\/fr\/wp-json\/wp\/v2\/product_brand?post=725822"},{"taxonomy":"product_cat","embeddable":true,"href":"https:\/\/stoic-curie.212-227-153-4.plesk.page\/fr\/wp-json\/wp\/v2\/product_cat?post=725822"},{"taxonomy":"product_tag","embeddable":true,"href":"https:\/\/stoic-curie.212-227-153-4.plesk.page\/fr\/wp-json\/wp\/v2\/product_tag?post=725822"}],"curies":[{"name":"wp","href":"https:\/\/api.w.org\/{rel}","templated":true}]}}