{"id":725823,"date":"2025-03-03T15:54:26","date_gmt":"2025-03-03T14:54:26","guid":{"rendered":"https:\/\/stoic-curie.212-227-153-4.plesk.page\/producto\/convertisseur-de-courant-220-v-ca-a-12-24-v-cc-vitrifrigo\/"},"modified":"2026-02-24T23:08:06","modified_gmt":"2026-02-24T23:08:06","slug":"convertisseur-de-courant-220-v-ca-a-12-24-v-cc-vitrifrigo","status":"publish","type":"product","link":"https:\/\/stoic-curie.212-227-153-4.plesk.page\/fr\/product\/convertisseur-de-courant-220-v-ca-a-12-24-v-cc-vitrifrigo\/","title":{"rendered":"Convertisseur de courant 220\u00a0V\u00a0CA \u00e0 12\/24\u00a0V\u00a0CC Vitrifrigo"},"content":{"rendered":"<p>Convertisseur de courant 220\u00a0V\u00a0CA \u00e0 12\/24\u00a0V\u00a0CC Vitrifrigo &#8211; <\/p>\n<p>Adaptateur d&#8217;alimentation 220V pour r\u00e9frig\u00e9rateurs \u00e0 courant continu \u00e0 double tension 12\/24V. Prot\u00e8ge contre les surtensions. Non compatible avec les r\u00e9frig\u00e9rateurs ne fonctionnant qu&#8217;\u00e0 12V.<\/p>\n","protected":false},"excerpt":{"rendered":"<p>Convertisseur de courant 220\u00a0V\u00a0CA \u00e0 12\/24\u00a0V\u00a0CC Vitrifrigo &#8211; Adaptateur d&#8217;alimentation 220V pour r\u00e9frig\u00e9rateurs \u00e0 courant continu \u00e0 double tension 12\/24V.<\/p>\n","protected":false},"featured_media":5935967,"comment_status":"open","ping_status":"closed","template":"","meta":[],"product_brand":[3524],"product_cat":[1168,1177],"product_tag":[],"class_list":{"0":"post-725823","1":"product","2":"type-product","3":"status-publish","4":"has-post-thumbnail","6":"product_brand-vitrifrigo-fr","7":"product_cat-inverseurs-electriques","8":"product_cat-refrigerateurs-et-congelateurs","10":"first","11":"instock","12":"shipping-taxable","13":"purchasable","14":"product-type-simple"},"_links":{"self":[{"href":"https:\/\/stoic-curie.212-227-153-4.plesk.page\/fr\/wp-json\/wp\/v2\/product\/725823","targetHints":{"allow":["GET"]}}],"collection":[{"href":"https:\/\/stoic-curie.212-227-153-4.plesk.page\/fr\/wp-json\/wp\/v2\/product"}],"about":[{"href":"https:\/\/stoic-curie.212-227-153-4.plesk.page\/fr\/wp-json\/wp\/v2\/types\/product"}],"replies":[{"embeddable":true,"href":"https:\/\/stoic-curie.212-227-153-4.plesk.page\/fr\/wp-json\/wp\/v2\/comments?post=725823"}],"version-history":[{"count":0,"href":"https:\/\/stoic-curie.212-227-153-4.plesk.page\/fr\/wp-json\/wp\/v2\/product\/725823\/revisions"}],"wp:featuredmedia":[{"embeddable":true,"href":"https:\/\/stoic-curie.212-227-153-4.plesk.page\/fr\/wp-json\/wp\/v2\/media\/5935967"}],"wp:attachment":[{"href":"https:\/\/stoic-curie.212-227-153-4.plesk.page\/fr\/wp-json\/wp\/v2\/media?parent=725823"}],"wp:term":[{"taxonomy":"product_brand","embeddable":true,"href":"https:\/\/stoic-curie.212-227-153-4.plesk.page\/fr\/wp-json\/wp\/v2\/product_brand?post=725823"},{"taxonomy":"product_cat","embeddable":true,"href":"https:\/\/stoic-curie.212-227-153-4.plesk.page\/fr\/wp-json\/wp\/v2\/product_cat?post=725823"},{"taxonomy":"product_tag","embeddable":true,"href":"https:\/\/stoic-curie.212-227-153-4.plesk.page\/fr\/wp-json\/wp\/v2\/product_tag?post=725823"}],"curies":[{"name":"wp","href":"https:\/\/api.w.org\/{rel}","templated":true}]}}