{"id":725826,"date":"2025-03-03T15:54:26","date_gmt":"2025-03-03T14:54:26","guid":{"rendered":"https:\/\/stoic-curie.212-227-153-4.plesk.page\/producto\/wc-manuel-rm69-regata\/"},"modified":"2026-02-24T23:08:06","modified_gmt":"2026-02-24T23:08:06","slug":"wc-manuel-rm69-regata","status":"publish","type":"product","link":"https:\/\/stoic-curie.212-227-153-4.plesk.page\/fr\/product\/wc-manuel-rm69-regata\/","title":{"rendered":"WC manuel RM69 Regata"},"content":{"rendered":"<p>WC manuel RM69 Regata &#8211; <\/p>\n<p>S\u00fbr et facile \u00e0 installer. Entr\u00e9e \u00d8 20 mm (3\/4 pouce), sortie \u00d8 38 mm (1 pouce 1\/2).<\/p>\n","protected":false},"excerpt":{"rendered":"<p>WC manuel RM69 Regata &#8211; S\u00fbr et facile \u00e0 installer. Entr\u00e9e \u00d8 20 mm (3\/4 pouce), sortie \u00d8 38 mm<\/p>\n","protected":false},"featured_media":5935974,"comment_status":"open","ping_status":"closed","template":"","meta":[],"product_brand":[3309],"product_cat":[1101],"product_tag":[],"class_list":{"0":"post-725826","1":"product","2":"type-product","3":"status-publish","4":"has-post-thumbnail","6":"product_brand-rm69-fr","7":"product_cat-toilettes-marines","9":"first","10":"instock","11":"shipping-taxable","12":"purchasable","13":"product-type-simple"},"_links":{"self":[{"href":"https:\/\/stoic-curie.212-227-153-4.plesk.page\/fr\/wp-json\/wp\/v2\/product\/725826","targetHints":{"allow":["GET"]}}],"collection":[{"href":"https:\/\/stoic-curie.212-227-153-4.plesk.page\/fr\/wp-json\/wp\/v2\/product"}],"about":[{"href":"https:\/\/stoic-curie.212-227-153-4.plesk.page\/fr\/wp-json\/wp\/v2\/types\/product"}],"replies":[{"embeddable":true,"href":"https:\/\/stoic-curie.212-227-153-4.plesk.page\/fr\/wp-json\/wp\/v2\/comments?post=725826"}],"version-history":[{"count":0,"href":"https:\/\/stoic-curie.212-227-153-4.plesk.page\/fr\/wp-json\/wp\/v2\/product\/725826\/revisions"}],"wp:featuredmedia":[{"embeddable":true,"href":"https:\/\/stoic-curie.212-227-153-4.plesk.page\/fr\/wp-json\/wp\/v2\/media\/5935974"}],"wp:attachment":[{"href":"https:\/\/stoic-curie.212-227-153-4.plesk.page\/fr\/wp-json\/wp\/v2\/media?parent=725826"}],"wp:term":[{"taxonomy":"product_brand","embeddable":true,"href":"https:\/\/stoic-curie.212-227-153-4.plesk.page\/fr\/wp-json\/wp\/v2\/product_brand?post=725826"},{"taxonomy":"product_cat","embeddable":true,"href":"https:\/\/stoic-curie.212-227-153-4.plesk.page\/fr\/wp-json\/wp\/v2\/product_cat?post=725826"},{"taxonomy":"product_tag","embeddable":true,"href":"https:\/\/stoic-curie.212-227-153-4.plesk.page\/fr\/wp-json\/wp\/v2\/product_tag?post=725826"}],"curies":[{"name":"wp","href":"https:\/\/api.w.org\/{rel}","templated":true}]}}