{"id":725833,"date":"2025-03-03T15:54:27","date_gmt":"2025-03-03T14:54:27","guid":{"rendered":"https:\/\/stoic-curie.212-227-153-4.plesk.page\/producto\/wc-marin-electrique-12-v-ocean-luxury-bas\/"},"modified":"2026-02-24T23:08:06","modified_gmt":"2026-02-24T23:08:06","slug":"wc-marin-electrique-12-v-ocean-luxury-bas","status":"publish","type":"product","link":"https:\/\/stoic-curie.212-227-153-4.plesk.page\/fr\/product\/wc-marin-electrique-12-v-ocean-luxury-bas\/","title":{"rendered":"WC Ocean Luxury Standard 12 v H385mm"},"content":{"rendered":"<p>WC Ocean Luxury Standard 12 v H385mm &#8211; <\/p>\n<p style=\"color: rgb(34, 34, 34); font-family: Arial, Helvetica, sans-serif; font-size: small;\">Toilette \u00c9lectrique Ocean Luxury Standard 12 v H385mm. Nous sommes ravis de vous pr\u00e9senter la Toilette Ocean Luxury Standard, un parfait m\u00e9lange d&#8217;\u00e9l\u00e9gance et de fonctionnalit\u00e9 pour votre maison. Cette toilette dispose d&#8217;une gamme impressionnante de caract\u00e9ristiques :<\/p>\n<ul style=\"color: rgb(34, 34, 34); font-family: Arial, Helvetica, sans-serif; font-size: small;\">\n<li>Confort exceptionnel qui rappelle le foyer<\/li>\n<li>Faible consommation d&#8217;eau<\/li>\n<li>Contr\u00f4le automatique de l&#8217;apport et de l&#8217;\u00e9vacuation de l&#8217;eau<\/li>\n<li>Pompe int\u00e9gr\u00e9e pour l&#8217;\u00e9vacuation des d\u00e9chets sans effort<\/li>\n<li>Panneau de contr\u00f4le num\u00e9rique convivial<\/li>\n<li>Si\u00e8ge en Duroplast durable avec charni\u00e8res \u00e0 fermeture douce<\/li>\n<li>Mat\u00e9riaux r\u00e9sistants aux chocs et \u00e0 la rouille<\/li>\n<li>Vanne anti-retour pour une efficacit\u00e9 accrue<\/li>\n<li>Capacit\u00e9 d&#8217;auto-amor\u00e7age jusqu&#8217;\u00e0 1,5 m\u00e8tres<\/li>\n<li>Options d&#8217;installation polyvalentes pour au-dessus ou en dessous de la ligne d&#8217;eau<\/li>\n<\/ul>\n<p style=\"color: rgb(34, 34, 34); font-family: Arial, Helvetica, sans-serif; font-size: small;\">Cette toilette fonctionne avec un syst\u00e8me d&#8217;eau automatique ou une pompe de drainage pour l&#8217;apport d&#8217;eau. Elle est dot\u00e9e d&#8217;un interrupteur \u00e9lectronique qui g\u00e8re le flux d&#8217;eau en deux \u00e9tapes : d&#8217;abord, elle remplit la cuvette d&#8217;eau propre, puis elle \u00e9limine efficacement les d\u00e9chets, garantissant que la cuvette est propre et vide.<\/p>\n<p style=\"color: rgb(34, 34, 34); font-family: Arial, Helvetica, sans-serif; font-size: small;\">Pour les installations avec plusieurs toilettes, une seule pompe \u00e0 eau peut alimenter toutes les unit\u00e9s, chaque toilette \u00e9tant \u00e9quip\u00e9e de sa propre \u00e9lectrovanne.<\/p>\n<p style=\"color: rgb(34, 34, 34); font-family: Arial, Helvetica, sans-serif; font-size: small;\"><strong>Specifications :<\/strong><\/p>\n<ul style=\"color: rgb(34, 34, 34); font-family: Arial, Helvetica, sans-serif; font-size: small;\">\n<li>Entr\u00e9e : 19 mm (3\/4&#8243;)<\/li>\n<li>Sortie : 25\/38 mm (1&#8243;-1 1\/2&#8243;)<\/li>\n<li>Consommation d&#8217;\u00e9nergie : 30A \u00e0 12V<\/li>\n<\/ul>\n<p style=\"color: rgb(34, 34, 34); font-family: Arial, Helvetica, sans-serif; font-size: small;\"><strong>Caract\u00e9ristiques Cl\u00e9s :<\/strong><\/p>\n<ul style=\"color: rgb(34, 34, 34); font-family: Arial, Helvetica, sans-serif; font-size: small;\">\n<li>Installation simple<\/li>\n<li>Couvercle \u00e0 fermeture douce pour plus de commodit\u00e9<\/li>\n<li>Design enti\u00e8rement ferm\u00e9 pour am\u00e9liorer l&#8217;hygi\u00e8ne<\/li>\n<\/ul>\n<p style=\"color: rgb(34, 34, 34); font-family: Arial, Helvetica, sans-serif; font-size: small;\"><strong>Specifications Suppl\u00e9mentaires :<\/strong><\/p>\n<ul style=\"color: rgb(34, 34, 34); font-family: Arial, Helvetica, sans-serif; font-size: small;\">\n<li>Consommation d&#8217;eau : 1,5 \u2013 5 litres<\/li>\n<li>Tension : 12\/24V<\/li>\n<li>Intensit\u00e9 : 18A \u2013 10A<\/li>\n<li>Connexion de sortie : 38mm (1 1\/2&#8243;) et 25mm (1&#8243;)<\/li>\n<li>Connexion d&#8217;entr\u00e9e : 19mm (3\/4&#8243;)<\/li>\n<\/ul>\n","protected":false},"excerpt":{"rendered":"<p>WC Ocean Luxury Standard 12 v H385mm &#8211; Toilette \u00c9lectrique Ocean Luxury Standard 12 v H385mm. Nous sommes ravis de<\/p>\n","protected":false},"featured_media":5935992,"comment_status":"open","ping_status":"closed","template":"","meta":[],"product_brand":[3139],"product_cat":[1101],"product_tag":[],"class_list":{"0":"post-725833","1":"product","2":"type-product","3":"status-publish","4":"has-post-thumbnail","6":"product_brand-matromarine-fr","7":"product_cat-toilettes-marines","9":"first","10":"instock","11":"shipping-taxable","12":"purchasable","13":"product-type-simple"},"_links":{"self":[{"href":"https:\/\/stoic-curie.212-227-153-4.plesk.page\/fr\/wp-json\/wp\/v2\/product\/725833","targetHints":{"allow":["GET"]}}],"collection":[{"href":"https:\/\/stoic-curie.212-227-153-4.plesk.page\/fr\/wp-json\/wp\/v2\/product"}],"about":[{"href":"https:\/\/stoic-curie.212-227-153-4.plesk.page\/fr\/wp-json\/wp\/v2\/types\/product"}],"replies":[{"embeddable":true,"href":"https:\/\/stoic-curie.212-227-153-4.plesk.page\/fr\/wp-json\/wp\/v2\/comments?post=725833"}],"version-history":[{"count":0,"href":"https:\/\/stoic-curie.212-227-153-4.plesk.page\/fr\/wp-json\/wp\/v2\/product\/725833\/revisions"}],"wp:featuredmedia":[{"embeddable":true,"href":"https:\/\/stoic-curie.212-227-153-4.plesk.page\/fr\/wp-json\/wp\/v2\/media\/5935992"}],"wp:attachment":[{"href":"https:\/\/stoic-curie.212-227-153-4.plesk.page\/fr\/wp-json\/wp\/v2\/media?parent=725833"}],"wp:term":[{"taxonomy":"product_brand","embeddable":true,"href":"https:\/\/stoic-curie.212-227-153-4.plesk.page\/fr\/wp-json\/wp\/v2\/product_brand?post=725833"},{"taxonomy":"product_cat","embeddable":true,"href":"https:\/\/stoic-curie.212-227-153-4.plesk.page\/fr\/wp-json\/wp\/v2\/product_cat?post=725833"},{"taxonomy":"product_tag","embeddable":true,"href":"https:\/\/stoic-curie.212-227-153-4.plesk.page\/fr\/wp-json\/wp\/v2\/product_tag?post=725833"}],"curies":[{"name":"wp","href":"https:\/\/api.w.org\/{rel}","templated":true}]}}