{"id":725848,"date":"2025-03-03T15:54:29","date_gmt":"2025-03-03T14:54:29","guid":{"rendered":"https:\/\/stoic-curie.212-227-153-4.plesk.page\/producto\/corne-de-brume-electrique-12-v-chromee-double-270-mm\/"},"modified":"2026-02-24T23:08:06","modified_gmt":"2026-02-24T23:08:06","slug":"corne-de-brume-electrique-12-v-chromee-double-270-mm","status":"publish","type":"product","link":"https:\/\/stoic-curie.212-227-153-4.plesk.page\/fr\/product\/corne-de-brume-electrique-12-v-chromee-double-270-mm\/","title":{"rendered":"Corne de brume \u00e9lectrique 12\u00a0V chrom\u00e9e double, 270\u00a0mm"},"content":{"rendered":"<p>Corne de brume \u00e9lectrique 12\u00a0V chrom\u00e9e double, 270\u00a0mm &#8211; <\/p>\n<p>Corne \u00e9lectrique \u00e0 double trompette \u00e0 diaphragme avec bo\u00eetier en acier inoxydable. Trompette en plastique ABS chrom\u00e9.<\/p>\n","protected":false},"excerpt":{"rendered":"<p>Corne de brume \u00e9lectrique 12\u00a0V chrom\u00e9e double, 270\u00a0mm &#8211; Corne \u00e9lectrique \u00e0 double trompette \u00e0 diaphragme avec bo\u00eetier en acier<\/p>\n","protected":false},"featured_media":5936006,"comment_status":"open","ping_status":"closed","template":"","meta":[],"product_brand":[3234],"product_cat":[1173],"product_tag":[],"class_list":{"0":"post-725848","1":"product","2":"type-product","3":"status-publish","4":"has-post-thumbnail","6":"product_brand-osculati-fr","7":"product_cat-cornes","9":"first","10":"instock","11":"shipping-taxable","12":"purchasable","13":"product-type-simple"},"_links":{"self":[{"href":"https:\/\/stoic-curie.212-227-153-4.plesk.page\/fr\/wp-json\/wp\/v2\/product\/725848","targetHints":{"allow":["GET"]}}],"collection":[{"href":"https:\/\/stoic-curie.212-227-153-4.plesk.page\/fr\/wp-json\/wp\/v2\/product"}],"about":[{"href":"https:\/\/stoic-curie.212-227-153-4.plesk.page\/fr\/wp-json\/wp\/v2\/types\/product"}],"replies":[{"embeddable":true,"href":"https:\/\/stoic-curie.212-227-153-4.plesk.page\/fr\/wp-json\/wp\/v2\/comments?post=725848"}],"version-history":[{"count":0,"href":"https:\/\/stoic-curie.212-227-153-4.plesk.page\/fr\/wp-json\/wp\/v2\/product\/725848\/revisions"}],"wp:featuredmedia":[{"embeddable":true,"href":"https:\/\/stoic-curie.212-227-153-4.plesk.page\/fr\/wp-json\/wp\/v2\/media\/5936006"}],"wp:attachment":[{"href":"https:\/\/stoic-curie.212-227-153-4.plesk.page\/fr\/wp-json\/wp\/v2\/media?parent=725848"}],"wp:term":[{"taxonomy":"product_brand","embeddable":true,"href":"https:\/\/stoic-curie.212-227-153-4.plesk.page\/fr\/wp-json\/wp\/v2\/product_brand?post=725848"},{"taxonomy":"product_cat","embeddable":true,"href":"https:\/\/stoic-curie.212-227-153-4.plesk.page\/fr\/wp-json\/wp\/v2\/product_cat?post=725848"},{"taxonomy":"product_tag","embeddable":true,"href":"https:\/\/stoic-curie.212-227-153-4.plesk.page\/fr\/wp-json\/wp\/v2\/product_tag?post=725848"}],"curies":[{"name":"wp","href":"https:\/\/api.w.org\/{rel}","templated":true}]}}