{"id":725849,"date":"2025-03-03T15:54:29","date_gmt":"2025-03-03T14:54:29","guid":{"rendered":"https:\/\/stoic-curie.212-227-153-4.plesk.page\/producto\/corne-de-brume-electrique-12-v-inox-double-500-mm\/"},"modified":"2026-02-24T23:08:06","modified_gmt":"2026-02-24T23:08:06","slug":"corne-de-brume-electrique-12-v-inox-double-500-mm","status":"publish","type":"product","link":"https:\/\/stoic-curie.212-227-153-4.plesk.page\/fr\/product\/corne-de-brume-electrique-12-v-inox-double-500-mm\/","title":{"rendered":"Corne de brume \u00e9lectrique 12\u00a0V inox double, 500\u00a0mm"},"content":{"rendered":"<p>Corne de brume \u00e9lectrique 12\u00a0V inox double, 500\u00a0mm &#8211; <\/p>\n<p>Corne de trompette \u00e0 diaphragme \u00e9lectrique \u00e0 double toneau en acier inoxydable. Trompette en acier inoxydable.<\/p>\n","protected":false},"excerpt":{"rendered":"<p>Corne de brume \u00e9lectrique 12\u00a0V inox double, 500\u00a0mm &#8211; Corne de trompette \u00e0 diaphragme \u00e9lectrique \u00e0 double toneau en acier<\/p>\n","protected":false},"featured_media":5936007,"comment_status":"open","ping_status":"closed","template":"","meta":[],"product_brand":[3234],"product_cat":[1173],"product_tag":[],"class_list":{"0":"post-725849","1":"product","2":"type-product","3":"status-publish","4":"has-post-thumbnail","6":"product_brand-osculati-fr","7":"product_cat-cornes","9":"first","10":"instock","11":"shipping-taxable","12":"purchasable","13":"product-type-simple"},"_links":{"self":[{"href":"https:\/\/stoic-curie.212-227-153-4.plesk.page\/fr\/wp-json\/wp\/v2\/product\/725849","targetHints":{"allow":["GET"]}}],"collection":[{"href":"https:\/\/stoic-curie.212-227-153-4.plesk.page\/fr\/wp-json\/wp\/v2\/product"}],"about":[{"href":"https:\/\/stoic-curie.212-227-153-4.plesk.page\/fr\/wp-json\/wp\/v2\/types\/product"}],"replies":[{"embeddable":true,"href":"https:\/\/stoic-curie.212-227-153-4.plesk.page\/fr\/wp-json\/wp\/v2\/comments?post=725849"}],"version-history":[{"count":0,"href":"https:\/\/stoic-curie.212-227-153-4.plesk.page\/fr\/wp-json\/wp\/v2\/product\/725849\/revisions"}],"wp:featuredmedia":[{"embeddable":true,"href":"https:\/\/stoic-curie.212-227-153-4.plesk.page\/fr\/wp-json\/wp\/v2\/media\/5936007"}],"wp:attachment":[{"href":"https:\/\/stoic-curie.212-227-153-4.plesk.page\/fr\/wp-json\/wp\/v2\/media?parent=725849"}],"wp:term":[{"taxonomy":"product_brand","embeddable":true,"href":"https:\/\/stoic-curie.212-227-153-4.plesk.page\/fr\/wp-json\/wp\/v2\/product_brand?post=725849"},{"taxonomy":"product_cat","embeddable":true,"href":"https:\/\/stoic-curie.212-227-153-4.plesk.page\/fr\/wp-json\/wp\/v2\/product_cat?post=725849"},{"taxonomy":"product_tag","embeddable":true,"href":"https:\/\/stoic-curie.212-227-153-4.plesk.page\/fr\/wp-json\/wp\/v2\/product_tag?post=725849"}],"curies":[{"name":"wp","href":"https:\/\/api.w.org\/{rel}","templated":true}]}}