{"id":725853,"date":"2025-03-03T15:54:30","date_gmt":"2025-03-03T14:54:30","guid":{"rendered":"https:\/\/stoic-curie.212-227-153-4.plesk.page\/producto\/corne-de-brume-marine-electrique-12-v-homologuee-123-db-400-mm\/"},"modified":"2026-02-24T23:08:06","modified_gmt":"2026-02-24T23:08:06","slug":"corne-de-brume-marine-electrique-12-v-homologuee-123-db-400-mm","status":"publish","type":"product","link":"https:\/\/stoic-curie.212-227-153-4.plesk.page\/fr\/product\/corne-de-brume-marine-electrique-12-v-homologuee-123-db-400-mm\/","title":{"rendered":"Corne de brume marine \u00e9lectrique 12\u00a0V homologu\u00e9e, 123\u00a0dB, 400\u00a0mm"},"content":{"rendered":"<p>Corne de brume marine \u00e9lectrique 12\u00a0V homologu\u00e9e, 123\u00a0dB, 400\u00a0mm &#8211; <\/p>\n<p>Corne chrom\u00e9e approuv\u00e9e par R.I.Na. pour bateaux de 12 \u00e0 20 m. Fourni avec un compresseur d&#8217;air de 180W\/2 bar et des accessoires de montage.<\/p>\n","protected":false},"excerpt":{"rendered":"<p>Corne de brume marine \u00e9lectrique 12\u00a0V homologu\u00e9e, 123\u00a0dB, 400\u00a0mm &#8211; Corne chrom\u00e9e approuv\u00e9e par R.I.Na. pour bateaux de 12 \u00e0<\/p>\n","protected":false},"featured_media":5936010,"comment_status":"open","ping_status":"closed","template":"","meta":[],"product_brand":[3094],"product_cat":[1173],"product_tag":[],"class_list":{"0":"post-725853","1":"product","2":"type-product","3":"status-publish","4":"has-post-thumbnail","6":"product_brand-marco-fr","7":"product_cat-cornes","9":"first","10":"instock","11":"shipping-taxable","12":"purchasable","13":"product-type-simple"},"_links":{"self":[{"href":"https:\/\/stoic-curie.212-227-153-4.plesk.page\/fr\/wp-json\/wp\/v2\/product\/725853","targetHints":{"allow":["GET"]}}],"collection":[{"href":"https:\/\/stoic-curie.212-227-153-4.plesk.page\/fr\/wp-json\/wp\/v2\/product"}],"about":[{"href":"https:\/\/stoic-curie.212-227-153-4.plesk.page\/fr\/wp-json\/wp\/v2\/types\/product"}],"replies":[{"embeddable":true,"href":"https:\/\/stoic-curie.212-227-153-4.plesk.page\/fr\/wp-json\/wp\/v2\/comments?post=725853"}],"version-history":[{"count":0,"href":"https:\/\/stoic-curie.212-227-153-4.plesk.page\/fr\/wp-json\/wp\/v2\/product\/725853\/revisions"}],"wp:featuredmedia":[{"embeddable":true,"href":"https:\/\/stoic-curie.212-227-153-4.plesk.page\/fr\/wp-json\/wp\/v2\/media\/5936010"}],"wp:attachment":[{"href":"https:\/\/stoic-curie.212-227-153-4.plesk.page\/fr\/wp-json\/wp\/v2\/media?parent=725853"}],"wp:term":[{"taxonomy":"product_brand","embeddable":true,"href":"https:\/\/stoic-curie.212-227-153-4.plesk.page\/fr\/wp-json\/wp\/v2\/product_brand?post=725853"},{"taxonomy":"product_cat","embeddable":true,"href":"https:\/\/stoic-curie.212-227-153-4.plesk.page\/fr\/wp-json\/wp\/v2\/product_cat?post=725853"},{"taxonomy":"product_tag","embeddable":true,"href":"https:\/\/stoic-curie.212-227-153-4.plesk.page\/fr\/wp-json\/wp\/v2\/product_tag?post=725853"}],"curies":[{"name":"wp","href":"https:\/\/api.w.org\/{rel}","templated":true}]}}