{"id":725855,"date":"2025-03-03T15:54:30","date_gmt":"2025-03-03T14:54:30","guid":{"rendered":"https:\/\/stoic-curie.212-227-153-4.plesk.page\/producto\/corne-de-brume-electrique-12-v-marco-homologuee-pour-bateaux-de-20-a-75-m-460-x-300-mm\/"},"modified":"2026-02-24T23:08:06","modified_gmt":"2026-02-24T23:08:06","slug":"corne-de-brume-electrique-12-v-marco-homologuee-pour-bateaux-de-20-a-75-m-460-x-300-mm","status":"publish","type":"product","link":"https:\/\/stoic-curie.212-227-153-4.plesk.page\/fr\/product\/corne-de-brume-electrique-12-v-marco-homologuee-pour-bateaux-de-20-a-75-m-460-x-300-mm\/","title":{"rendered":"Corne de brume \u00e9lectrique 12\u00a0V Marco homologu\u00e9e pour bateaux de 20 \u00e0 75\u00a0m, 460\u00a0x\u00a0300\u00a0mm"},"content":{"rendered":"<p>Corne de brume \u00e9lectrique 12\u00a0V Marco homologu\u00e9e pour bateaux de 20 \u00e0 75\u00a0m, 460\u00a0x\u00a0300\u00a0mm &#8211; <\/p>\n<p>Cloche approuv\u00e9e par R.I.Na. pour les bateaux de 20 \u00e0 75 m. Comprend une vanne \u00e9lectrique, un tuyau et des accessoires de montage. Le compresseur d&#8217;air de 240W\/8 bar doit \u00eatre achet\u00e9 s\u00e9par\u00e9ment.<\/p>\n","protected":false},"excerpt":{"rendered":"<p>Corne de brume \u00e9lectrique 12\u00a0V Marco homologu\u00e9e pour bateaux de 20 \u00e0 75\u00a0m, 460\u00a0x\u00a0300\u00a0mm &#8211; Cloche approuv\u00e9e par R.I.Na. pour<\/p>\n","protected":false},"featured_media":5936011,"comment_status":"open","ping_status":"closed","template":"","meta":[],"product_brand":[3094],"product_cat":[1173],"product_tag":[],"class_list":{"0":"post-725855","1":"product","2":"type-product","3":"status-publish","4":"has-post-thumbnail","6":"product_brand-marco-fr","7":"product_cat-cornes","9":"first","10":"instock","11":"shipping-taxable","12":"purchasable","13":"product-type-simple"},"_links":{"self":[{"href":"https:\/\/stoic-curie.212-227-153-4.plesk.page\/fr\/wp-json\/wp\/v2\/product\/725855","targetHints":{"allow":["GET"]}}],"collection":[{"href":"https:\/\/stoic-curie.212-227-153-4.plesk.page\/fr\/wp-json\/wp\/v2\/product"}],"about":[{"href":"https:\/\/stoic-curie.212-227-153-4.plesk.page\/fr\/wp-json\/wp\/v2\/types\/product"}],"replies":[{"embeddable":true,"href":"https:\/\/stoic-curie.212-227-153-4.plesk.page\/fr\/wp-json\/wp\/v2\/comments?post=725855"}],"version-history":[{"count":0,"href":"https:\/\/stoic-curie.212-227-153-4.plesk.page\/fr\/wp-json\/wp\/v2\/product\/725855\/revisions"}],"wp:featuredmedia":[{"embeddable":true,"href":"https:\/\/stoic-curie.212-227-153-4.plesk.page\/fr\/wp-json\/wp\/v2\/media\/5936011"}],"wp:attachment":[{"href":"https:\/\/stoic-curie.212-227-153-4.plesk.page\/fr\/wp-json\/wp\/v2\/media?parent=725855"}],"wp:term":[{"taxonomy":"product_brand","embeddable":true,"href":"https:\/\/stoic-curie.212-227-153-4.plesk.page\/fr\/wp-json\/wp\/v2\/product_brand?post=725855"},{"taxonomy":"product_cat","embeddable":true,"href":"https:\/\/stoic-curie.212-227-153-4.plesk.page\/fr\/wp-json\/wp\/v2\/product_cat?post=725855"},{"taxonomy":"product_tag","embeddable":true,"href":"https:\/\/stoic-curie.212-227-153-4.plesk.page\/fr\/wp-json\/wp\/v2\/product_tag?post=725855"}],"curies":[{"name":"wp","href":"https:\/\/api.w.org\/{rel}","templated":true}]}}