{"id":725857,"date":"2025-03-03T15:54:30","date_gmt":"2025-03-03T14:54:30","guid":{"rendered":"https:\/\/stoic-curie.212-227-153-4.plesk.page\/producto\/avertisseur-electrique-12-v-ew2-m-marco\/"},"modified":"2026-02-24T23:08:06","modified_gmt":"2026-02-24T23:08:06","slug":"avertisseur-electrique-12-v-ew2-m-marco","status":"publish","type":"product","link":"https:\/\/stoic-curie.212-227-153-4.plesk.page\/fr\/product\/avertisseur-electrique-12-v-ew2-m-marco\/","title":{"rendered":"Avertisseur \u00e9lectrique 12\u00a0V EW2-MS Marco"},"content":{"rendered":"<p>Avertisseur \u00e9lectrique 12\u00a0V EW2-MS Marco &#8211; <\/p>\n<p style=\"color: rgb(34, 34, 34); font-family: Arial, Helvetica, sans-serif; font-size: small;\">Ce sifflet \u00e9lectronique hautement approuv\u00e9 est \u00e9quip\u00e9 d&#8217;un puissant haut-parleur, d&#8217;un panneau de contr\u00f4le int\u00e9gr\u00e9 facile \u00e0 utiliser et d&#8217;un contr\u00f4leur \u00e9lectronique avanc\u00e9. L&#8217;une de ses caract\u00e9ristiques remarquables est le syst\u00e8me de chauffage ultrasonique innovant, qui am\u00e9liore consid\u00e9rablement la performance de la membrane acoustique, garantissant ainsi que le sifflet produit un son clair et puissant. Ce sifflet est con\u00e7u pour r\u00e9pondre aux exigences strictes des r\u00e9glementations internationales COLREG 1972 IMO de classe IV, en faisant un choix fiable pour la s\u00e9curit\u00e9 maritime. Il a \u00e9galement re\u00e7u des certifications de plusieurs organisations prestigieuses, telles que RINA, LLOYD&#8217;S REGISTER, MCA, BUREAU VERITAS, NMMA et BSH, ce qui atteste encore de sa qualit\u00e9 et de sa fiabilit\u00e9.<\/p>\n<p style=\"color: rgb(34, 34, 34); font-family: Arial, Helvetica, sans-serif; font-size: small;\">Con\u00e7u sp\u00e9cifiquement pour les bateaux mesurant entre 12 et 20 m\u00e8tres de long, ce sifflet de signalisation est livr\u00e9 avec un kit de montage pratique, rendant l&#8217;installation simple et sans tracas. De plus, il dispose d&#8217;une entr\u00e9e VHF et d&#8217;un microphone, offrant une fonctionnalit\u00e9 suppl\u00e9mentaire qui am\u00e9liore la communication et la s\u00e9curit\u00e9 lors de vos sorties en mer. Ce sifflet est un outil essentiel pour tout amateur de bateau souhaitant garantir s\u00e9curit\u00e9 et conformit\u00e9 lors de ses aventures maritimes.<\/p>\n","protected":false},"excerpt":{"rendered":"<p>Avertisseur \u00e9lectrique 12\u00a0V EW2-MS Marco &#8211; Ce sifflet \u00e9lectronique hautement approuv\u00e9 est \u00e9quip\u00e9 d&#8217;un puissant haut-parleur, d&#8217;un panneau de contr\u00f4le<\/p>\n","protected":false},"featured_media":5936012,"comment_status":"open","ping_status":"closed","template":"","meta":[],"product_brand":[3094],"product_cat":[1173,1202],"product_tag":[],"class_list":{"0":"post-725857","1":"product","2":"type-product","3":"status-publish","4":"has-post-thumbnail","6":"product_brand-marco-fr","7":"product_cat-cornes","8":"product_cat-materiel-de-signalisation","10":"first","11":"instock","12":"shipping-taxable","13":"purchasable","14":"product-type-simple"},"_links":{"self":[{"href":"https:\/\/stoic-curie.212-227-153-4.plesk.page\/fr\/wp-json\/wp\/v2\/product\/725857","targetHints":{"allow":["GET"]}}],"collection":[{"href":"https:\/\/stoic-curie.212-227-153-4.plesk.page\/fr\/wp-json\/wp\/v2\/product"}],"about":[{"href":"https:\/\/stoic-curie.212-227-153-4.plesk.page\/fr\/wp-json\/wp\/v2\/types\/product"}],"replies":[{"embeddable":true,"href":"https:\/\/stoic-curie.212-227-153-4.plesk.page\/fr\/wp-json\/wp\/v2\/comments?post=725857"}],"version-history":[{"count":0,"href":"https:\/\/stoic-curie.212-227-153-4.plesk.page\/fr\/wp-json\/wp\/v2\/product\/725857\/revisions"}],"wp:featuredmedia":[{"embeddable":true,"href":"https:\/\/stoic-curie.212-227-153-4.plesk.page\/fr\/wp-json\/wp\/v2\/media\/5936012"}],"wp:attachment":[{"href":"https:\/\/stoic-curie.212-227-153-4.plesk.page\/fr\/wp-json\/wp\/v2\/media?parent=725857"}],"wp:term":[{"taxonomy":"product_brand","embeddable":true,"href":"https:\/\/stoic-curie.212-227-153-4.plesk.page\/fr\/wp-json\/wp\/v2\/product_brand?post=725857"},{"taxonomy":"product_cat","embeddable":true,"href":"https:\/\/stoic-curie.212-227-153-4.plesk.page\/fr\/wp-json\/wp\/v2\/product_cat?post=725857"},{"taxonomy":"product_tag","embeddable":true,"href":"https:\/\/stoic-curie.212-227-153-4.plesk.page\/fr\/wp-json\/wp\/v2\/product_tag?post=725857"}],"curies":[{"name":"wp","href":"https:\/\/api.w.org\/{rel}","templated":true}]}}