{"id":725864,"date":"2025-03-03T15:54:32","date_gmt":"2025-03-03T14:54:32","guid":{"rendered":"https:\/\/stoic-curie.212-227-153-4.plesk.page\/producto\/projecteur-orientable-100-300-m-a-tableau-de-commande-etanche-24-v\/"},"modified":"2026-02-24T23:08:06","modified_gmt":"2026-02-24T23:08:06","slug":"projecteur-orientable-100-300-m-a-tableau-de-commande-etanche-24-v","status":"publish","type":"product","link":"https:\/\/stoic-curie.212-227-153-4.plesk.page\/fr\/product\/projecteur-orientable-100-300-m-a-tableau-de-commande-etanche-24-v\/","title":{"rendered":"Projecteur orientable (100-300\u00a0m) \u00e0 tableau de commande \u00e9tanche, 24\u00a0V"},"content":{"rendered":"<p>Projecteur orientable (100-300\u00a0m) \u00e0 tableau de commande \u00e9tanche, 24\u00a0V &#8211; <\/p>\n<p>Projecteur ajustable avec panneau de contr\u00f4le \u00e9tanche et c\u00e2ble de 4 m\u00e8tres. Corps \u00e9tanche en polym\u00e8re r\u00e9sistant aux chocs et aux UV. Lampe halog\u00e8ne scell\u00e9e H3 \u00c3\u00b8 140 mm avec combinaison de lumi\u00e8re duale : mode projecteur et mode \u00e9clairage de surface. Contr\u00f4le sans fil optionnel avec r\u00e9cepteur et \u00e9metteur plug and play jusqu&#8217;\u00e0 35 m. En cas d&#8217;installation, il remplace le panneau de contr\u00f4le filaire. Pour entretenir les deux, le panneau \u00e0 double poste doit \u00eatre achet\u00e9. Dimensions du projecteur 220 x 190 x H245 mm, base 120 x 150 mm. Dimensions du panneau 92 x 122 mm, encastr\u00e9 60 x 90 x H45 mm.<\/p>\n","protected":false},"excerpt":{"rendered":"<p>Projecteur orientable (100-300\u00a0m) \u00e0 tableau de commande \u00e9tanche, 24\u00a0V &#8211; Projecteur ajustable avec panneau de contr\u00f4le \u00e9tanche et c\u00e2ble de<\/p>\n","protected":false},"featured_media":5936031,"comment_status":"open","ping_status":"closed","template":"","meta":[],"product_brand":[3139],"product_cat":[1160],"product_tag":[],"class_list":{"0":"post-725864","1":"product","2":"type-product","3":"status-publish","4":"has-post-thumbnail","6":"product_brand-matromarine-fr","7":"product_cat-projecteurs","9":"first","10":"instock","11":"shipping-taxable","12":"purchasable","13":"product-type-simple"},"_links":{"self":[{"href":"https:\/\/stoic-curie.212-227-153-4.plesk.page\/fr\/wp-json\/wp\/v2\/product\/725864","targetHints":{"allow":["GET"]}}],"collection":[{"href":"https:\/\/stoic-curie.212-227-153-4.plesk.page\/fr\/wp-json\/wp\/v2\/product"}],"about":[{"href":"https:\/\/stoic-curie.212-227-153-4.plesk.page\/fr\/wp-json\/wp\/v2\/types\/product"}],"replies":[{"embeddable":true,"href":"https:\/\/stoic-curie.212-227-153-4.plesk.page\/fr\/wp-json\/wp\/v2\/comments?post=725864"}],"version-history":[{"count":0,"href":"https:\/\/stoic-curie.212-227-153-4.plesk.page\/fr\/wp-json\/wp\/v2\/product\/725864\/revisions"}],"wp:featuredmedia":[{"embeddable":true,"href":"https:\/\/stoic-curie.212-227-153-4.plesk.page\/fr\/wp-json\/wp\/v2\/media\/5936031"}],"wp:attachment":[{"href":"https:\/\/stoic-curie.212-227-153-4.plesk.page\/fr\/wp-json\/wp\/v2\/media?parent=725864"}],"wp:term":[{"taxonomy":"product_brand","embeddable":true,"href":"https:\/\/stoic-curie.212-227-153-4.plesk.page\/fr\/wp-json\/wp\/v2\/product_brand?post=725864"},{"taxonomy":"product_cat","embeddable":true,"href":"https:\/\/stoic-curie.212-227-153-4.plesk.page\/fr\/wp-json\/wp\/v2\/product_cat?post=725864"},{"taxonomy":"product_tag","embeddable":true,"href":"https:\/\/stoic-curie.212-227-153-4.plesk.page\/fr\/wp-json\/wp\/v2\/product_tag?post=725864"}],"curies":[{"name":"wp","href":"https:\/\/api.w.org\/{rel}","templated":true}]}}