{"id":725865,"date":"2025-03-03T15:54:32","date_gmt":"2025-03-03T14:54:32","guid":{"rendered":"https:\/\/stoic-curie.212-227-153-4.plesk.page\/producto\/projecteur-orientable-depuis-la-cabine-dhr-210-1-000-w-220-v\/"},"modified":"2026-02-24T23:08:06","modified_gmt":"2026-02-24T23:08:06","slug":"projecteur-orientable-depuis-la-cabine-dhr-210-1-000-w-220-v","status":"publish","type":"product","link":"https:\/\/stoic-curie.212-227-153-4.plesk.page\/fr\/product\/projecteur-orientable-depuis-la-cabine-dhr-210-1-000-w-220-v\/","title":{"rendered":"Projecteur orientable depuis la cabine DHR 210, 1\u00a0000\u00a0W, 220\u00a0V"},"content":{"rendered":"<p>Projecteur orientable depuis la cabine DHR 210, 1\u00a0000\u00a0W, 220\u00a0V &#8211; <\/p>\n<p>Bo\u00eetier en aluminium anodis\u00e9 professionnel r\u00e9sistant aux UV, verni RAL9016, avec un phare orientable et r\u00e9glable. Tous les composants sont non magn\u00e9tiques et r\u00e9sistants \u00e0 la corrosion.<\/p>\n","protected":false},"excerpt":{"rendered":"<p>Projecteur orientable depuis la cabine DHR 210, 1\u00a0000\u00a0W, 220\u00a0V &#8211; Bo\u00eetier en aluminium anodis\u00e9 professionnel r\u00e9sistant aux UV, verni RAL9016,<\/p>\n","protected":false},"featured_media":5936034,"comment_status":"open","ping_status":"closed","template":"","meta":[],"product_brand":[2879],"product_cat":[1160],"product_tag":[],"class_list":{"0":"post-725865","1":"product","2":"type-product","3":"status-publish","4":"has-post-thumbnail","6":"product_brand-dhr-fr","7":"product_cat-projecteurs","9":"first","10":"instock","11":"shipping-taxable","12":"purchasable","13":"product-type-simple"},"_links":{"self":[{"href":"https:\/\/stoic-curie.212-227-153-4.plesk.page\/fr\/wp-json\/wp\/v2\/product\/725865","targetHints":{"allow":["GET"]}}],"collection":[{"href":"https:\/\/stoic-curie.212-227-153-4.plesk.page\/fr\/wp-json\/wp\/v2\/product"}],"about":[{"href":"https:\/\/stoic-curie.212-227-153-4.plesk.page\/fr\/wp-json\/wp\/v2\/types\/product"}],"replies":[{"embeddable":true,"href":"https:\/\/stoic-curie.212-227-153-4.plesk.page\/fr\/wp-json\/wp\/v2\/comments?post=725865"}],"version-history":[{"count":0,"href":"https:\/\/stoic-curie.212-227-153-4.plesk.page\/fr\/wp-json\/wp\/v2\/product\/725865\/revisions"}],"wp:featuredmedia":[{"embeddable":true,"href":"https:\/\/stoic-curie.212-227-153-4.plesk.page\/fr\/wp-json\/wp\/v2\/media\/5936034"}],"wp:attachment":[{"href":"https:\/\/stoic-curie.212-227-153-4.plesk.page\/fr\/wp-json\/wp\/v2\/media?parent=725865"}],"wp:term":[{"taxonomy":"product_brand","embeddable":true,"href":"https:\/\/stoic-curie.212-227-153-4.plesk.page\/fr\/wp-json\/wp\/v2\/product_brand?post=725865"},{"taxonomy":"product_cat","embeddable":true,"href":"https:\/\/stoic-curie.212-227-153-4.plesk.page\/fr\/wp-json\/wp\/v2\/product_cat?post=725865"},{"taxonomy":"product_tag","embeddable":true,"href":"https:\/\/stoic-curie.212-227-153-4.plesk.page\/fr\/wp-json\/wp\/v2\/product_tag?post=725865"}],"curies":[{"name":"wp","href":"https:\/\/api.w.org\/{rel}","templated":true}]}}