{"id":725874,"date":"2025-03-03T15:54:33","date_gmt":"2025-03-03T14:54:33","guid":{"rendered":"https:\/\/stoic-curie.212-227-153-4.plesk.page\/producto\/compas-de-route-riviera-stella-bs1-noir\/"},"modified":"2026-02-24T23:08:06","modified_gmt":"2026-02-24T23:08:06","slug":"compas-de-route-riviera-stella-bs1-noir","status":"publish","type":"product","link":"https:\/\/stoic-curie.212-227-153-4.plesk.page\/fr\/product\/compas-de-route-riviera-stella-bs1-noir\/","title":{"rendered":"Compas de route Riviera Stella BS1 noir"},"content":{"rendered":"<p>Compas de route Riviera Stella BS1 noir &#8211; <\/p>\n<p>Compas de montage en bac Stella BS1 avec \u00e9cran anti-reflets pour petits bateaux.<br \/> \u2022 Facile \u00e0 retirer gr\u00e2ce au support \u00e0 ba\u00efonnette<br \/> \u2022 Diam\u00e8tre apparent 2&#8221; 1\/2 &#8211; 65 mm<br \/> \u2022 Lecture frontale (graduation de la carte 5\u00b0)<br \/> \u2022 Pour bateaux standards et \u00e0 grande vitesse<br \/> \u2022 Garantie de 3 ans <\/p>\n","protected":false},"excerpt":{"rendered":"<p>Compas de route Riviera Stella BS1 noir &#8211; Compas de montage en bac Stella BS1 avec \u00e9cran anti-reflets pour petits<\/p>\n","protected":false},"featured_media":5936054,"comment_status":"open","ping_status":"closed","template":"","meta":[],"product_brand":[3304],"product_cat":[1206],"product_tag":[],"class_list":{"0":"post-725874","1":"product","2":"type-product","3":"status-publish","4":"has-post-thumbnail","6":"product_brand-riviera-fr","7":"product_cat-boussole-de-navigation","9":"first","10":"instock","11":"shipping-taxable","12":"purchasable","13":"product-type-simple"},"_links":{"self":[{"href":"https:\/\/stoic-curie.212-227-153-4.plesk.page\/fr\/wp-json\/wp\/v2\/product\/725874","targetHints":{"allow":["GET"]}}],"collection":[{"href":"https:\/\/stoic-curie.212-227-153-4.plesk.page\/fr\/wp-json\/wp\/v2\/product"}],"about":[{"href":"https:\/\/stoic-curie.212-227-153-4.plesk.page\/fr\/wp-json\/wp\/v2\/types\/product"}],"replies":[{"embeddable":true,"href":"https:\/\/stoic-curie.212-227-153-4.plesk.page\/fr\/wp-json\/wp\/v2\/comments?post=725874"}],"version-history":[{"count":0,"href":"https:\/\/stoic-curie.212-227-153-4.plesk.page\/fr\/wp-json\/wp\/v2\/product\/725874\/revisions"}],"wp:featuredmedia":[{"embeddable":true,"href":"https:\/\/stoic-curie.212-227-153-4.plesk.page\/fr\/wp-json\/wp\/v2\/media\/5936054"}],"wp:attachment":[{"href":"https:\/\/stoic-curie.212-227-153-4.plesk.page\/fr\/wp-json\/wp\/v2\/media?parent=725874"}],"wp:term":[{"taxonomy":"product_brand","embeddable":true,"href":"https:\/\/stoic-curie.212-227-153-4.plesk.page\/fr\/wp-json\/wp\/v2\/product_brand?post=725874"},{"taxonomy":"product_cat","embeddable":true,"href":"https:\/\/stoic-curie.212-227-153-4.plesk.page\/fr\/wp-json\/wp\/v2\/product_cat?post=725874"},{"taxonomy":"product_tag","embeddable":true,"href":"https:\/\/stoic-curie.212-227-153-4.plesk.page\/fr\/wp-json\/wp\/v2\/product_tag?post=725874"}],"curies":[{"name":"wp","href":"https:\/\/api.w.org\/{rel}","templated":true}]}}