{"id":725883,"date":"2025-03-03T15:54:35","date_gmt":"2025-03-03T14:54:35","guid":{"rendered":"https:\/\/stoic-curie.212-227-153-4.plesk.page\/producto\/compas-de-route-riviera-stella-ba2-noir-avec-cardan\/"},"modified":"2026-02-24T23:08:06","modified_gmt":"2026-02-24T23:08:06","slug":"compas-de-route-riviera-stella-ba2-noir-avec-cardan","status":"publish","type":"product","link":"https:\/\/stoic-curie.212-227-153-4.plesk.page\/fr\/product\/compas-de-route-riviera-stella-ba2-noir-avec-cardan\/","title":{"rendered":"Compas de route Riviera Stella BA2 noir avec cardan"},"content":{"rendered":"<p>Compas de route Riviera Stella BA2 noir avec cardan &#8211; <\/p>\n<p>Compas de montage Artica BA2 avec \u00e9cran anti-reflet. <br \/>\u2022 R\u00e9glage de compensation int\u00e9gr\u00e9 <br \/>\u2022 Gimbal interne \u00e0 demi <br \/>\u2022 \u00c9clairage : 12V (24V sur demande) <br \/>\u2022 Diam\u00e8tre apparent de la carte 2&#8243;3\/4 (-70 mm) <br \/>\u2022 Lecture invers\u00e9e (graduation de la carte 5\u00b0) <br \/>\u2022 Pour bateaux standards et rapides <br \/>\u2022 Garantie de 3 ans <br \/>* Certification MED (si n\u00e9cessaire) \u00e0 demander avant l&#8217;achat.<\/p>\n","protected":false},"excerpt":{"rendered":"<p>Compas de route Riviera Stella BA2 noir avec cardan &#8211; Compas de montage Artica BA2 avec \u00e9cran anti-reflet. \u2022 R\u00e9glage<\/p>\n","protected":false},"featured_media":5936064,"comment_status":"open","ping_status":"closed","template":"","meta":[],"product_brand":[3304],"product_cat":[1206],"product_tag":[],"class_list":{"0":"post-725883","1":"product","2":"type-product","3":"status-publish","4":"has-post-thumbnail","6":"product_brand-riviera-fr","7":"product_cat-boussole-de-navigation","9":"first","10":"instock","11":"shipping-taxable","12":"purchasable","13":"product-type-simple"},"_links":{"self":[{"href":"https:\/\/stoic-curie.212-227-153-4.plesk.page\/fr\/wp-json\/wp\/v2\/product\/725883","targetHints":{"allow":["GET"]}}],"collection":[{"href":"https:\/\/stoic-curie.212-227-153-4.plesk.page\/fr\/wp-json\/wp\/v2\/product"}],"about":[{"href":"https:\/\/stoic-curie.212-227-153-4.plesk.page\/fr\/wp-json\/wp\/v2\/types\/product"}],"replies":[{"embeddable":true,"href":"https:\/\/stoic-curie.212-227-153-4.plesk.page\/fr\/wp-json\/wp\/v2\/comments?post=725883"}],"version-history":[{"count":0,"href":"https:\/\/stoic-curie.212-227-153-4.plesk.page\/fr\/wp-json\/wp\/v2\/product\/725883\/revisions"}],"wp:featuredmedia":[{"embeddable":true,"href":"https:\/\/stoic-curie.212-227-153-4.plesk.page\/fr\/wp-json\/wp\/v2\/media\/5936064"}],"wp:attachment":[{"href":"https:\/\/stoic-curie.212-227-153-4.plesk.page\/fr\/wp-json\/wp\/v2\/media?parent=725883"}],"wp:term":[{"taxonomy":"product_brand","embeddable":true,"href":"https:\/\/stoic-curie.212-227-153-4.plesk.page\/fr\/wp-json\/wp\/v2\/product_brand?post=725883"},{"taxonomy":"product_cat","embeddable":true,"href":"https:\/\/stoic-curie.212-227-153-4.plesk.page\/fr\/wp-json\/wp\/v2\/product_cat?post=725883"},{"taxonomy":"product_tag","embeddable":true,"href":"https:\/\/stoic-curie.212-227-153-4.plesk.page\/fr\/wp-json\/wp\/v2\/product_tag?post=725883"}],"curies":[{"name":"wp","href":"https:\/\/api.w.org\/{rel}","templated":true}]}}