{"id":725886,"date":"2025-03-03T15:54:36","date_gmt":"2025-03-03T14:54:36","guid":{"rendered":"https:\/\/stoic-curie.212-227-153-4.plesk.page\/producto\/amperemetre-avec-shunt-uflex-ultra-noir-60-0-60-52-mm\/"},"modified":"2026-02-24T23:08:06","modified_gmt":"2026-02-24T23:08:06","slug":"amperemetre-avec-shunt-uflex-ultra-noir-60-0-60-52-mm","status":"publish","type":"product","link":"https:\/\/stoic-curie.212-227-153-4.plesk.page\/fr\/product\/amperemetre-avec-shunt-uflex-ultra-noir-60-0-60-52-mm\/","title":{"rendered":"Amp\u00e8rem\u00e8tre avec shunt Uflex Ultra noir, 60-0-60, 52\u00a0mm"},"content":{"rendered":"<p>Amp\u00e8rem\u00e8tre avec shunt Uflex Ultra noir, 60-0-60, 52\u00a0mm &#8211; <\/p>\n<p>Instruments Uflex IP67 \u00e9tanches avec lentille renforc\u00e9e anti-condensation \u00e0 double couche. Cerclage noir en plastique et cadran noir. Tension universelle 12\/24V avec r\u00e9tro\u00e9clairage personnalisable en rouge ou jaune. Installation plug-and-play compl\u00e8te avec connecteur Molex c\u00e2bl\u00e9. Tous les indicateurs de pression, temp\u00e9rature, niveau et angle doivent \u00eatre compl\u00e9t\u00e9s par des capteurs. L&#8217;indicateur de vitesse GPS est complet avec r\u00e9cepteur et antenne.<\/p>\n","protected":false},"excerpt":{"rendered":"<p>Amp\u00e8rem\u00e8tre avec shunt Uflex Ultra noir, 60-0-60, 52\u00a0mm &#8211; Instruments Uflex IP67 \u00e9tanches avec lentille renforc\u00e9e anti-condensation \u00e0 double couche.<\/p>\n","protected":false},"featured_media":5936067,"comment_status":"open","ping_status":"closed","template":"","meta":[],"product_brand":[3499],"product_cat":[1155,1233],"product_tag":[],"class_list":{"0":"post-725886","1":"product","2":"type-product","3":"status-publish","4":"has-post-thumbnail","6":"product_brand-ultraflex-uflex-fr","7":"product_cat-batteries-materiel-electrique","8":"product_cat-jauges-uflex","10":"first","11":"instock","12":"shipping-taxable","13":"purchasable","14":"product-type-simple"},"_links":{"self":[{"href":"https:\/\/stoic-curie.212-227-153-4.plesk.page\/fr\/wp-json\/wp\/v2\/product\/725886","targetHints":{"allow":["GET"]}}],"collection":[{"href":"https:\/\/stoic-curie.212-227-153-4.plesk.page\/fr\/wp-json\/wp\/v2\/product"}],"about":[{"href":"https:\/\/stoic-curie.212-227-153-4.plesk.page\/fr\/wp-json\/wp\/v2\/types\/product"}],"replies":[{"embeddable":true,"href":"https:\/\/stoic-curie.212-227-153-4.plesk.page\/fr\/wp-json\/wp\/v2\/comments?post=725886"}],"version-history":[{"count":0,"href":"https:\/\/stoic-curie.212-227-153-4.plesk.page\/fr\/wp-json\/wp\/v2\/product\/725886\/revisions"}],"wp:featuredmedia":[{"embeddable":true,"href":"https:\/\/stoic-curie.212-227-153-4.plesk.page\/fr\/wp-json\/wp\/v2\/media\/5936067"}],"wp:attachment":[{"href":"https:\/\/stoic-curie.212-227-153-4.plesk.page\/fr\/wp-json\/wp\/v2\/media?parent=725886"}],"wp:term":[{"taxonomy":"product_brand","embeddable":true,"href":"https:\/\/stoic-curie.212-227-153-4.plesk.page\/fr\/wp-json\/wp\/v2\/product_brand?post=725886"},{"taxonomy":"product_cat","embeddable":true,"href":"https:\/\/stoic-curie.212-227-153-4.plesk.page\/fr\/wp-json\/wp\/v2\/product_cat?post=725886"},{"taxonomy":"product_tag","embeddable":true,"href":"https:\/\/stoic-curie.212-227-153-4.plesk.page\/fr\/wp-json\/wp\/v2\/product_tag?post=725886"}],"curies":[{"name":"wp","href":"https:\/\/api.w.org\/{rel}","templated":true}]}}