{"id":725888,"date":"2025-03-03T15:54:36","date_gmt":"2025-03-03T14:54:36","guid":{"rendered":"https:\/\/stoic-curie.212-227-153-4.plesk.page\/producto\/bouee-couronne-en-polystyrene-blanc-et-bleu-600-mm\/"},"modified":"2026-02-24T23:08:06","modified_gmt":"2026-02-24T23:08:06","slug":"bouee-couronne-en-polystyrene-blanc-et-bleu-600-mm","status":"publish","type":"product","link":"https:\/\/stoic-curie.212-227-153-4.plesk.page\/fr\/product\/bouee-couronne-en-polystyrene-blanc-et-bleu-600-mm\/","title":{"rendered":"Bou\u00e9e couronne en polystyr\u00e8ne, blanc et bleu, 600\u00a0mm"},"content":{"rendered":"<p>Bou\u00e9e couronne en polystyr\u00e8ne, blanc et bleu, 600\u00a0mm &#8211; <\/p>\n<p>Bou\u00e9e en polystyr\u00e8ne recouverte de PVC rigide (non homologu\u00e9e).<\/p>\n","protected":false},"excerpt":{"rendered":"<p>Bou\u00e9e couronne en polystyr\u00e8ne, blanc et bleu, 600\u00a0mm &#8211; Bou\u00e9e en polystyr\u00e8ne recouverte de PVC rigide (non homologu\u00e9e).<\/p>\n","protected":false},"featured_media":5936078,"comment_status":"open","ping_status":"closed","template":"","meta":[],"product_brand":[3514],"product_cat":[1030,1066],"product_tag":[],"class_list":{"0":"post-725888","1":"product","2":"type-product","3":"status-publish","4":"has-post-thumbnail","6":"product_brand-veleria-san-giorgio-fr","7":"product_cat-bouees-et-slings-de-sauvetage","8":"product_cat-decors-nautique","10":"first","11":"instock","12":"shipping-taxable","13":"purchasable","14":"product-type-simple"},"_links":{"self":[{"href":"https:\/\/stoic-curie.212-227-153-4.plesk.page\/fr\/wp-json\/wp\/v2\/product\/725888","targetHints":{"allow":["GET"]}}],"collection":[{"href":"https:\/\/stoic-curie.212-227-153-4.plesk.page\/fr\/wp-json\/wp\/v2\/product"}],"about":[{"href":"https:\/\/stoic-curie.212-227-153-4.plesk.page\/fr\/wp-json\/wp\/v2\/types\/product"}],"replies":[{"embeddable":true,"href":"https:\/\/stoic-curie.212-227-153-4.plesk.page\/fr\/wp-json\/wp\/v2\/comments?post=725888"}],"version-history":[{"count":0,"href":"https:\/\/stoic-curie.212-227-153-4.plesk.page\/fr\/wp-json\/wp\/v2\/product\/725888\/revisions"}],"wp:featuredmedia":[{"embeddable":true,"href":"https:\/\/stoic-curie.212-227-153-4.plesk.page\/fr\/wp-json\/wp\/v2\/media\/5936078"}],"wp:attachment":[{"href":"https:\/\/stoic-curie.212-227-153-4.plesk.page\/fr\/wp-json\/wp\/v2\/media?parent=725888"}],"wp:term":[{"taxonomy":"product_brand","embeddable":true,"href":"https:\/\/stoic-curie.212-227-153-4.plesk.page\/fr\/wp-json\/wp\/v2\/product_brand?post=725888"},{"taxonomy":"product_cat","embeddable":true,"href":"https:\/\/stoic-curie.212-227-153-4.plesk.page\/fr\/wp-json\/wp\/v2\/product_cat?post=725888"},{"taxonomy":"product_tag","embeddable":true,"href":"https:\/\/stoic-curie.212-227-153-4.plesk.page\/fr\/wp-json\/wp\/v2\/product_tag?post=725888"}],"curies":[{"name":"wp","href":"https:\/\/api.w.org\/{rel}","templated":true}]}}