{"id":725898,"date":"2025-03-03T15:54:38","date_gmt":"2025-03-03T14:54:38","guid":{"rendered":"https:\/\/stoic-curie.212-227-153-4.plesk.page\/producto\/gilet-de-sauvetage-bravo-baby-100-n-15-20-kg\/"},"modified":"2026-02-24T23:08:06","modified_gmt":"2026-02-24T23:08:06","slug":"gilet-de-sauvetage-bravo-baby-100-n-15-20-kg","status":"publish","type":"product","link":"https:\/\/stoic-curie.212-227-153-4.plesk.page\/fr\/product\/gilet-de-sauvetage-bravo-baby-100-n-15-20-kg\/","title":{"rendered":"Gilet de sauvetage Bravo Baby 100\u00a0N, 15-20\u00a0kg"},"content":{"rendered":"<p>Gilet de sauvetage Bravo Baby 100\u00a0N, 15-20\u00a0kg &#8211; <\/p>\n<p>Gilet de sauvetage en mousse pour enfants tr\u00e8s confortable et portable de 100N, certifi\u00e9 EN ISO 12402-4 pour la navigation de loisir \u00e0 moins de 6 milles de la c\u00f4te. Caract\u00e9ristiques : tissu r\u00e9sistant aux d\u00e9chirures, col con\u00e7u pour une meilleure protection de la t\u00eate, fermeture \u00e9clair, ceinture avec boucle de s\u00e9curit\u00e9, sangle de fixation inf\u00e9rieure et entrejambe, patches r\u00e9fl\u00e9chissants et sifflet. 100N &#8211; \u00c0 utiliser dans des eaux c\u00f4ti\u00e8res, adapt\u00e9 m\u00eame pour les non-nageurs mais avec des v\u00eatements l\u00e9gers. Non adapt\u00e9 aux personnes inconscientes.<\/p>\n","protected":false},"excerpt":{"rendered":"<p>Gilet de sauvetage Bravo Baby 100\u00a0N, 15-20\u00a0kg &#8211; Gilet de sauvetage en mousse pour enfants tr\u00e8s confortable et portable de<\/p>\n","protected":false},"featured_media":5936088,"comment_status":"open","ping_status":"closed","template":"","meta":[],"product_brand":[3364],"product_cat":[1032],"product_tag":[],"class_list":{"0":"post-725898","1":"product","2":"type-product","3":"status-publish","4":"has-post-thumbnail","6":"product_brand-securmar-fr","7":"product_cat-gilets-de-sauvetage-enfants","9":"first","10":"instock","11":"shipping-taxable","12":"purchasable","13":"product-type-simple"},"_links":{"self":[{"href":"https:\/\/stoic-curie.212-227-153-4.plesk.page\/fr\/wp-json\/wp\/v2\/product\/725898","targetHints":{"allow":["GET"]}}],"collection":[{"href":"https:\/\/stoic-curie.212-227-153-4.plesk.page\/fr\/wp-json\/wp\/v2\/product"}],"about":[{"href":"https:\/\/stoic-curie.212-227-153-4.plesk.page\/fr\/wp-json\/wp\/v2\/types\/product"}],"replies":[{"embeddable":true,"href":"https:\/\/stoic-curie.212-227-153-4.plesk.page\/fr\/wp-json\/wp\/v2\/comments?post=725898"}],"version-history":[{"count":0,"href":"https:\/\/stoic-curie.212-227-153-4.plesk.page\/fr\/wp-json\/wp\/v2\/product\/725898\/revisions"}],"wp:featuredmedia":[{"embeddable":true,"href":"https:\/\/stoic-curie.212-227-153-4.plesk.page\/fr\/wp-json\/wp\/v2\/media\/5936088"}],"wp:attachment":[{"href":"https:\/\/stoic-curie.212-227-153-4.plesk.page\/fr\/wp-json\/wp\/v2\/media?parent=725898"}],"wp:term":[{"taxonomy":"product_brand","embeddable":true,"href":"https:\/\/stoic-curie.212-227-153-4.plesk.page\/fr\/wp-json\/wp\/v2\/product_brand?post=725898"},{"taxonomy":"product_cat","embeddable":true,"href":"https:\/\/stoic-curie.212-227-153-4.plesk.page\/fr\/wp-json\/wp\/v2\/product_cat?post=725898"},{"taxonomy":"product_tag","embeddable":true,"href":"https:\/\/stoic-curie.212-227-153-4.plesk.page\/fr\/wp-json\/wp\/v2\/product_tag?post=725898"}],"curies":[{"name":"wp","href":"https:\/\/api.w.org\/{rel}","templated":true}]}}