{"id":725899,"date":"2025-03-03T15:54:38","date_gmt":"2025-03-03T14:54:38","guid":{"rendered":"https:\/\/stoic-curie.212-227-153-4.plesk.page\/producto\/gilet-de-sauvetage-homologue-vsg-martinica-150-n-30-40-kg\/"},"modified":"2026-02-24T23:08:06","modified_gmt":"2026-02-24T23:08:06","slug":"gilet-de-sauvetage-homologue-vsg-martinica-150-n-30-40-kg","status":"publish","type":"product","link":"https:\/\/stoic-curie.212-227-153-4.plesk.page\/fr\/product\/gilet-de-sauvetage-homologue-vsg-martinica-150-n-30-40-kg\/","title":{"rendered":"Gilet de sauvetage homologu\u00e9 VSG Martinica 150\u00a0N, 30-40\u00a0kg"},"content":{"rendered":"<p>Gilet de sauvetage homologu\u00e9 VSG Martinica 150\u00a0N, 30-40\u00a0kg &#8211; <\/p>\n<p>Gilet de sauvetage en mousse de 150N confortable et portable, certifi\u00e9 EN ISO 12402-3 pour navigation de plaisir en mer \u00e0 plus de 6 milles de la c\u00f4te. Caract\u00e9ristiques : tissu r\u00e9sistant aux d\u00e9chirures, fermeture \u00e9clair, 2 ceintures avec boucle \u00e0 d\u00e9gagement rapide, sangle inf\u00e9rieure et entrejambe, patches r\u00e9fl\u00e9chissants et sifflet. 150N &#8211; Pour usage en mer, m\u00eame pour les personnes inconscientes.<\/p>\n","protected":false},"excerpt":{"rendered":"<p>Gilet de sauvetage homologu\u00e9 VSG Martinica 150\u00a0N, 30-40\u00a0kg &#8211; Gilet de sauvetage en mousse de 150N confortable et portable, certifi\u00e9<\/p>\n","protected":false},"featured_media":2900017,"comment_status":"open","ping_status":"closed","template":"","meta":[],"product_brand":[2193,3514],"product_cat":[1032],"product_tag":[],"class_list":{"0":"post-725899","1":"product","2":"type-product","3":"status-publish","4":"has-post-thumbnail","6":"product_brand-veleria-san-giorgio","7":"product_brand-veleria-san-giorgio-fr","8":"product_cat-gilets-de-sauvetage-enfants","10":"first","11":"instock","12":"shipping-taxable","13":"purchasable","14":"product-type-simple"},"_links":{"self":[{"href":"https:\/\/stoic-curie.212-227-153-4.plesk.page\/fr\/wp-json\/wp\/v2\/product\/725899","targetHints":{"allow":["GET"]}}],"collection":[{"href":"https:\/\/stoic-curie.212-227-153-4.plesk.page\/fr\/wp-json\/wp\/v2\/product"}],"about":[{"href":"https:\/\/stoic-curie.212-227-153-4.plesk.page\/fr\/wp-json\/wp\/v2\/types\/product"}],"replies":[{"embeddable":true,"href":"https:\/\/stoic-curie.212-227-153-4.plesk.page\/fr\/wp-json\/wp\/v2\/comments?post=725899"}],"version-history":[{"count":0,"href":"https:\/\/stoic-curie.212-227-153-4.plesk.page\/fr\/wp-json\/wp\/v2\/product\/725899\/revisions"}],"wp:featuredmedia":[{"embeddable":true,"href":"https:\/\/stoic-curie.212-227-153-4.plesk.page\/fr\/wp-json\/"}],"wp:attachment":[{"href":"https:\/\/stoic-curie.212-227-153-4.plesk.page\/fr\/wp-json\/wp\/v2\/media?parent=725899"}],"wp:term":[{"taxonomy":"product_brand","embeddable":true,"href":"https:\/\/stoic-curie.212-227-153-4.plesk.page\/fr\/wp-json\/wp\/v2\/product_brand?post=725899"},{"taxonomy":"product_cat","embeddable":true,"href":"https:\/\/stoic-curie.212-227-153-4.plesk.page\/fr\/wp-json\/wp\/v2\/product_cat?post=725899"},{"taxonomy":"product_tag","embeddable":true,"href":"https:\/\/stoic-curie.212-227-153-4.plesk.page\/fr\/wp-json\/wp\/v2\/product_tag?post=725899"}],"curies":[{"name":"wp","href":"https:\/\/api.w.org\/{rel}","templated":true}]}}