{"id":725907,"date":"2025-03-03T15:54:41","date_gmt":"2025-03-03T14:54:41","guid":{"rendered":"https:\/\/stoic-curie.212-227-153-4.plesk.page\/producto\/gilet-flottant-de-sports-nautiques-securmar-jump-50-n-70-90-kg\/"},"modified":"2026-02-24T23:08:06","modified_gmt":"2026-02-24T23:08:06","slug":"gilet-flottant-de-sports-nautiques-securmar-jump-50-n-70-90-kg","status":"publish","type":"product","link":"https:\/\/stoic-curie.212-227-153-4.plesk.page\/fr\/product\/gilet-flottant-de-sports-nautiques-securmar-jump-50-n-70-90-kg\/","title":{"rendered":"Gilet flottant de sports nautiques Securmar Jump 50\u00a0N, 70-90\u00a0kg"},"content":{"rendered":"<p>Gilet flottant de sports nautiques Securmar Jump 50\u00a0N, 70-90\u00a0kg &#8211; <\/p>\n<p>Premi\u00e8re Classe (par Stearns) gilet d&#8217;aide \u00e0 la flottabilit\u00e9 de 50N approuv\u00e9 ISO EN12402-5 pour les marins exigeants. Les fermetures lat\u00e9rales vous permettent de l&#8217;ajuster pour un fit confortable. La mousse SECU douce agit comme un coussin pour le corps m\u00eame dans les conditions les plus difficiles de r\u00e9gate. 50N &#8211; Aide \u00e0 la flottabilit\u00e9 et \u00e0 la natation. Ce n&#8217;est pas un gilet de sauvetage. Pour les nageurs r\u00e9guliers. \u00c0 utiliser pr\u00e8s du rivage.<\/p>\n","protected":false},"excerpt":{"rendered":"<p>Gilet flottant de sports nautiques Securmar Jump 50\u00a0N, 70-90\u00a0kg &#8211; Premi\u00e8re Classe (par Stearns) gilet d&#8217;aide \u00e0 la flottabilit\u00e9 de<\/p>\n","protected":false},"featured_media":5936095,"comment_status":"open","ping_status":"closed","template":"","meta":[],"product_brand":[3364],"product_cat":[1029,1268],"product_tag":[],"class_list":{"0":"post-725907","1":"product","2":"type-product","3":"status-publish","4":"has-post-thumbnail","6":"product_brand-securmar-fr","7":"product_cat-gilets-bouyancy-aid","8":"product_cat-vestes-de-sport","10":"first","11":"instock","12":"shipping-taxable","13":"purchasable","14":"product-type-simple"},"_links":{"self":[{"href":"https:\/\/stoic-curie.212-227-153-4.plesk.page\/fr\/wp-json\/wp\/v2\/product\/725907","targetHints":{"allow":["GET"]}}],"collection":[{"href":"https:\/\/stoic-curie.212-227-153-4.plesk.page\/fr\/wp-json\/wp\/v2\/product"}],"about":[{"href":"https:\/\/stoic-curie.212-227-153-4.plesk.page\/fr\/wp-json\/wp\/v2\/types\/product"}],"replies":[{"embeddable":true,"href":"https:\/\/stoic-curie.212-227-153-4.plesk.page\/fr\/wp-json\/wp\/v2\/comments?post=725907"}],"version-history":[{"count":0,"href":"https:\/\/stoic-curie.212-227-153-4.plesk.page\/fr\/wp-json\/wp\/v2\/product\/725907\/revisions"}],"wp:featuredmedia":[{"embeddable":true,"href":"https:\/\/stoic-curie.212-227-153-4.plesk.page\/fr\/wp-json\/wp\/v2\/media\/5936095"}],"wp:attachment":[{"href":"https:\/\/stoic-curie.212-227-153-4.plesk.page\/fr\/wp-json\/wp\/v2\/media?parent=725907"}],"wp:term":[{"taxonomy":"product_brand","embeddable":true,"href":"https:\/\/stoic-curie.212-227-153-4.plesk.page\/fr\/wp-json\/wp\/v2\/product_brand?post=725907"},{"taxonomy":"product_cat","embeddable":true,"href":"https:\/\/stoic-curie.212-227-153-4.plesk.page\/fr\/wp-json\/wp\/v2\/product_cat?post=725907"},{"taxonomy":"product_tag","embeddable":true,"href":"https:\/\/stoic-curie.212-227-153-4.plesk.page\/fr\/wp-json\/wp\/v2\/product_tag?post=725907"}],"curies":[{"name":"wp","href":"https:\/\/api.w.org\/{rel}","templated":true}]}}