{"id":725911,"date":"2025-03-03T15:54:41","date_gmt":"2025-03-03T14:54:41","guid":{"rendered":"https:\/\/stoic-curie.212-227-153-4.plesk.page\/producto\/aide-a-la-flottabilite-securmar-50-n-70-90-kg\/"},"modified":"2026-02-24T23:08:06","modified_gmt":"2026-02-24T23:08:06","slug":"aide-a-la-flottabilite-securmar-50-n-70-90-kg","status":"publish","type":"product","link":"https:\/\/stoic-curie.212-227-153-4.plesk.page\/fr\/product\/aide-a-la-flottabilite-securmar-50-n-70-90-kg\/","title":{"rendered":"Aide \u00e0 la flottabilit\u00e9 Securmar 50\u00a0N, 70-90\u00a0kg"},"content":{"rendered":"<p>Aide \u00e0 la flottabilit\u00e9 Securmar 50\u00a0N, 70-90\u00a0kg &#8211; <\/p>\n<p>Veste d&#8217;aide \u00e0 la flottabilit\u00e9 Echo 50N approuv\u00e9e ISO EN12402-5, adapt\u00e9e \u00e0 tous les sports nautiques. Tr\u00e8s confortable et agr\u00e9able \u00e0 porter, avec une doublure douce en toile r\u00e9sistante \u00e0 la d\u00e9chirure. Fermeture \u00e9clair et ceinture r\u00e9glable avec boucle de lib\u00e9ration rapide. 50N &#8211; Aide \u00e0 la flottabilit\u00e9 et \u00e0 la natation. Ceci n&#8217;est pas un gilet de sauvetage. Pour les nageurs r\u00e9guliers. \u00c0 utiliser pr\u00e8s du rivage.<\/p>\n","protected":false},"excerpt":{"rendered":"<p>Aide \u00e0 la flottabilit\u00e9 Securmar 50\u00a0N, 70-90\u00a0kg &#8211; Veste d&#8217;aide \u00e0 la flottabilit\u00e9 Echo 50N approuv\u00e9e ISO EN12402-5, adapt\u00e9e \u00e0<\/p>\n","protected":false},"featured_media":5936100,"comment_status":"open","ping_status":"closed","template":"","meta":[],"product_brand":[3364],"product_cat":[1029,1268],"product_tag":[],"class_list":{"0":"post-725911","1":"product","2":"type-product","3":"status-publish","4":"has-post-thumbnail","6":"product_brand-securmar-fr","7":"product_cat-gilets-bouyancy-aid","8":"product_cat-vestes-de-sport","10":"first","11":"instock","12":"shipping-taxable","13":"purchasable","14":"product-type-simple"},"_links":{"self":[{"href":"https:\/\/stoic-curie.212-227-153-4.plesk.page\/fr\/wp-json\/wp\/v2\/product\/725911","targetHints":{"allow":["GET"]}}],"collection":[{"href":"https:\/\/stoic-curie.212-227-153-4.plesk.page\/fr\/wp-json\/wp\/v2\/product"}],"about":[{"href":"https:\/\/stoic-curie.212-227-153-4.plesk.page\/fr\/wp-json\/wp\/v2\/types\/product"}],"replies":[{"embeddable":true,"href":"https:\/\/stoic-curie.212-227-153-4.plesk.page\/fr\/wp-json\/wp\/v2\/comments?post=725911"}],"version-history":[{"count":0,"href":"https:\/\/stoic-curie.212-227-153-4.plesk.page\/fr\/wp-json\/wp\/v2\/product\/725911\/revisions"}],"wp:featuredmedia":[{"embeddable":true,"href":"https:\/\/stoic-curie.212-227-153-4.plesk.page\/fr\/wp-json\/wp\/v2\/media\/5936100"}],"wp:attachment":[{"href":"https:\/\/stoic-curie.212-227-153-4.plesk.page\/fr\/wp-json\/wp\/v2\/media?parent=725911"}],"wp:term":[{"taxonomy":"product_brand","embeddable":true,"href":"https:\/\/stoic-curie.212-227-153-4.plesk.page\/fr\/wp-json\/wp\/v2\/product_brand?post=725911"},{"taxonomy":"product_cat","embeddable":true,"href":"https:\/\/stoic-curie.212-227-153-4.plesk.page\/fr\/wp-json\/wp\/v2\/product_cat?post=725911"},{"taxonomy":"product_tag","embeddable":true,"href":"https:\/\/stoic-curie.212-227-153-4.plesk.page\/fr\/wp-json\/wp\/v2\/product_tag?post=725911"}],"curies":[{"name":"wp","href":"https:\/\/api.w.org\/{rel}","templated":true}]}}