{"id":725915,"date":"2025-03-03T15:54:42","date_gmt":"2025-03-03T14:54:42","guid":{"rendered":"https:\/\/stoic-curie.212-227-153-4.plesk.page\/producto\/treuil-manuel-noir-2-vitesses-1-125-kg\/"},"modified":"2026-02-24T23:08:06","modified_gmt":"2026-02-24T23:08:06","slug":"treuil-manuel-noir-2-vitesses-1-125-kg","status":"publish","type":"product","link":"https:\/\/stoic-curie.212-227-153-4.plesk.page\/fr\/product\/treuil-manuel-noir-2-vitesses-1-125-kg\/","title":{"rendered":"Treuil manuel noir 2\u00a0vitesses, 1\u00a0125\u00a0kg"},"content":{"rendered":"<p>Treuil manuel noir 2\u00a0vitesses, 1\u00a0125\u00a0kg &#8211; <\/p>\n<p>Treuils manuels pour un halage facile des bateaux. Charge maximale en kg : limite de poids que le treuil peut supporter en traction horizontale avec un glissement optimal. Pour des charges inclin\u00e9es, il est recommand\u00e9 de ne pas d\u00e9passer les deux tiers de la limite de poids. Livr\u00e9 sans c\u00e2ble m\u00e9tallique ni sangle.<\/p>\n","protected":false},"excerpt":{"rendered":"<p>Treuil manuel noir 2\u00a0vitesses, 1\u00a0125\u00a0kg &#8211; Treuils manuels pour un halage facile des bateaux. Charge maximale en kg : limite<\/p>\n","protected":false},"featured_media":5936105,"comment_status":"open","ping_status":"closed","template":"","meta":[],"product_brand":[2889],"product_cat":[1260],"product_tag":[],"class_list":{"0":"post-725915","1":"product","2":"type-product","3":"status-publish","4":"has-post-thumbnail","6":"product_brand-domar-fr","7":"product_cat-treuils-remorques","9":"first","10":"instock","11":"shipping-taxable","12":"purchasable","13":"product-type-simple"},"_links":{"self":[{"href":"https:\/\/stoic-curie.212-227-153-4.plesk.page\/fr\/wp-json\/wp\/v2\/product\/725915","targetHints":{"allow":["GET"]}}],"collection":[{"href":"https:\/\/stoic-curie.212-227-153-4.plesk.page\/fr\/wp-json\/wp\/v2\/product"}],"about":[{"href":"https:\/\/stoic-curie.212-227-153-4.plesk.page\/fr\/wp-json\/wp\/v2\/types\/product"}],"replies":[{"embeddable":true,"href":"https:\/\/stoic-curie.212-227-153-4.plesk.page\/fr\/wp-json\/wp\/v2\/comments?post=725915"}],"version-history":[{"count":0,"href":"https:\/\/stoic-curie.212-227-153-4.plesk.page\/fr\/wp-json\/wp\/v2\/product\/725915\/revisions"}],"wp:featuredmedia":[{"embeddable":true,"href":"https:\/\/stoic-curie.212-227-153-4.plesk.page\/fr\/wp-json\/wp\/v2\/media\/5936105"}],"wp:attachment":[{"href":"https:\/\/stoic-curie.212-227-153-4.plesk.page\/fr\/wp-json\/wp\/v2\/media?parent=725915"}],"wp:term":[{"taxonomy":"product_brand","embeddable":true,"href":"https:\/\/stoic-curie.212-227-153-4.plesk.page\/fr\/wp-json\/wp\/v2\/product_brand?post=725915"},{"taxonomy":"product_cat","embeddable":true,"href":"https:\/\/stoic-curie.212-227-153-4.plesk.page\/fr\/wp-json\/wp\/v2\/product_cat?post=725915"},{"taxonomy":"product_tag","embeddable":true,"href":"https:\/\/stoic-curie.212-227-153-4.plesk.page\/fr\/wp-json\/wp\/v2\/product_tag?post=725915"}],"curies":[{"name":"wp","href":"https:\/\/api.w.org\/{rel}","templated":true}]}}