{"id":725919,"date":"2025-03-03T15:54:43","date_gmt":"2025-03-03T14:54:43","guid":{"rendered":"https:\/\/stoic-curie.212-227-153-4.plesk.page\/producto\/mousqueton-inox-a-emerillon-wichard-105-mm\/"},"modified":"2026-02-24T23:08:07","modified_gmt":"2026-02-24T23:08:07","slug":"mousqueton-inox-a-emerillon-wichard-105-mm","status":"publish","type":"product","link":"https:\/\/stoic-curie.212-227-153-4.plesk.page\/fr\/product\/mousqueton-inox-a-emerillon-wichard-105-mm\/","title":{"rendered":"Mousqueton inox \u00e0 \u00e9merillon Wichard, 105\u00a0mm"},"content":{"rendered":"<p>Mousqueton inox \u00e0 \u00e9merillon Wichard, 105\u00a0mm &#8211; <\/p>\n<p>Manille \u00e0 ressort pivotante \u00e0 large anse en acier inoxydable forg\u00e9 Wichard 316. Charge de rupture (BL) test\u00e9e et garantie.<\/p>\n","protected":false},"excerpt":{"rendered":"<p>Mousqueton inox \u00e0 \u00e9merillon Wichard, 105\u00a0mm &#8211; Manille \u00e0 ressort pivotante \u00e0 large anse en acier inoxydable forg\u00e9 Wichard 316.<\/p>\n","protected":false},"featured_media":5936161,"comment_status":"open","ping_status":"closed","template":"","meta":[],"product_brand":[3534],"product_cat":[1131,1190],"product_tag":[],"class_list":{"0":"post-725919","1":"product","2":"type-product","3":"status-publish","4":"has-post-thumbnail","6":"product_brand-wichard-fr","7":"product_cat-mousquetons","8":"product_cat-mousquetons-et-manilles","10":"first","11":"instock","12":"shipping-taxable","13":"purchasable","14":"product-type-simple"},"_links":{"self":[{"href":"https:\/\/stoic-curie.212-227-153-4.plesk.page\/fr\/wp-json\/wp\/v2\/product\/725919","targetHints":{"allow":["GET"]}}],"collection":[{"href":"https:\/\/stoic-curie.212-227-153-4.plesk.page\/fr\/wp-json\/wp\/v2\/product"}],"about":[{"href":"https:\/\/stoic-curie.212-227-153-4.plesk.page\/fr\/wp-json\/wp\/v2\/types\/product"}],"replies":[{"embeddable":true,"href":"https:\/\/stoic-curie.212-227-153-4.plesk.page\/fr\/wp-json\/wp\/v2\/comments?post=725919"}],"version-history":[{"count":0,"href":"https:\/\/stoic-curie.212-227-153-4.plesk.page\/fr\/wp-json\/wp\/v2\/product\/725919\/revisions"}],"wp:featuredmedia":[{"embeddable":true,"href":"https:\/\/stoic-curie.212-227-153-4.plesk.page\/fr\/wp-json\/wp\/v2\/media\/5936161"}],"wp:attachment":[{"href":"https:\/\/stoic-curie.212-227-153-4.plesk.page\/fr\/wp-json\/wp\/v2\/media?parent=725919"}],"wp:term":[{"taxonomy":"product_brand","embeddable":true,"href":"https:\/\/stoic-curie.212-227-153-4.plesk.page\/fr\/wp-json\/wp\/v2\/product_brand?post=725919"},{"taxonomy":"product_cat","embeddable":true,"href":"https:\/\/stoic-curie.212-227-153-4.plesk.page\/fr\/wp-json\/wp\/v2\/product_cat?post=725919"},{"taxonomy":"product_tag","embeddable":true,"href":"https:\/\/stoic-curie.212-227-153-4.plesk.page\/fr\/wp-json\/wp\/v2\/product_tag?post=725919"}],"curies":[{"name":"wp","href":"https:\/\/api.w.org\/{rel}","templated":true}]}}