{"id":725931,"date":"2025-03-03T15:54:45","date_gmt":"2025-03-03T14:54:45","guid":{"rendered":"https:\/\/stoic-curie.212-227-153-4.plesk.page\/producto\/boite-a-reas-antal-4-reas-pour-cordages-jusqua-d-16-mm\/"},"modified":"2026-02-24T23:08:07","modified_gmt":"2026-02-24T23:08:07","slug":"boite-a-reas-antal-4-reas-pour-cordages-jusqua-d-16-mm","status":"publish","type":"product","link":"https:\/\/stoic-curie.212-227-153-4.plesk.page\/fr\/product\/boite-a-reas-antal-4-reas-pour-cordages-jusqua-d-16-mm\/","title":{"rendered":"Bo\u00eete \u00e0 r\u00e9as Antal, 4\u00a0r\u00e9as, pour cordages jusqu\u2019\u00e0 D\u00a016\u00a0mm"},"content":{"rendered":"<p>Bo\u00eete \u00e0 r\u00e9as Antal, 4\u00a0r\u00e9as, pour cordages jusqu\u2019\u00e0 D\u00a016\u00a0mm &#8211; <\/p>\n<p>Bo\u00eetier en aluminium anodis\u00e9 noir, poulies en r\u00e9sine haute r\u00e9sistance avec double roulement \u00e0 billes. Tous les mod\u00e8les sont fournis avec des vis en acier inoxydable 316, des rondelles et des \u00e9crous de montage.<\/p>\n","protected":false},"excerpt":{"rendered":"<p>Bo\u00eete \u00e0 r\u00e9as Antal, 4\u00a0r\u00e9as, pour cordages jusqu\u2019\u00e0 D\u00a016\u00a0mm &#8211; Bo\u00eetier en aluminium anodis\u00e9 noir, poulies en r\u00e9sine haute r\u00e9sistance<\/p>\n","protected":false},"featured_media":5936188,"comment_status":"open","ping_status":"closed","template":"","meta":[],"product_brand":[2784],"product_cat":[1186,1188],"product_tag":[],"class_list":{"0":"post-725931","1":"product","2":"type-product","3":"status-publish","4":"has-post-thumbnail","6":"product_brand-antal-fr","7":"product_cat-poulies-organisateurs-de-pont","8":"product_cat-pulleys-antal","10":"first","11":"instock","12":"shipping-taxable","13":"purchasable","14":"product-type-simple"},"_links":{"self":[{"href":"https:\/\/stoic-curie.212-227-153-4.plesk.page\/fr\/wp-json\/wp\/v2\/product\/725931","targetHints":{"allow":["GET"]}}],"collection":[{"href":"https:\/\/stoic-curie.212-227-153-4.plesk.page\/fr\/wp-json\/wp\/v2\/product"}],"about":[{"href":"https:\/\/stoic-curie.212-227-153-4.plesk.page\/fr\/wp-json\/wp\/v2\/types\/product"}],"replies":[{"embeddable":true,"href":"https:\/\/stoic-curie.212-227-153-4.plesk.page\/fr\/wp-json\/wp\/v2\/comments?post=725931"}],"version-history":[{"count":0,"href":"https:\/\/stoic-curie.212-227-153-4.plesk.page\/fr\/wp-json\/wp\/v2\/product\/725931\/revisions"}],"wp:featuredmedia":[{"embeddable":true,"href":"https:\/\/stoic-curie.212-227-153-4.plesk.page\/fr\/wp-json\/wp\/v2\/media\/5936188"}],"wp:attachment":[{"href":"https:\/\/stoic-curie.212-227-153-4.plesk.page\/fr\/wp-json\/wp\/v2\/media?parent=725931"}],"wp:term":[{"taxonomy":"product_brand","embeddable":true,"href":"https:\/\/stoic-curie.212-227-153-4.plesk.page\/fr\/wp-json\/wp\/v2\/product_brand?post=725931"},{"taxonomy":"product_cat","embeddable":true,"href":"https:\/\/stoic-curie.212-227-153-4.plesk.page\/fr\/wp-json\/wp\/v2\/product_cat?post=725931"},{"taxonomy":"product_tag","embeddable":true,"href":"https:\/\/stoic-curie.212-227-153-4.plesk.page\/fr\/wp-json\/wp\/v2\/product_tag?post=725931"}],"curies":[{"name":"wp","href":"https:\/\/api.w.org\/{rel}","templated":true}]}}