{"id":725934,"date":"2025-03-03T15:54:45","date_gmt":"2025-03-03T14:54:45","guid":{"rendered":"https:\/\/stoic-curie.212-227-153-4.plesk.page\/producto\/winch-aluminium-1-vitesse-w6-antal-d-94-mm\/"},"modified":"2026-02-24T23:08:07","modified_gmt":"2026-02-24T23:08:07","slug":"winch-aluminium-1-vitesse-w6-antal-d-94-mm","status":"publish","type":"product","link":"https:\/\/stoic-curie.212-227-153-4.plesk.page\/fr\/product\/winch-aluminium-1-vitesse-w6-antal-d-94-mm\/","title":{"rendered":"Winch aluminium 1\u00a0vitesse W6 Antal, D\u00a094\u00a0mm"},"content":{"rendered":"<p>Winch aluminium 1\u00a0vitesse W6 Antal, D\u00a094\u00a0mm &#8211; <\/p>\n<p>Un treuil \u00e0 vitesse directe Antal. Tournez la poign\u00e9e dans le sens des aiguilles d&#8217;une montre pour engager le seul rapport direct ; la poign\u00e9e tourne librement dans le sens inverse des aiguilles d&#8217;une montre.<\/p>\n","protected":false},"excerpt":{"rendered":"<p>Winch aluminium 1\u00a0vitesse W6 Antal, D\u00a094\u00a0mm &#8211; Un treuil \u00e0 vitesse directe Antal. Tournez la poign\u00e9e dans le sens des<\/p>\n","protected":false},"featured_media":5936201,"comment_status":"open","ping_status":"closed","template":"","meta":[],"product_brand":[2784],"product_cat":[1199],"product_tag":[],"class_list":{"0":"post-725934","1":"product","2":"type-product","3":"status-publish","4":"has-post-thumbnail","6":"product_brand-antal-fr","7":"product_cat-winch-antal","9":"first","10":"instock","11":"shipping-taxable","12":"purchasable","13":"product-type-simple"},"_links":{"self":[{"href":"https:\/\/stoic-curie.212-227-153-4.plesk.page\/fr\/wp-json\/wp\/v2\/product\/725934","targetHints":{"allow":["GET"]}}],"collection":[{"href":"https:\/\/stoic-curie.212-227-153-4.plesk.page\/fr\/wp-json\/wp\/v2\/product"}],"about":[{"href":"https:\/\/stoic-curie.212-227-153-4.plesk.page\/fr\/wp-json\/wp\/v2\/types\/product"}],"replies":[{"embeddable":true,"href":"https:\/\/stoic-curie.212-227-153-4.plesk.page\/fr\/wp-json\/wp\/v2\/comments?post=725934"}],"version-history":[{"count":0,"href":"https:\/\/stoic-curie.212-227-153-4.plesk.page\/fr\/wp-json\/wp\/v2\/product\/725934\/revisions"}],"wp:featuredmedia":[{"embeddable":true,"href":"https:\/\/stoic-curie.212-227-153-4.plesk.page\/fr\/wp-json\/wp\/v2\/media\/5936201"}],"wp:attachment":[{"href":"https:\/\/stoic-curie.212-227-153-4.plesk.page\/fr\/wp-json\/wp\/v2\/media?parent=725934"}],"wp:term":[{"taxonomy":"product_brand","embeddable":true,"href":"https:\/\/stoic-curie.212-227-153-4.plesk.page\/fr\/wp-json\/wp\/v2\/product_brand?post=725934"},{"taxonomy":"product_cat","embeddable":true,"href":"https:\/\/stoic-curie.212-227-153-4.plesk.page\/fr\/wp-json\/wp\/v2\/product_cat?post=725934"},{"taxonomy":"product_tag","embeddable":true,"href":"https:\/\/stoic-curie.212-227-153-4.plesk.page\/fr\/wp-json\/wp\/v2\/product_tag?post=725934"}],"curies":[{"name":"wp","href":"https:\/\/api.w.org\/{rel}","templated":true}]}}