{"id":728805,"date":"2025-03-03T16:02:37","date_gmt":"2025-03-03T15:02:37","guid":{"rendered":"https:\/\/stoic-curie.212-227-153-4.plesk.page\/producto\/propulseur-detrave-quick-btq-185-55-12-v\/"},"modified":"2026-02-24T23:08:31","modified_gmt":"2026-02-24T23:08:31","slug":"propulseur-detrave-quick-btq-185-55-12-v","status":"publish","type":"product","link":"https:\/\/stoic-curie.212-227-153-4.plesk.page\/fr\/product\/propulseur-detrave-quick-btq-185-55-12-v\/","title":{"rendered":"Propulseur d\u2019\u00e9trave Quick BTQ 185-55, 12\u00a0V"},"content":{"rendered":"<p>Propulseur d\u2019\u00e9trave Quick BTQ 185-55, 12\u00a0V &#8211; <\/p>\n<p style=\"color: rgb(34, 34, 34); font-family: Arial, Helvetica, sans-serif; font-size: small;\">Le propulseur Quick BTQ 185-55 12V DC est un excellent choix pour les bateaux mesurant entre 8 et 15 m\u00e8tres (26 \u00e0 49 pieds) de long. Ce mod\u00e8le dispose d&#8217;une seule h\u00e9lice en mat\u00e9riau composite durable, compl\u00e9t\u00e9e par un r\u00e9ducteur en bronze robuste et un couvercle de sol\u00e9no\u00efde de protection \u00e9galement en mat\u00e9riau composite r\u00e9sistant. Il comprend un accouplement \u00e9lastique et une anode en zinc ind\u00e9pendante du r\u00e9ducteur, ce qui permet un remplacement facile.<\/p>\n<p style=\"color: rgb(34, 34, 34); font-family: Arial, Helvetica, sans-serif; font-size: small;\"><strong>Caract\u00e9ristiques Principales du Propulseur Bow Quick BTQ 185 :<\/strong><\/p>\n<ul style=\"color: rgb(34, 34, 34); font-family: Arial, Helvetica, sans-serif; font-size: small;\">\n<li>H\u00e9lice unique en mat\u00e9riau composite durable<\/li>\n<li>R\u00e9ducteur en bronze pour une fiabilit\u00e9 accrue<\/li>\n<li>Couvercle de sol\u00e9no\u00efde protecteur fabriqu\u00e9 en mat\u00e9riau composite r\u00e9sistant<\/li>\n<li>Anode en zinc facilement rempla\u00e7able et ind\u00e9pendante du r\u00e9ducteur<\/li>\n<li>\u00c9quip\u00e9 d&#8217;un accouplement \u00e9lastique<\/li>\n<li>Recommand\u00e9 pour les bateaux mesurant de 8 \u00e0 15 m\u00e8tres (26 \u00e0 49 pieds)<\/li>\n<\/ul>\n<p style=\"color: rgb(34, 34, 34); font-family: Arial, Helvetica, sans-serif; font-size: small;\"><strong>Sp\u00e9cifications :<\/strong><\/p>\n<ul style=\"color: rgb(34, 34, 34); font-family: Arial, Helvetica, sans-serif; font-size: small;\">\n<li>Mod\u00e8le : BTQ 185-55 (12V)<\/li>\n<li>Type d&#8217;H\u00e9lice : Unique<\/li>\n<li>Diam\u00e8tre du Tunnel : 185 mm (7 pouces 18\/64)<\/li>\n<li>Puissance du Moteur : 3,0 kW<\/li>\n<li>Tension : 12V<\/li>\n<li>\u00c9valuation du Fusible : 250A CNL DIN<\/li>\n<li>Pouss\u00e9e : 55 kgf (121.2 lb)<\/li>\n<li>Poids : 16,7 kg (36,8 lb)<\/li>\n<\/ul>\n<p style=\"color: rgb(34, 34, 34); font-family: Arial, Helvetica, sans-serif; font-size: small;\"><strong>Inclus dans le Paquet :<\/strong><\/p>\n<ul style=\"color: rgb(34, 34, 34); font-family: Arial, Helvetica, sans-serif; font-size: small;\">\n<li>Propulseur<\/li>\n<li>Mod\u00e8le de per\u00e7age<\/li>\n<li>Joint<\/li>\n<li>O-ring (pour assemblage)<\/li>\n<li>Manuel d&#8217;installation et d&#8217;utilisation<\/li>\n<li>Conditions de garantie<\/li>\n<\/ul>\n<p style=\"color: rgb(34, 34, 34); font-family: Arial, Helvetica, sans-serif; font-size: small;\">Ce propulseur est con\u00e7u pour offrir des performances fiables et une installation facile, ce qui en fait un ajout pr\u00e9cieux \u00e0 votre \u00e9quipement de navigation.<\/p>\n","protected":false},"excerpt":{"rendered":"<p>Propulseur d\u2019\u00e9trave Quick BTQ 185-55, 12\u00a0V &#8211; Le propulseur Quick BTQ 185-55 12V DC est un excellent choix pour les<\/p>\n","protected":false},"featured_media":5943456,"comment_status":"open","ping_status":"closed","template":"","meta":[],"product_brand":[3279],"product_cat":[1036],"product_tag":[],"class_list":{"0":"post-728805","1":"product","2":"type-product","3":"status-publish","4":"has-post-thumbnail","6":"product_brand-quick-fr","7":"product_cat-propulseurs-detrave-quick","9":"first","10":"instock","11":"shipping-taxable","12":"purchasable","13":"product-type-simple"},"_links":{"self":[{"href":"https:\/\/stoic-curie.212-227-153-4.plesk.page\/fr\/wp-json\/wp\/v2\/product\/728805","targetHints":{"allow":["GET"]}}],"collection":[{"href":"https:\/\/stoic-curie.212-227-153-4.plesk.page\/fr\/wp-json\/wp\/v2\/product"}],"about":[{"href":"https:\/\/stoic-curie.212-227-153-4.plesk.page\/fr\/wp-json\/wp\/v2\/types\/product"}],"replies":[{"embeddable":true,"href":"https:\/\/stoic-curie.212-227-153-4.plesk.page\/fr\/wp-json\/wp\/v2\/comments?post=728805"}],"version-history":[{"count":0,"href":"https:\/\/stoic-curie.212-227-153-4.plesk.page\/fr\/wp-json\/wp\/v2\/product\/728805\/revisions"}],"wp:featuredmedia":[{"embeddable":true,"href":"https:\/\/stoic-curie.212-227-153-4.plesk.page\/fr\/wp-json\/wp\/v2\/media\/5943456"}],"wp:attachment":[{"href":"https:\/\/stoic-curie.212-227-153-4.plesk.page\/fr\/wp-json\/wp\/v2\/media?parent=728805"}],"wp:term":[{"taxonomy":"product_brand","embeddable":true,"href":"https:\/\/stoic-curie.212-227-153-4.plesk.page\/fr\/wp-json\/wp\/v2\/product_brand?post=728805"},{"taxonomy":"product_cat","embeddable":true,"href":"https:\/\/stoic-curie.212-227-153-4.plesk.page\/fr\/wp-json\/wp\/v2\/product_cat?post=728805"},{"taxonomy":"product_tag","embeddable":true,"href":"https:\/\/stoic-curie.212-227-153-4.plesk.page\/fr\/wp-json\/wp\/v2\/product_tag?post=728805"}],"curies":[{"name":"wp","href":"https:\/\/api.w.org\/{rel}","templated":true}]}}