{"id":728807,"date":"2025-03-03T16:02:37","date_gmt":"2025-03-03T15:02:37","guid":{"rendered":"https:\/\/stoic-curie.212-227-153-4.plesk.page\/producto\/propulseur-detrave-quick-btq-185-75-12-v\/"},"modified":"2026-02-24T23:08:31","modified_gmt":"2026-02-24T23:08:31","slug":"propulseur-detrave-quick-btq-185-75-12-v","status":"publish","type":"product","link":"https:\/\/stoic-curie.212-227-153-4.plesk.page\/fr\/product\/propulseur-detrave-quick-btq-185-75-12-v\/","title":{"rendered":"Propulseur d\u2019\u00e9trave Quick BTQ 185-75, 12\u00a0V"},"content":{"rendered":"<p>Propulseur d\u2019\u00e9trave Quick BTQ 185-75, 12\u00a0V &#8211; <\/p>\n<p><strong>Quick BTQ185 Bow Thruster<\/strong><\/p>\n<p>Le propulseur Quick BTQ185-75 est con\u00e7u pour les bateaux mesurant entre 8 et 15 m\u00e8tres (26 \u00e0 49 pieds) de long. Ce mod\u00e8le dispose d&#8217;une h\u00e9lice unique fabriqu\u00e9e en mat\u00e9riau composite durable, compl\u00e9t\u00e9e par une robuste bo\u00eete de vitesses en bronze. Les sol\u00e9no\u00efdes sont prot\u00e9g\u00e9s par un bo\u00eetier en composite solide, garantissant long\u00e9vit\u00e9 et fiabilit\u00e9. De plus, le propulseur est \u00e9quip\u00e9 d&#8217;un accouplement \u00e9lastique et d&#8217;un anode en zinc qui est ind\u00e9pendant de la bo\u00eete de vitesses, permettant un remplacement facile en cas de besoin.<\/p>\n<p><strong>Sp\u00e9cifications :<\/strong><\/p>\n<ul>\n<li><strong>Mod\u00e8le :<\/strong> BTQ 185-75<\/li>\n<li><strong>Type d&#8217;h\u00e9lice :<\/strong> Unique<\/li>\n<li><strong>Diam\u00e8tre du tunnel :<\/strong> 185 mm (7 pouces 18\/64)<\/li>\n<li><strong>Puissance du moteur :<\/strong> 4,0 kW<\/li>\n<li><strong>Fusible :<\/strong> 350A CNL DIN<\/li>\n<li><strong>Pouss\u00e9e :<\/strong> 75 kgf (165,3 lb)<\/li>\n<li><strong>Poids :<\/strong> 17,5 kg (38,6 lb)<\/li>\n<\/ul>\n<p><strong>Contenu du produit :<\/strong><\/p>\n<ul>\n<li>Propulseur<\/li>\n<li>Gabarit de per\u00e7age<\/li>\n<li>Joint<\/li>\n<li>O-ring (pour montage)<\/li>\n<li>Manuel d&#8217;installation et d&#8217;utilisation<\/li>\n<li>Conditions de garantie<\/li>\n<\/ul>\n<p>Cette vue d&#8217;ensemble compl\u00e8te du Quick BTQ185-75 Bow Thruster met en avant ses principales caract\u00e9ristiques et sp\u00e9cifications, assurant que les propri\u00e9taires de bateaux peuvent prendre une d\u00e9cision \u00e9clair\u00e9e lorsqu&#8217;ils choisissent un \u00e9quipement fiable pour leurs embarcations.<\/p>\n","protected":false},"excerpt":{"rendered":"<p>Propulseur d\u2019\u00e9trave Quick BTQ 185-75, 12\u00a0V &#8211; Quick BTQ185 Bow Thruster Le propulseur Quick BTQ185-75 est con\u00e7u pour les bateaux<\/p>\n","protected":false},"featured_media":5943457,"comment_status":"open","ping_status":"closed","template":"","meta":[],"product_brand":[3279],"product_cat":[1036],"product_tag":[],"class_list":{"0":"post-728807","1":"product","2":"type-product","3":"status-publish","4":"has-post-thumbnail","6":"product_brand-quick-fr","7":"product_cat-propulseurs-detrave-quick","9":"first","10":"instock","11":"shipping-taxable","12":"purchasable","13":"product-type-simple"},"_links":{"self":[{"href":"https:\/\/stoic-curie.212-227-153-4.plesk.page\/fr\/wp-json\/wp\/v2\/product\/728807","targetHints":{"allow":["GET"]}}],"collection":[{"href":"https:\/\/stoic-curie.212-227-153-4.plesk.page\/fr\/wp-json\/wp\/v2\/product"}],"about":[{"href":"https:\/\/stoic-curie.212-227-153-4.plesk.page\/fr\/wp-json\/wp\/v2\/types\/product"}],"replies":[{"embeddable":true,"href":"https:\/\/stoic-curie.212-227-153-4.plesk.page\/fr\/wp-json\/wp\/v2\/comments?post=728807"}],"version-history":[{"count":0,"href":"https:\/\/stoic-curie.212-227-153-4.plesk.page\/fr\/wp-json\/wp\/v2\/product\/728807\/revisions"}],"wp:featuredmedia":[{"embeddable":true,"href":"https:\/\/stoic-curie.212-227-153-4.plesk.page\/fr\/wp-json\/wp\/v2\/media\/5943457"}],"wp:attachment":[{"href":"https:\/\/stoic-curie.212-227-153-4.plesk.page\/fr\/wp-json\/wp\/v2\/media?parent=728807"}],"wp:term":[{"taxonomy":"product_brand","embeddable":true,"href":"https:\/\/stoic-curie.212-227-153-4.plesk.page\/fr\/wp-json\/wp\/v2\/product_brand?post=728807"},{"taxonomy":"product_cat","embeddable":true,"href":"https:\/\/stoic-curie.212-227-153-4.plesk.page\/fr\/wp-json\/wp\/v2\/product_cat?post=728807"},{"taxonomy":"product_tag","embeddable":true,"href":"https:\/\/stoic-curie.212-227-153-4.plesk.page\/fr\/wp-json\/wp\/v2\/product_tag?post=728807"}],"curies":[{"name":"wp","href":"https:\/\/api.w.org\/{rel}","templated":true}]}}