{"id":728810,"date":"2025-03-03T16:02:38","date_gmt":"2025-03-03T15:02:38","guid":{"rendered":"https:\/\/stoic-curie.212-227-153-4.plesk.page\/producto\/propulseur-detrave-quick-btq-300-250-24-v\/"},"modified":"2026-02-24T23:08:31","modified_gmt":"2026-02-24T23:08:31","slug":"propulseur-detrave-quick-btq-300-250-24-v","status":"publish","type":"product","link":"https:\/\/stoic-curie.212-227-153-4.plesk.page\/fr\/product\/propulseur-detrave-quick-btq-300-250-24-v\/","title":{"rendered":"Propulseur d\u2019\u00e9trave Quick BTQ 300-250, 24\u00a0V"},"content":{"rendered":"<p>Propulseur d\u2019\u00e9trave Quick BTQ 300-250, 24\u00a0V &#8211; <\/p>\n<p>Quick BTQ300 propulseur de proue avec 2 h\u00e9lices en rotation inverse. &#8211; H\u00e9lice double en mat\u00e9riau composite robuste &#8211; R\u00e9ducteur en bronze &#8211; Carter de protection pour sol\u00e9no\u00efdes en mat\u00e9riau composite robuste &#8211; Anode en zinc ind\u00e9pendante du r\u00e9ducteur et donc facilement rempla\u00e7able &#8211; \u00c9quip\u00e9 d&#8217;un accouplement \u00e9lastique &#8211; Longueur de bateau recommand\u00e9e de 20-30 m (65-99 ft)<\/p>\n<p><strong style=\"color: rgb(34, 34, 34); font-family: Arial, Helvetica, sans-serif; font-size: small;\">Quick BTQ 300 Propulseur de Proue \u00e0 H\u00e9lice Double 24V 250 kgf pour Vessels de 20-30 M\u00e8tres<\/strong><\/p>\n<p style=\"color: rgb(34, 34, 34); font-family: Arial, Helvetica, sans-serif; font-size: small;\">Le Quick BTQ 300 Propulseur de Proue \u00e0 H\u00e9lice Double est sp\u00e9cialement con\u00e7u pour les grands navires mesurant entre 20 et 30 m\u00e8tres. Il propose deux options de pouss\u00e9e : 250 kgf pour des navires allant de 20 \u00e0 26 m\u00e8tres et 270 kgf pour ceux entre 23 et 30 m\u00e8tres. Ce propulseur de proue fonctionne sur une alimentation de 24V, avec l&#8217;option d&#8217;un moteur \u00e9lectrique de 48V disponible sur demande. Son diam\u00e8tre de tunnel de 300 mm garantit un fonctionnement fluide et efficace, m\u00eame dans des conditions difficiles.<\/p>\n<p style=\"color: rgb(34, 34, 34); font-family: Arial, Helvetica, sans-serif; font-size: small;\">Dans le cadre de la avanc\u00e9e s\u00e9rie BTQ, le Quick BTQ 300 est dot\u00e9 de pales qui tournent dans des directions oppos\u00e9es \u00e0 l&#8217;int\u00e9rieur du tunnel de 300 mm, ce qui entra\u00eene une augmentation significative de la pouss\u00e9e. Ce design innovant am\u00e9liore la man\u0153uvrabilit\u00e9 et le contr\u00f4le des plus grands navires, facilitant consid\u00e9rablement l&#8217;accostage et la navigation dans des espaces restreints. Le propulseur fournit une augmentation de pouss\u00e9e de 10 kgf ou plus, offrant des performances sup\u00e9rieures par rapport aux mod\u00e8les traditionnels.<\/p>\n<p style=\"color: rgb(34, 34, 34); font-family: Arial, Helvetica, sans-serif; font-size: small;\"><strong>Caract\u00e9ristiques cl\u00e9s :<\/strong><\/p>\n<ul style=\"color: rgb(34, 34, 34); font-family: Arial, Helvetica, sans-serif; font-size: small;\">\n<li><strong>Pouss\u00e9e \u00e9lev\u00e9e pour les grands navires :<\/strong> Disponible en 250 kgf pour les navires mesurant 20-26 m\u00e8tres et 270 kgf pour ceux mesurant 23-30 m\u00e8tres.<\/li>\n<li><strong>Conception \u00e0 deux vis :<\/strong> La rotation oppos\u00e9e des h\u00e9lices offre une pouss\u00e9e et un contr\u00f4le am\u00e9lior\u00e9s.<\/li>\n<li><strong>Alimentation de 24V :<\/strong> Fonctionne sur un syst\u00e8me \u00e9lectrique de 24V, avec une option pour un moteur 48V pour r\u00e9pondre \u00e0 des exigences sp\u00e9cifiques.<\/li>\n<li><strong>Diam\u00e8tre de tunnel de 300 mm :<\/strong> Le grand diam\u00e8tre du tunnel assure un fonctionnement fluide et efficace.<\/li>\n<li><strong>Pouss\u00e9e accrue :<\/strong> Fournit une augmentation de la pouss\u00e9e de 10 kgf ou plus, am\u00e9liorant les performances et la man\u0153uvrabilit\u00e9.<\/li>\n<\/ul>\n<p style=\"color: rgb(34, 34, 34); font-family: Arial, Helvetica, sans-serif; font-size: small;\"><strong>Sp\u00e9cifications :<\/strong><\/p>\n<table style=\"color: rgb(34, 34, 34); font-family: Arial, Helvetica, sans-serif; font-size: small;\">\n<thead>\n<tr>\n<th>Tension<\/th>\n<th>Diam\u00e8tre du tunnel (mm)<\/th>\n<th>Puissance (kW)<\/th>\n<th>Arr\u00eat (kgf)<\/th>\n<th>Fusible (A)<\/th>\n<th>Longueur du bateau (m)<\/th>\n<\/tr>\n<\/thead>\n<tbody>\n<tr>\n<td style=\"margin: 0px;\">24<\/td>\n<td style=\"margin: 0px;\">300<\/td>\n<td style=\"margin: 0px;\">10<\/td>\n<td style=\"margin: 0px;\">250<\/td>\n<td style=\"margin: 0px;\">2&#215;7.5<\/td>\n<td style=\"margin: 0px;\">20-26<\/td>\n<\/tr>\n<tr>\n<td style=\"margin: 0px;\">24<\/td>\n<td style=\"margin: 0px;\">300<\/td>\n<td style=\"margin: 0px;\">12<\/td>\n<td style=\"margin: 0px;\">270<\/td>\n<td style=\"margin: 0px;\">2&#215;10<\/td>\n<td style=\"margin: 0px;\">23-30<\/td>\n<\/tr>\n<\/tbody>\n<\/table>\n<p style=\"color: rgb(34, 34, 34); font-family: Arial, Helvetica, sans-serif; font-size: small;\">Le Quick BTQ 300 Propulseur de Proue \u00e0 H\u00e9lice Double offre une puissance et une efficacit\u00e9 exceptionnelles pour les grands navires, garantissant une navigation facile et un accostage dans des espaces restreints et des conditions difficiles. Avec son design innovant, ses performances de pouss\u00e9e am\u00e9lior\u00e9es et sa fiabilit\u00e9, il s&#8217;agit d&#8217;un ajout indispensable pour les navires qui n\u00e9cessitent une man\u0153uvrabilit\u00e9 et un contr\u00f4le sup\u00e9rieurs.<\/p>\n","protected":false},"excerpt":{"rendered":"<p>Propulseur d\u2019\u00e9trave Quick BTQ 300-250, 24\u00a0V &#8211; Quick BTQ300 propulseur de proue avec 2 h\u00e9lices en rotation inverse. &#8211; H\u00e9lice<\/p>\n","protected":false},"featured_media":5943458,"comment_status":"open","ping_status":"closed","template":"","meta":[],"product_brand":[3279],"product_cat":[1036],"product_tag":[],"class_list":{"0":"post-728810","1":"product","2":"type-product","3":"status-publish","4":"has-post-thumbnail","6":"product_brand-quick-fr","7":"product_cat-propulseurs-detrave-quick","9":"first","10":"instock","11":"shipping-taxable","12":"purchasable","13":"product-type-simple"},"_links":{"self":[{"href":"https:\/\/stoic-curie.212-227-153-4.plesk.page\/fr\/wp-json\/wp\/v2\/product\/728810","targetHints":{"allow":["GET"]}}],"collection":[{"href":"https:\/\/stoic-curie.212-227-153-4.plesk.page\/fr\/wp-json\/wp\/v2\/product"}],"about":[{"href":"https:\/\/stoic-curie.212-227-153-4.plesk.page\/fr\/wp-json\/wp\/v2\/types\/product"}],"replies":[{"embeddable":true,"href":"https:\/\/stoic-curie.212-227-153-4.plesk.page\/fr\/wp-json\/wp\/v2\/comments?post=728810"}],"version-history":[{"count":0,"href":"https:\/\/stoic-curie.212-227-153-4.plesk.page\/fr\/wp-json\/wp\/v2\/product\/728810\/revisions"}],"wp:featuredmedia":[{"embeddable":true,"href":"https:\/\/stoic-curie.212-227-153-4.plesk.page\/fr\/wp-json\/wp\/v2\/media\/5943458"}],"wp:attachment":[{"href":"https:\/\/stoic-curie.212-227-153-4.plesk.page\/fr\/wp-json\/wp\/v2\/media?parent=728810"}],"wp:term":[{"taxonomy":"product_brand","embeddable":true,"href":"https:\/\/stoic-curie.212-227-153-4.plesk.page\/fr\/wp-json\/wp\/v2\/product_brand?post=728810"},{"taxonomy":"product_cat","embeddable":true,"href":"https:\/\/stoic-curie.212-227-153-4.plesk.page\/fr\/wp-json\/wp\/v2\/product_cat?post=728810"},{"taxonomy":"product_tag","embeddable":true,"href":"https:\/\/stoic-curie.212-227-153-4.plesk.page\/fr\/wp-json\/wp\/v2\/product_tag?post=728810"}],"curies":[{"name":"wp","href":"https:\/\/api.w.org\/{rel}","templated":true}]}}