{"id":728813,"date":"2025-03-03T16:02:38","date_gmt":"2025-03-03T15:02:38","guid":{"rendered":"https:\/\/stoic-curie.212-227-153-4.plesk.page\/producto\/transmission-technodrive-tmc60p-2-00\/"},"modified":"2026-02-24T23:08:31","modified_gmt":"2026-02-24T23:08:31","slug":"transmission-technodrive-tmc60p-2-00","status":"publish","type":"product","link":"https:\/\/stoic-curie.212-227-153-4.plesk.page\/fr\/product\/transmission-technodrive-tmc60p-2-00\/","title":{"rendered":"Transmission Technodrive TMC60P 2.00"},"content":{"rendered":"<p>Transmission Technodrive TMC60P 2.00 &#8211; <\/p>\n<p style=\"color: rgb(34, 34, 34); font-family: Arial, Helvetica, sans-serif; font-size: small;\">Le Technodrive TMC60P 2.00 repr\u00e9sente une bo\u00eete de vitesses marine de premier ordre, m\u00e9ticuleusement fabriqu\u00e9e par le fabricant renomm\u00e9 Twin Disc, bas\u00e9 en Italie. Cette bo\u00eete de vitesses se distingue par son design innovant, qui int\u00e8gre des embrayages coniques \u00e0 commande m\u00e9canique, activ\u00e9s de mani\u00e8re transparente par un syst\u00e8me servo sophistiqu\u00e9. Un tel m\u00e9canisme am\u00e9liore non seulement l&#8217;efficacit\u00e9 de la bo\u00eete de vitesses, mais contribue \u00e9galement \u00e0 sa fiabilit\u00e9 g\u00e9n\u00e9rale. Les pignons du mod\u00e8le TMC60P sont sp\u00e9cialement con\u00e7us pour garantir un fonctionnement silencieux, minimisant les niveaux de bruit pendant l&#8217;utilisation, ce qui est un facteur crucial pour de nombreux propri\u00e9taires de bateaux qui appr\u00e9cient une exp\u00e9rience de navigation sereine. De plus, les roulements sont g\u00e9n\u00e9reusement dimensionn\u00e9s, offrant une couche suppl\u00e9mentaire de durabilit\u00e9 et de long\u00e9vit\u00e9, faisant de cette bo\u00eete de vitesses un bon investissement pour toute application marine.<\/p>\n<p style=\"color: rgb(34, 34, 34); font-family: Arial, Helvetica, sans-serif; font-size: small;\">De plus, le mod\u00e8le TMC60P est compatible avec une grande vari\u00e9t\u00e9 de moteurs diesel marins, ce qui en fait un choix polyvalent pour divers navires. Il sert \u00e9galement d&#8217;excellent remplacement pour plusieurs transmissions bien connues, notamment :<\/p>\n<ul style=\"color: rgb(34, 34, 34); font-family: Arial, Helvetica, sans-serif; font-size: small;\">\n<li>ZF 10M<\/li>\n<li>ZF 12M<\/li>\n<li>ZF 15M<\/li>\n<li>HBW 20<\/li>\n<li>HBW 100<\/li>\n<li>HBW 125<\/li>\n<li>HBW 150<\/li>\n<\/ul>\n<p style=\"color: rgb(34, 34, 34); font-family: Arial, Helvetica, sans-serif; font-size: small;\">Cette compatibilit\u00e9 garantit que les propri\u00e9taires de bateaux peuvent facilement mettre \u00e0 niveau ou remplacer leurs syst\u00e8mes existants sans devoir proc\u00e9der \u00e0 des modifications importantes.<\/p>\n","protected":false},"excerpt":{"rendered":"<p>Transmission Technodrive TMC60P 2.00 &#8211; Le Technodrive TMC60P 2.00 repr\u00e9sente une bo\u00eete de vitesses marine de premier ordre, m\u00e9ticuleusement fabriqu\u00e9e<\/p>\n","protected":false},"featured_media":5943463,"comment_status":"open","ping_status":"closed","template":"","meta":[],"product_brand":[3464],"product_cat":[1231],"product_tag":[],"class_list":{"0":"post-728813","1":"product","2":"type-product","3":"status-publish","4":"has-post-thumbnail","6":"product_brand-technodrive-fr","7":"product_cat-boites-de-vitesses-technodrive","9":"first","10":"instock","11":"shipping-taxable","12":"purchasable","13":"product-type-simple"},"_links":{"self":[{"href":"https:\/\/stoic-curie.212-227-153-4.plesk.page\/fr\/wp-json\/wp\/v2\/product\/728813","targetHints":{"allow":["GET"]}}],"collection":[{"href":"https:\/\/stoic-curie.212-227-153-4.plesk.page\/fr\/wp-json\/wp\/v2\/product"}],"about":[{"href":"https:\/\/stoic-curie.212-227-153-4.plesk.page\/fr\/wp-json\/wp\/v2\/types\/product"}],"replies":[{"embeddable":true,"href":"https:\/\/stoic-curie.212-227-153-4.plesk.page\/fr\/wp-json\/wp\/v2\/comments?post=728813"}],"version-history":[{"count":0,"href":"https:\/\/stoic-curie.212-227-153-4.plesk.page\/fr\/wp-json\/wp\/v2\/product\/728813\/revisions"}],"wp:featuredmedia":[{"embeddable":true,"href":"https:\/\/stoic-curie.212-227-153-4.plesk.page\/fr\/wp-json\/wp\/v2\/media\/5943463"}],"wp:attachment":[{"href":"https:\/\/stoic-curie.212-227-153-4.plesk.page\/fr\/wp-json\/wp\/v2\/media?parent=728813"}],"wp:term":[{"taxonomy":"product_brand","embeddable":true,"href":"https:\/\/stoic-curie.212-227-153-4.plesk.page\/fr\/wp-json\/wp\/v2\/product_brand?post=728813"},{"taxonomy":"product_cat","embeddable":true,"href":"https:\/\/stoic-curie.212-227-153-4.plesk.page\/fr\/wp-json\/wp\/v2\/product_cat?post=728813"},{"taxonomy":"product_tag","embeddable":true,"href":"https:\/\/stoic-curie.212-227-153-4.plesk.page\/fr\/wp-json\/wp\/v2\/product_tag?post=728813"}],"curies":[{"name":"wp","href":"https:\/\/api.w.org\/{rel}","templated":true}]}}