{"id":728818,"date":"2025-03-03T16:02:39","date_gmt":"2025-03-03T15:02:39","guid":{"rendered":"https:\/\/stoic-curie.212-227-153-4.plesk.page\/producto\/chaise-darbre-en-bronze-pour-arbre-dhelice-d-35-mm\/"},"modified":"2026-02-24T23:08:31","modified_gmt":"2026-02-24T23:08:31","slug":"chaise-darbre-en-bronze-pour-arbre-dhelice-d-35-mm","status":"publish","type":"product","link":"https:\/\/stoic-curie.212-227-153-4.plesk.page\/fr\/product\/chaise-darbre-en-bronze-pour-arbre-dhelice-d-35-mm\/","title":{"rendered":"Chaise d\u2019arbre en bronze, pour arbre d\u2019h\u00e9lice D\u00a035\u00a0mm"},"content":{"rendered":"<p>Chaise d\u2019arbre en bronze, pour arbre d\u2019h\u00e9lice D\u00a035\u00a0mm &#8211; <\/p>\n<p>Les supports en bronze pour arbres d&#8217;h\u00e9lice sont sp\u00e9cialement con\u00e7us pour les voiliers et destin\u00e9s \u00e0 \u00eatre mont\u00e9s \u00e0 la r\u00e9sine sur la quille. Ces supports offrent plusieurs avantages pour les chantiers navals, notamment :<\/p>\n<ul>\n<li>Ajustements de hauteur et d&#8217;angle polyvalents<\/li>\n<li>Installation rapide et facile<\/li>\n<li>Disponibilit\u00e9 imm\u00e9diate en stock<\/li>\n<\/ul>\n<p>Les dimensions de ces supports sont conformes aux r\u00e8glements \u00e9tablis par le registre naval italien pour les bateaux de plaisance.<\/p>\n<p>Nous utilisons notre alliage OT.MAN, qui pr\u00e9sente les propri\u00e9t\u00e9s m\u00e9caniques suivantes :<\/p>\n<ul>\n<li>R\u00e9sistance \u00e0 la traction (T) > 535 N\/mm\u00b2<\/li>\n<li>Limite d&#8217;\u00e9lasticit\u00e9 (Y) > 220 N\/mm\u00b2<\/li>\n<li>Allongement (E) > 25%<\/li>\n<\/ul>\n<p>Chaque support est livr\u00e9 avec des roulements en caoutchouc hydrolubrifi\u00e9s Radice d\u00e9j\u00e0 install\u00e9s.<\/p>\n<p>Ces roulements peuvent \u00eatre facilement remplac\u00e9s en desserrant les deux \u00e9crous de verrouillage. Pour installer les supports, suivez ces \u00e9tapes :<\/p>\n<ol>\n<li>Cr\u00e9er une fente dans la coque ou sur la structure existante.<\/li>\n<li>Positionner le support en l&#8217;alignant avec la ligne de l&#8217;arbre.<\/li>\n<li>Sceller et renforcer la zone de joint entre le support et la coque avec de la r\u00e9sine.<\/li>\n<\/ol>\n","protected":false},"excerpt":{"rendered":"<p>Chaise d\u2019arbre en bronze, pour arbre d\u2019h\u00e9lice D\u00a035\u00a0mm &#8211; Les supports en bronze pour arbres d&#8217;h\u00e9lice sont sp\u00e9cialement con\u00e7us pour<\/p>\n","protected":false},"featured_media":5940486,"comment_status":"open","ping_status":"closed","template":"","meta":[],"product_brand":[2914],"product_cat":[1212,1238],"product_tag":[],"class_list":{"0":"post-728818","1":"product","2":"type-product","3":"status-publish","4":"has-post-thumbnail","6":"product_brand-eliche-radice-fr","7":"product_cat-arbres-dhelice","8":"product_cat-paliers-darbre-dhelice","10":"first","11":"instock","12":"shipping-taxable","13":"purchasable","14":"product-type-simple"},"_links":{"self":[{"href":"https:\/\/stoic-curie.212-227-153-4.plesk.page\/fr\/wp-json\/wp\/v2\/product\/728818","targetHints":{"allow":["GET"]}}],"collection":[{"href":"https:\/\/stoic-curie.212-227-153-4.plesk.page\/fr\/wp-json\/wp\/v2\/product"}],"about":[{"href":"https:\/\/stoic-curie.212-227-153-4.plesk.page\/fr\/wp-json\/wp\/v2\/types\/product"}],"replies":[{"embeddable":true,"href":"https:\/\/stoic-curie.212-227-153-4.plesk.page\/fr\/wp-json\/wp\/v2\/comments?post=728818"}],"version-history":[{"count":0,"href":"https:\/\/stoic-curie.212-227-153-4.plesk.page\/fr\/wp-json\/wp\/v2\/product\/728818\/revisions"}],"wp:featuredmedia":[{"embeddable":true,"href":"https:\/\/stoic-curie.212-227-153-4.plesk.page\/fr\/wp-json\/wp\/v2\/media\/5940486"}],"wp:attachment":[{"href":"https:\/\/stoic-curie.212-227-153-4.plesk.page\/fr\/wp-json\/wp\/v2\/media?parent=728818"}],"wp:term":[{"taxonomy":"product_brand","embeddable":true,"href":"https:\/\/stoic-curie.212-227-153-4.plesk.page\/fr\/wp-json\/wp\/v2\/product_brand?post=728818"},{"taxonomy":"product_cat","embeddable":true,"href":"https:\/\/stoic-curie.212-227-153-4.plesk.page\/fr\/wp-json\/wp\/v2\/product_cat?post=728818"},{"taxonomy":"product_tag","embeddable":true,"href":"https:\/\/stoic-curie.212-227-153-4.plesk.page\/fr\/wp-json\/wp\/v2\/product_tag?post=728818"}],"curies":[{"name":"wp","href":"https:\/\/api.w.org\/{rel}","templated":true}]}}