{"id":728822,"date":"2025-03-03T16:02:39","date_gmt":"2025-03-03T15:02:39","guid":{"rendered":"https:\/\/stoic-curie.212-227-153-4.plesk.page\/producto\/barboteur-dechappement-can-sb-pour-tuyau-d-90-mm\/"},"modified":"2026-02-24T23:08:31","modified_gmt":"2026-02-24T23:08:31","slug":"barboteur-dechappement-can-sb-pour-tuyau-d-90-mm","status":"publish","type":"product","link":"https:\/\/stoic-curie.212-227-153-4.plesk.page\/fr\/product\/barboteur-dechappement-can-sb-pour-tuyau-d-90-mm\/","title":{"rendered":"Barboteur d\u2019\u00e9chappement CAN-SB, pour tuyau D\u00a090\u00a0mm"},"content":{"rendered":"<p>Barboteur d\u2019\u00e9chappement CAN-SB, pour tuyau D\u00a090\u00a0mm &#8211; <\/p>\n<p>Diam\u00e8tre de 40\/45\/50\/60\/75\/90\/102 mm silencieux. La structure particuli\u00e8re du silencieux r\u00e9duit consid\u00e9rablement l&#8217;\u00e9mission de bruit.<\/p>\n","protected":false},"excerpt":{"rendered":"<p>Barboteur d\u2019\u00e9chappement CAN-SB, pour tuyau D\u00a090\u00a0mm &#8211; Diam\u00e8tre de 40\/45\/50\/60\/75\/90\/102 mm silencieux. La structure particuli\u00e8re du silencieux r\u00e9duit consid\u00e9rablement l&#8217;\u00e9mission<\/p>\n","protected":false},"featured_media":5940515,"comment_status":"open","ping_status":"closed","template":"","meta":[],"product_brand":[2854],"product_cat":[1220],"product_tag":[],"class_list":{"0":"post-728822","1":"product","2":"type-product","3":"status-publish","4":"has-post-thumbnail","6":"product_brand-can-marine-fr","7":"product_cat-waterlocks-et-et-silencieux-dechappement","9":"first","10":"instock","11":"shipping-taxable","12":"purchasable","13":"product-type-simple"},"_links":{"self":[{"href":"https:\/\/stoic-curie.212-227-153-4.plesk.page\/fr\/wp-json\/wp\/v2\/product\/728822","targetHints":{"allow":["GET"]}}],"collection":[{"href":"https:\/\/stoic-curie.212-227-153-4.plesk.page\/fr\/wp-json\/wp\/v2\/product"}],"about":[{"href":"https:\/\/stoic-curie.212-227-153-4.plesk.page\/fr\/wp-json\/wp\/v2\/types\/product"}],"replies":[{"embeddable":true,"href":"https:\/\/stoic-curie.212-227-153-4.plesk.page\/fr\/wp-json\/wp\/v2\/comments?post=728822"}],"version-history":[{"count":0,"href":"https:\/\/stoic-curie.212-227-153-4.plesk.page\/fr\/wp-json\/wp\/v2\/product\/728822\/revisions"}],"wp:featuredmedia":[{"embeddable":true,"href":"https:\/\/stoic-curie.212-227-153-4.plesk.page\/fr\/wp-json\/wp\/v2\/media\/5940515"}],"wp:attachment":[{"href":"https:\/\/stoic-curie.212-227-153-4.plesk.page\/fr\/wp-json\/wp\/v2\/media?parent=728822"}],"wp:term":[{"taxonomy":"product_brand","embeddable":true,"href":"https:\/\/stoic-curie.212-227-153-4.plesk.page\/fr\/wp-json\/wp\/v2\/product_brand?post=728822"},{"taxonomy":"product_cat","embeddable":true,"href":"https:\/\/stoic-curie.212-227-153-4.plesk.page\/fr\/wp-json\/wp\/v2\/product_cat?post=728822"},{"taxonomy":"product_tag","embeddable":true,"href":"https:\/\/stoic-curie.212-227-153-4.plesk.page\/fr\/wp-json\/wp\/v2\/product_tag?post=728822"}],"curies":[{"name":"wp","href":"https:\/\/api.w.org\/{rel}","templated":true}]}}