{"id":728831,"date":"2025-03-03T16:02:41","date_gmt":"2025-03-03T15:02:41","guid":{"rendered":"https:\/\/stoic-curie.212-227-153-4.plesk.page\/producto\/anode-collier-darbre-large-en-zinc-pour-arbre-d-90-mm\/"},"modified":"2026-02-24T23:08:31","modified_gmt":"2026-02-24T23:08:31","slug":"anode-collier-darbre-large-en-zinc-pour-arbre-d-90-mm","status":"publish","type":"product","link":"https:\/\/stoic-curie.212-227-153-4.plesk.page\/fr\/product\/anode-collier-darbre-large-en-zinc-pour-arbre-d-90-mm\/","title":{"rendered":"Anode collier d\u2019arbre large en zinc, pour arbre D\u00a090\u00a0mm"},"content":{"rendered":"<p>Anode collier d\u2019arbre large en zinc, pour arbre D\u00a090\u00a0mm &#8211; <\/p>\n<p>Anodes de collier d&#8217;arbre \u00e0 h\u00e9lice de grand diam\u00e8tre compl\u00e8tes avec des vis.<\/p>\n","protected":false},"excerpt":{"rendered":"<p>Anode collier d\u2019arbre large en zinc, pour arbre D\u00a090\u00a0mm &#8211; Anodes de collier d&#8217;arbre \u00e0 h\u00e9lice de grand diam\u00e8tre compl\u00e8tes<\/p>\n","protected":false},"featured_media":5943530,"comment_status":"open","ping_status":"closed","template":"","meta":[],"product_brand":[3474],"product_cat":[1065],"product_tag":[],"class_list":{"0":"post-728831","1":"product","2":"type-product","3":"status-publish","4":"has-post-thumbnail","6":"product_brand-tecnoseal-fr","7":"product_cat-anodes-pour-shaft","9":"first","10":"instock","11":"shipping-taxable","12":"purchasable","13":"product-type-simple"},"_links":{"self":[{"href":"https:\/\/stoic-curie.212-227-153-4.plesk.page\/fr\/wp-json\/wp\/v2\/product\/728831","targetHints":{"allow":["GET"]}}],"collection":[{"href":"https:\/\/stoic-curie.212-227-153-4.plesk.page\/fr\/wp-json\/wp\/v2\/product"}],"about":[{"href":"https:\/\/stoic-curie.212-227-153-4.plesk.page\/fr\/wp-json\/wp\/v2\/types\/product"}],"replies":[{"embeddable":true,"href":"https:\/\/stoic-curie.212-227-153-4.plesk.page\/fr\/wp-json\/wp\/v2\/comments?post=728831"}],"version-history":[{"count":0,"href":"https:\/\/stoic-curie.212-227-153-4.plesk.page\/fr\/wp-json\/wp\/v2\/product\/728831\/revisions"}],"wp:featuredmedia":[{"embeddable":true,"href":"https:\/\/stoic-curie.212-227-153-4.plesk.page\/fr\/wp-json\/wp\/v2\/media\/5943530"}],"wp:attachment":[{"href":"https:\/\/stoic-curie.212-227-153-4.plesk.page\/fr\/wp-json\/wp\/v2\/media?parent=728831"}],"wp:term":[{"taxonomy":"product_brand","embeddable":true,"href":"https:\/\/stoic-curie.212-227-153-4.plesk.page\/fr\/wp-json\/wp\/v2\/product_brand?post=728831"},{"taxonomy":"product_cat","embeddable":true,"href":"https:\/\/stoic-curie.212-227-153-4.plesk.page\/fr\/wp-json\/wp\/v2\/product_cat?post=728831"},{"taxonomy":"product_tag","embeddable":true,"href":"https:\/\/stoic-curie.212-227-153-4.plesk.page\/fr\/wp-json\/wp\/v2\/product_tag?post=728831"}],"curies":[{"name":"wp","href":"https:\/\/api.w.org\/{rel}","templated":true}]}}