{"id":728837,"date":"2025-03-03T16:02:42","date_gmt":"2025-03-03T15:02:42","guid":{"rendered":"https:\/\/stoic-curie.212-227-153-4.plesk.page\/producto\/antenne-vhf-en-inox-pour-voilier-glomex-ra109sls-09-m\/"},"modified":"2026-02-24T23:08:31","modified_gmt":"2026-02-24T23:08:31","slug":"antenne-vhf-en-inox-pour-voilier-glomex-ra109sls-09-m","status":"publish","type":"product","link":"https:\/\/stoic-curie.212-227-153-4.plesk.page\/fr\/product\/antenne-vhf-en-inox-pour-voilier-glomex-ra109sls-09-m\/","title":{"rendered":"Antenne VHF en inox pour voilier Glomex RA109SLS, 0,9\u00a0m"},"content":{"rendered":"<p>Antenne VHF en inox pour voilier Glomex RA109SLS, 0,9\u00a0m &#8211; <\/p>\n<p>Antennes VHF en acier inoxydable pour voiliers. 100W \/ 3db \/ 156\/162 MHz \/ 50 Ohm. Hauteur : 0,9 m. Comprend un support de m\u00e2t, un connecteur et des joints d&#8217;\u00e9tanch\u00e9it\u00e9 de pont.<\/p>\n","protected":false},"excerpt":{"rendered":"<p>Antenne VHF en inox pour voilier Glomex RA109SLS, 0,9\u00a0m &#8211; Antennes VHF en acier inoxydable pour voiliers. 100W \/ 3db<\/p>\n","protected":false},"featured_media":5943572,"comment_status":"open","ping_status":"closed","template":"","meta":[],"product_brand":[2979],"product_cat":[1179],"product_tag":[],"class_list":{"0":"post-728837","1":"product","2":"type-product","3":"status-publish","4":"has-post-thumbnail","6":"product_brand-glomex-fr","7":"product_cat-antennes-vhf","9":"first","10":"instock","11":"shipping-taxable","12":"purchasable","13":"product-type-simple"},"_links":{"self":[{"href":"https:\/\/stoic-curie.212-227-153-4.plesk.page\/fr\/wp-json\/wp\/v2\/product\/728837","targetHints":{"allow":["GET"]}}],"collection":[{"href":"https:\/\/stoic-curie.212-227-153-4.plesk.page\/fr\/wp-json\/wp\/v2\/product"}],"about":[{"href":"https:\/\/stoic-curie.212-227-153-4.plesk.page\/fr\/wp-json\/wp\/v2\/types\/product"}],"replies":[{"embeddable":true,"href":"https:\/\/stoic-curie.212-227-153-4.plesk.page\/fr\/wp-json\/wp\/v2\/comments?post=728837"}],"version-history":[{"count":0,"href":"https:\/\/stoic-curie.212-227-153-4.plesk.page\/fr\/wp-json\/wp\/v2\/product\/728837\/revisions"}],"wp:featuredmedia":[{"embeddable":true,"href":"https:\/\/stoic-curie.212-227-153-4.plesk.page\/fr\/wp-json\/wp\/v2\/media\/5943572"}],"wp:attachment":[{"href":"https:\/\/stoic-curie.212-227-153-4.plesk.page\/fr\/wp-json\/wp\/v2\/media?parent=728837"}],"wp:term":[{"taxonomy":"product_brand","embeddable":true,"href":"https:\/\/stoic-curie.212-227-153-4.plesk.page\/fr\/wp-json\/wp\/v2\/product_brand?post=728837"},{"taxonomy":"product_cat","embeddable":true,"href":"https:\/\/stoic-curie.212-227-153-4.plesk.page\/fr\/wp-json\/wp\/v2\/product_cat?post=728837"},{"taxonomy":"product_tag","embeddable":true,"href":"https:\/\/stoic-curie.212-227-153-4.plesk.page\/fr\/wp-json\/wp\/v2\/product_tag?post=728837"}],"curies":[{"name":"wp","href":"https:\/\/api.w.org\/{rel}","templated":true}]}}