{"id":728846,"date":"2025-03-03T16:02:43","date_gmt":"2025-03-03T15:02:43","guid":{"rendered":"https:\/\/stoic-curie.212-227-153-4.plesk.page\/producto\/antenne-tv-satellite-glomex-saturn-4-v9104n-neo\/"},"modified":"2026-02-24T23:08:31","modified_gmt":"2026-02-24T23:08:31","slug":"antenne-tv-satellite-glomex-saturn-4-v9104n-neo","status":"publish","type":"product","link":"https:\/\/stoic-curie.212-227-153-4.plesk.page\/fr\/product\/antenne-tv-satellite-glomex-saturn-4-v9104n-neo\/","title":{"rendered":"Antenne TV-satellite Glomex SATURN 4 V9104N NEO"},"content":{"rendered":"<p>Antenne TV-satellite Glomex SATURN 4 V9104N NEO &#8211; <\/p>\n<p>Antennes satellite Glomex Saturn 4 stabilis\u00e9e par gyroscope pour signaux TV full-HD DVB-S2 4K. Contr\u00f4le sans fil Bluetooth suppl\u00e9mentaire avec application d\u00e9di\u00e9e gratuite, parabole de 47 cm et consommation r\u00e9duite (2,5A-12\/24V). Performances exceptionnelles gr\u00e2ce au nouveau logiciel de recherche de signaux et au syst\u00e8me de r\u00e9duction de bruit innovant STO (Silent Tracking Operation). Dot\u00e9e d&#8217;un nouvel \u00e9lectronique qui permet de compenser les pertes de qualit\u00e9 dues \u00e0 l&#8217;augmentation des satellites en orbite terrestre tout en transmettant sur la fr\u00e9quence. Le rayon d&#8217;\u00e9l\u00e9vation (0\u00b0\/90\u00b0) peut garantir la capacit\u00e9 de r\u00e9ception du signal m\u00eame aux bords de la zone de couverture. Fournie avec un multiswitch pour des installations jusqu&#8217;\u00e0 16 sorties TV. Facile \u00e0 installer, compl\u00e8te avec 4&#215;10 m\u00e8tres de c\u00e2bles coaxiaux, extension d&#8217;antenne et unit\u00e9 de contr\u00f4le.<br \/>Le Saturn 4 &#8220;NEO&#8221; est une antenne avanc\u00e9e de t\u00e9l\u00e9vision par satellite FULL-HD \/ 4K, disposant d&#8217;une parabole de 47 cm capable de supporter jusqu&#8217;\u00e0 16 t\u00e9l\u00e9viseurs simultan\u00e9ment. Comme toutes les antennes de t\u00e9l\u00e9vision par satellite &#8220;NEO&#8221; de Glomex, le Saturn 4 est \u00e9quip\u00e9 d&#8217;un syst\u00e8me de verrouillage satellite tr\u00e8s efficace, garantissant des performances fiables m\u00eame dans des conditions maritimes difficiles. Cela est rendu possible gr\u00e2ce \u00e0 son \u00e9lectronique et sa m\u00e9canique am\u00e9lior\u00e9es, qui comprennent un processeur plus puissant, un conducteur plus rapide et une durabilit\u00e9 accrue.<br \/>De plus, la nouvelle \u00e9lectronique a \u00e9t\u00e9 con\u00e7ue pour fonctionner silencieusement pendant les phases de recherche et de suivi des satellites. L&#8217;introduction d&#8217;un syst\u00e8me GPS ultramoderne permet aux antennes &#8220;NEO&#8221; de conserver les positions de navigation pr\u00e9c\u00e9dentes, am\u00e9liorant ainsi la r\u00e9ception du signal, en particulier aux limites de la zone de couverture.<br \/>La gestion du Saturn 4 &#8220;NEO&#8221; est facilit\u00e9e par la gratuite Glomex SAT TV App, disponible pour les appareils iOS et Android. En t\u00e9l\u00e9chargeant l&#8217;application, les utilisateurs peuvent facilement contr\u00f4ler les antennes de t\u00e9l\u00e9vision par satellite &#8220;NEO&#8221; via Bluetooth\u00ae avec leur smartphone ou tablette. L&#8217;application permet de :<\/p>\n<ul>\n<li>Mettre \u00e0 jour la liste des satellites<\/li>\n<li>Mettre \u00e0 jour le firmware de l&#8217;antenne<\/li>\n<li>S\u00e9lectionner et passer d&#8217;un satellite \u00e0 l&#8217;autre<\/li>\n<li>Envoyer des param\u00e8tres op\u00e9rationnels au support technique si n\u00e9cessaire<\/li>\n<\/ul>\n<p><strong>Accessoires fournis :<\/strong><\/p>\n<ul>\n<li>Unit\u00e9 de contr\u00f4le (12\/24V)<\/li>\n<li>C\u00e2ble coaxial de 10 m (33&#8242;)<\/li>\n<li>C\u00e2ble coaxial de 1,5 m (5&#8242;)<\/li>\n<li>Joint en caoutchouc synth\u00e9tique haute \u00e9paisseur<\/li>\n<\/ul>\n<p><strong>Sp\u00e9cifications techniques :<\/strong><\/p>\n<ul>\n<li>Technologie : DVB-S2 4K FULL HD<\/li>\n<li>Diam\u00e8tre du plat : 470 mm (18\u201d)<\/li>\n<li>Dimensions du radome : 500 x 560 mm (20 x 22\u201d)<\/li>\n<li>LNB : Universel simple<\/li>\n<li>Compatibilit\u00e9 avec l&#8217;application : Oui<\/li>\n<li>C\u00e2ble coaxial : 4<\/li>\n<li>Sortie du r\u00e9cepteur : 1\/16<\/li>\n<li>Poids : 13 kg (28,5 lb)<\/li>\n<li>Vitesse de suivi : 50\u00b0 par seconde<\/li>\n<li>Gain : 35 dB (12 GHz)<\/li>\n<li>Inclinaison : Manuel<\/li>\n<li>Type de plat : Prime Focus + HPD<\/li>\n<li>Polarisation : Lin\u00e9aire (H + V)<\/li>\n<li>Plage de fr\u00e9quence LNB : 10.7 \u2013 12.75 GHz<\/li>\n<li>Type de radome : R\u00e9sistant aux U.V.<\/li>\n<li>Exigence de puissance : 12 Vdc<\/li>\n<li>Plage de temp\u00e9rature de fonctionnement : -20\u00b0 \u00e0 +55\u00b0<\/li>\n<li>Azimut : Illimit\u00e9<\/li>\n<li>\u00c9l\u00e9vation : 0\u00b0 \/ 90\u00b0<\/li>\n<li>Type de stabilisation : Gyro sur 2 axes + 3\u00b0 axe par interpolation<\/li>\n<li>Identification de satellite : NIT (Tableau d&#8217;information r\u00e9seau)<\/li>\n<li>EIRP minimale : 49 dBW<\/li>\n<li>Mises \u00e0 niveau futures pr\u00eates : Oui<\/li>\n<li>Unit\u00e9 de contr\u00f4le : Illimit\u00e9e<\/li>\n<\/ul>\n<p>Cet aper\u00e7u complet de la Saturn 4 &#8220;NEO&#8221; garantit que les propri\u00e9taires de bateau peuvent prendre des d\u00e9cisions \u00e9clair\u00e9es lors de la recherche de solutions de t\u00e9l\u00e9vision satellite fiables et de haute qualit\u00e9 pour leurs embarcations.<\/p>\n","protected":false},"excerpt":{"rendered":"<p>Antenne TV-satellite Glomex SATURN 4 V9104N NEO &#8211; Antennes satellite Glomex Saturn 4 stabilis\u00e9e par gyroscope pour signaux TV full-HD<\/p>\n","protected":false},"featured_media":5943586,"comment_status":"open","ping_status":"closed","template":"","meta":[],"product_brand":[2979],"product_cat":[1180],"product_tag":[],"class_list":{"0":"post-728846","1":"product","2":"type-product","3":"status-publish","4":"has-post-thumbnail","6":"product_brand-glomex-fr","7":"product_cat-antennes-tv","9":"first","10":"instock","11":"shipping-taxable","12":"purchasable","13":"product-type-simple"},"_links":{"self":[{"href":"https:\/\/stoic-curie.212-227-153-4.plesk.page\/fr\/wp-json\/wp\/v2\/product\/728846","targetHints":{"allow":["GET"]}}],"collection":[{"href":"https:\/\/stoic-curie.212-227-153-4.plesk.page\/fr\/wp-json\/wp\/v2\/product"}],"about":[{"href":"https:\/\/stoic-curie.212-227-153-4.plesk.page\/fr\/wp-json\/wp\/v2\/types\/product"}],"replies":[{"embeddable":true,"href":"https:\/\/stoic-curie.212-227-153-4.plesk.page\/fr\/wp-json\/wp\/v2\/comments?post=728846"}],"version-history":[{"count":0,"href":"https:\/\/stoic-curie.212-227-153-4.plesk.page\/fr\/wp-json\/wp\/v2\/product\/728846\/revisions"}],"wp:featuredmedia":[{"embeddable":true,"href":"https:\/\/stoic-curie.212-227-153-4.plesk.page\/fr\/wp-json\/wp\/v2\/media\/5943586"}],"wp:attachment":[{"href":"https:\/\/stoic-curie.212-227-153-4.plesk.page\/fr\/wp-json\/wp\/v2\/media?parent=728846"}],"wp:term":[{"taxonomy":"product_brand","embeddable":true,"href":"https:\/\/stoic-curie.212-227-153-4.plesk.page\/fr\/wp-json\/wp\/v2\/product_brand?post=728846"},{"taxonomy":"product_cat","embeddable":true,"href":"https:\/\/stoic-curie.212-227-153-4.plesk.page\/fr\/wp-json\/wp\/v2\/product_cat?post=728846"},{"taxonomy":"product_tag","embeddable":true,"href":"https:\/\/stoic-curie.212-227-153-4.plesk.page\/fr\/wp-json\/wp\/v2\/product_tag?post=728846"}],"curies":[{"name":"wp","href":"https:\/\/api.w.org\/{rel}","templated":true}]}}