{"id":728847,"date":"2025-03-03T16:02:43","date_gmt":"2025-03-03T15:02:43","guid":{"rendered":"https:\/\/stoic-curie.212-227-153-4.plesk.page\/producto\/antenne-tv-radio-fm-glomex-avior\/"},"modified":"2026-02-24T23:08:31","modified_gmt":"2026-02-24T23:08:31","slug":"antenne-tv-radio-fm-glomex-avior","status":"publish","type":"product","link":"https:\/\/stoic-curie.212-227-153-4.plesk.page\/fr\/product\/antenne-tv-radio-fm-glomex-avior\/","title":{"rendered":"Antenne TV-Radio-FM Glomex Avior"},"content":{"rendered":"<p>Antenne TV-Radio-FM Glomex Avior &#8211; <\/p>\n<p>Antenne Glomex omnidirectionnelle TV\/Radios FM pour la t\u00e9l\u00e9vision et la radio analogiques\/digitales. Le nouvel amplificateur haute performance permet d&#8217;augmenter le gain et de recevoir des signaux TV polaris\u00e9s verticalement et horizontalement provenant de plusieurs directions en m\u00eame temps. L&#8217;amplificateur interne est reli\u00e9 \u00e0 l&#8217;injecteur de puissance avec 2 sorties ind\u00e9pendantes pour la TV et la radio (V9114PI-FM) et permet la r\u00e9ception de fr\u00e9quences TV et FM avec une seule antenne. Il peut \u00eatre install\u00e9 sur des voiliers ou des bateaux \u00e0 moteur et peut \u00eatre jumel\u00e9 avec l&#8217;antenne VHF RA121 de m\u00eames dimensions. \u00c9quip\u00e9 d&#8217;un c\u00e2ble coaxial de 10 m.<\/p>\n","protected":false},"excerpt":{"rendered":"<p>Antenne TV-Radio-FM Glomex Avior &#8211; Antenne Glomex omnidirectionnelle TV\/Radios FM pour la t\u00e9l\u00e9vision et la radio analogiques\/digitales. Le nouvel amplificateur<\/p>\n","protected":false},"featured_media":5943592,"comment_status":"open","ping_status":"closed","template":"","meta":[],"product_brand":[2979],"product_cat":[1180,1159],"product_tag":[],"class_list":{"0":"post-728847","1":"product","2":"type-product","3":"status-publish","4":"has-post-thumbnail","6":"product_brand-glomex-fr","7":"product_cat-antennes-tv","8":"product_cat-stereo-et-haut-parleurs","10":"first","11":"instock","12":"shipping-taxable","13":"purchasable","14":"product-type-simple"},"_links":{"self":[{"href":"https:\/\/stoic-curie.212-227-153-4.plesk.page\/fr\/wp-json\/wp\/v2\/product\/728847","targetHints":{"allow":["GET"]}}],"collection":[{"href":"https:\/\/stoic-curie.212-227-153-4.plesk.page\/fr\/wp-json\/wp\/v2\/product"}],"about":[{"href":"https:\/\/stoic-curie.212-227-153-4.plesk.page\/fr\/wp-json\/wp\/v2\/types\/product"}],"replies":[{"embeddable":true,"href":"https:\/\/stoic-curie.212-227-153-4.plesk.page\/fr\/wp-json\/wp\/v2\/comments?post=728847"}],"version-history":[{"count":0,"href":"https:\/\/stoic-curie.212-227-153-4.plesk.page\/fr\/wp-json\/wp\/v2\/product\/728847\/revisions"}],"wp:featuredmedia":[{"embeddable":true,"href":"https:\/\/stoic-curie.212-227-153-4.plesk.page\/fr\/wp-json\/wp\/v2\/media\/5943592"}],"wp:attachment":[{"href":"https:\/\/stoic-curie.212-227-153-4.plesk.page\/fr\/wp-json\/wp\/v2\/media?parent=728847"}],"wp:term":[{"taxonomy":"product_brand","embeddable":true,"href":"https:\/\/stoic-curie.212-227-153-4.plesk.page\/fr\/wp-json\/wp\/v2\/product_brand?post=728847"},{"taxonomy":"product_cat","embeddable":true,"href":"https:\/\/stoic-curie.212-227-153-4.plesk.page\/fr\/wp-json\/wp\/v2\/product_cat?post=728847"},{"taxonomy":"product_tag","embeddable":true,"href":"https:\/\/stoic-curie.212-227-153-4.plesk.page\/fr\/wp-json\/wp\/v2\/product_tag?post=728847"}],"curies":[{"name":"wp","href":"https:\/\/api.w.org\/{rel}","templated":true}]}}