{"id":728848,"date":"2025-03-03T16:02:43","date_gmt":"2025-03-03T15:02:43","guid":{"rendered":"https:\/\/stoic-curie.212-227-153-4.plesk.page\/producto\/antenne-vhf-glomex-ra121\/"},"modified":"2026-02-24T23:08:31","modified_gmt":"2026-02-24T23:08:31","slug":"antenne-vhf-glomex-ra121","status":"publish","type":"product","link":"https:\/\/stoic-curie.212-227-153-4.plesk.page\/fr\/product\/antenne-vhf-glomex-ra121\/","title":{"rendered":"Antenne VHF Glomex RA121"},"content":{"rendered":"<p>Antenne VHF Glomex RA121 &#8211; <\/p>\n<p>Antenne VHF RA121 compacte, fournie avec tous les accessoires n\u00e9cessaires \u00e0 l&#8217;installation. Elle a la m\u00eame forme et les m\u00eames dimensions que l&#8217;antenne TV VT300 AVIOR, offrant un look plus \u00e9quilibr\u00e9. Diam\u00e8tre : 10 cm &#8211; Hauteur : 21 cm.<\/p>\n","protected":false},"excerpt":{"rendered":"<p>Antenne VHF Glomex RA121 &#8211; Antenne VHF RA121 compacte, fournie avec tous les accessoires n\u00e9cessaires \u00e0 l&#8217;installation. Elle a la<\/p>\n","protected":false},"featured_media":5943595,"comment_status":"open","ping_status":"closed","template":"","meta":[],"product_brand":[2979],"product_cat":[1179],"product_tag":[],"class_list":{"0":"post-728848","1":"product","2":"type-product","3":"status-publish","4":"has-post-thumbnail","6":"product_brand-glomex-fr","7":"product_cat-antennes-vhf","9":"first","10":"instock","11":"shipping-taxable","12":"purchasable","13":"product-type-simple"},"_links":{"self":[{"href":"https:\/\/stoic-curie.212-227-153-4.plesk.page\/fr\/wp-json\/wp\/v2\/product\/728848","targetHints":{"allow":["GET"]}}],"collection":[{"href":"https:\/\/stoic-curie.212-227-153-4.plesk.page\/fr\/wp-json\/wp\/v2\/product"}],"about":[{"href":"https:\/\/stoic-curie.212-227-153-4.plesk.page\/fr\/wp-json\/wp\/v2\/types\/product"}],"replies":[{"embeddable":true,"href":"https:\/\/stoic-curie.212-227-153-4.plesk.page\/fr\/wp-json\/wp\/v2\/comments?post=728848"}],"version-history":[{"count":0,"href":"https:\/\/stoic-curie.212-227-153-4.plesk.page\/fr\/wp-json\/wp\/v2\/product\/728848\/revisions"}],"wp:featuredmedia":[{"embeddable":true,"href":"https:\/\/stoic-curie.212-227-153-4.plesk.page\/fr\/wp-json\/wp\/v2\/media\/5943595"}],"wp:attachment":[{"href":"https:\/\/stoic-curie.212-227-153-4.plesk.page\/fr\/wp-json\/wp\/v2\/media?parent=728848"}],"wp:term":[{"taxonomy":"product_brand","embeddable":true,"href":"https:\/\/stoic-curie.212-227-153-4.plesk.page\/fr\/wp-json\/wp\/v2\/product_brand?post=728848"},{"taxonomy":"product_cat","embeddable":true,"href":"https:\/\/stoic-curie.212-227-153-4.plesk.page\/fr\/wp-json\/wp\/v2\/product_cat?post=728848"},{"taxonomy":"product_tag","embeddable":true,"href":"https:\/\/stoic-curie.212-227-153-4.plesk.page\/fr\/wp-json\/wp\/v2\/product_tag?post=728848"}],"curies":[{"name":"wp","href":"https:\/\/api.w.org\/{rel}","templated":true}]}}