{"id":728852,"date":"2025-03-03T16:02:44","date_gmt":"2025-03-03T15:02:44","guid":{"rendered":"https:\/\/stoic-curie.212-227-153-4.plesk.page\/producto\/bols-a-soupe-carres-en-melamine-mb-northwind-15-x-15-cm-6-unites\/"},"modified":"2026-02-24T23:08:31","modified_gmt":"2026-02-24T23:08:31","slug":"bols-a-soupe-carres-en-melamine-mb-northwind-15-x-15-cm-6-unites","status":"publish","type":"product","link":"https:\/\/stoic-curie.212-227-153-4.plesk.page\/fr\/product\/bols-a-soupe-carres-en-melamine-mb-northwind-15-x-15-cm-6-unites\/","title":{"rendered":"Bols \u00e0 soupe carr\u00e9s en m\u00e9lamine MB Northwind, 15\u00a0x\u00a015\u00a0cm, 6\u00a0unit\u00e9s"},"content":{"rendered":"<p>Bols \u00e0 soupe carr\u00e9s en m\u00e9lamine MB Northwind, 15\u00a0x\u00a015\u00a0cm, 6\u00a0unit\u00e9s &#8211; <\/p>\n<p>Bol carr\u00e9 \u00e0 soupe d\u00e9cor\u00e9 de motifs Northwind. Fabriqu\u00e9 en m\u00e9lamine 100 % certifi\u00e9e sans danger pour les aliments. Passoire au lave-vaisselle, incassable et r\u00e9sistant aux taches. 6 pi\u00e8ces par paquet.<\/p>\n","protected":false},"excerpt":{"rendered":"<p>Bols \u00e0 soupe carr\u00e9s en m\u00e9lamine MB Northwind, 15\u00a0x\u00a015\u00a0cm, 6\u00a0unit\u00e9s &#8211; Bol carr\u00e9 \u00e0 soupe d\u00e9cor\u00e9 de motifs Northwind. Fabriqu\u00e9<\/p>\n","protected":false},"featured_media":5943599,"comment_status":"open","ping_status":"closed","template":"","meta":[],"product_brand":[3109],"product_cat":[1071],"product_tag":[],"class_list":{"0":"post-728852","1":"product","2":"type-product","3":"status-publish","4":"has-post-thumbnail","6":"product_brand-marine-business-mb-fr","7":"product_cat-vaisselle-de-melamine","9":"first","10":"instock","11":"shipping-taxable","12":"purchasable","13":"product-type-simple"},"_links":{"self":[{"href":"https:\/\/stoic-curie.212-227-153-4.plesk.page\/fr\/wp-json\/wp\/v2\/product\/728852","targetHints":{"allow":["GET"]}}],"collection":[{"href":"https:\/\/stoic-curie.212-227-153-4.plesk.page\/fr\/wp-json\/wp\/v2\/product"}],"about":[{"href":"https:\/\/stoic-curie.212-227-153-4.plesk.page\/fr\/wp-json\/wp\/v2\/types\/product"}],"replies":[{"embeddable":true,"href":"https:\/\/stoic-curie.212-227-153-4.plesk.page\/fr\/wp-json\/wp\/v2\/comments?post=728852"}],"version-history":[{"count":0,"href":"https:\/\/stoic-curie.212-227-153-4.plesk.page\/fr\/wp-json\/wp\/v2\/product\/728852\/revisions"}],"wp:featuredmedia":[{"embeddable":true,"href":"https:\/\/stoic-curie.212-227-153-4.plesk.page\/fr\/wp-json\/wp\/v2\/media\/5943599"}],"wp:attachment":[{"href":"https:\/\/stoic-curie.212-227-153-4.plesk.page\/fr\/wp-json\/wp\/v2\/media?parent=728852"}],"wp:term":[{"taxonomy":"product_brand","embeddable":true,"href":"https:\/\/stoic-curie.212-227-153-4.plesk.page\/fr\/wp-json\/wp\/v2\/product_brand?post=728852"},{"taxonomy":"product_cat","embeddable":true,"href":"https:\/\/stoic-curie.212-227-153-4.plesk.page\/fr\/wp-json\/wp\/v2\/product_cat?post=728852"},{"taxonomy":"product_tag","embeddable":true,"href":"https:\/\/stoic-curie.212-227-153-4.plesk.page\/fr\/wp-json\/wp\/v2\/product_tag?post=728852"}],"curies":[{"name":"wp","href":"https:\/\/api.w.org\/{rel}","templated":true}]}}