{"id":728854,"date":"2025-03-03T16:02:44","date_gmt":"2025-03-03T15:02:44","guid":{"rendered":"https:\/\/stoic-curie.212-227-153-4.plesk.page\/producto\/refroidisseur-dhuile-bowman-dc60-xbb\/"},"modified":"2026-02-24T23:08:31","modified_gmt":"2026-02-24T23:08:31","slug":"refroidisseur-dhuile-bowman-dc60-xbb","status":"publish","type":"product","link":"https:\/\/stoic-curie.212-227-153-4.plesk.page\/fr\/product\/refroidisseur-dhuile-bowman-dc60-xbb\/","title":{"rendered":"Refroidisseur d\u2019huile Bowman DC60-XBB"},"content":{"rendered":"<p>Refroidisseur d\u2019huile Bowman DC60-XBB &#8211; <\/p>\n<p>Refroidisseurs d&#8217;huile Bowman DC pour petites transmissions. Tubes en alliage de nickel r\u00e9sistants \u00e0 la corrosion et bouchons en n\u00e9opr\u00e8ne.<\/p>\n","protected":false},"excerpt":{"rendered":"<p>Refroidisseur d\u2019huile Bowman DC60-XBB &#8211; Refroidisseurs d&#8217;huile Bowman DC pour petites transmissions. Tubes en alliage de nickel r\u00e9sistants \u00e0 la<\/p>\n","protected":false},"featured_media":5940816,"comment_status":"open","ping_status":"closed","template":"","meta":[],"product_brand":[2844],"product_cat":[1216],"product_tag":[],"class_list":{"0":"post-728854","1":"product","2":"type-product","3":"status-publish","4":"has-post-thumbnail","6":"product_brand-bowman-fr","7":"product_cat-echangeurs-et-refroidisseurs-dhuile","9":"first","10":"instock","11":"shipping-taxable","12":"purchasable","13":"product-type-simple"},"_links":{"self":[{"href":"https:\/\/stoic-curie.212-227-153-4.plesk.page\/fr\/wp-json\/wp\/v2\/product\/728854","targetHints":{"allow":["GET"]}}],"collection":[{"href":"https:\/\/stoic-curie.212-227-153-4.plesk.page\/fr\/wp-json\/wp\/v2\/product"}],"about":[{"href":"https:\/\/stoic-curie.212-227-153-4.plesk.page\/fr\/wp-json\/wp\/v2\/types\/product"}],"replies":[{"embeddable":true,"href":"https:\/\/stoic-curie.212-227-153-4.plesk.page\/fr\/wp-json\/wp\/v2\/comments?post=728854"}],"version-history":[{"count":0,"href":"https:\/\/stoic-curie.212-227-153-4.plesk.page\/fr\/wp-json\/wp\/v2\/product\/728854\/revisions"}],"wp:featuredmedia":[{"embeddable":true,"href":"https:\/\/stoic-curie.212-227-153-4.plesk.page\/fr\/wp-json\/wp\/v2\/media\/5940816"}],"wp:attachment":[{"href":"https:\/\/stoic-curie.212-227-153-4.plesk.page\/fr\/wp-json\/wp\/v2\/media?parent=728854"}],"wp:term":[{"taxonomy":"product_brand","embeddable":true,"href":"https:\/\/stoic-curie.212-227-153-4.plesk.page\/fr\/wp-json\/wp\/v2\/product_brand?post=728854"},{"taxonomy":"product_cat","embeddable":true,"href":"https:\/\/stoic-curie.212-227-153-4.plesk.page\/fr\/wp-json\/wp\/v2\/product_cat?post=728854"},{"taxonomy":"product_tag","embeddable":true,"href":"https:\/\/stoic-curie.212-227-153-4.plesk.page\/fr\/wp-json\/wp\/v2\/product_tag?post=728854"}],"curies":[{"name":"wp","href":"https:\/\/api.w.org\/{rel}","templated":true}]}}