{"id":728858,"date":"2025-03-03T16:02:44","date_gmt":"2025-03-03T15:02:44","guid":{"rendered":"https:\/\/stoic-curie.212-227-153-4.plesk.page\/producto\/refroidisseur-dhuile-bowman-ec100-3249-2\/"},"modified":"2026-02-24T23:08:31","modified_gmt":"2026-02-24T23:08:31","slug":"refroidisseur-dhuile-bowman-ec100-3249-2","status":"publish","type":"product","link":"https:\/\/stoic-curie.212-227-153-4.plesk.page\/fr\/product\/refroidisseur-dhuile-bowman-ec100-3249-2\/","title":{"rendered":"Refroidisseur d\u2019huile Bowman EC100-3249-2"},"content":{"rendered":"<p>Refroidisseur d\u2019huile Bowman EC100-3249-2 &#8211; <\/p>\n<p>Les refroidisseurs d&#8217;huile Bowman EC sont con\u00e7us avec soin pour \u00eatre utilis\u00e9s avec des transmissions, des syst\u00e8mes de lubrification et une gamme de fluides de transfert de chaleur. Ces refroidisseurs sont fabriqu\u00e9s avec des tubes en alliage de nickel r\u00e9sistant \u00e0 la corrosion, ce qui garantit \u00e0 la fois durabilit\u00e9 et long\u00e9vit\u00e9, compl\u00e9t\u00e9s par des capuchons en bronze robustes qui renforcent leur fiabilit\u00e9. Capables de r\u00e9sister \u00e0 une pression d&#8217;huile maximale de 20 bars et \u00e0 une pression d&#8217;eau maximale de 16 bars, ces refroidisseurs sont parfaitement adapt\u00e9s aux applications exigeantes. De plus, ils sont con\u00e7us pour fonctionner efficacement \u00e0 des temp\u00e9ratures atteignant jusqu&#8217;\u00e0 120 \u00b0C, assurant ainsi des performances optimales dans diverses conditions.<\/p>\n","protected":false},"excerpt":{"rendered":"<p>Refroidisseur d\u2019huile Bowman EC100-3249-2 &#8211; Les refroidisseurs d&#8217;huile Bowman EC sont con\u00e7us avec soin pour \u00eatre utilis\u00e9s avec des transmissions,<\/p>\n","protected":false},"featured_media":5943603,"comment_status":"open","ping_status":"closed","template":"","meta":[],"product_brand":[2844],"product_cat":[1216],"product_tag":[],"class_list":{"0":"post-728858","1":"product","2":"type-product","3":"status-publish","4":"has-post-thumbnail","6":"product_brand-bowman-fr","7":"product_cat-echangeurs-et-refroidisseurs-dhuile","9":"first","10":"instock","11":"shipping-taxable","12":"purchasable","13":"product-type-simple"},"_links":{"self":[{"href":"https:\/\/stoic-curie.212-227-153-4.plesk.page\/fr\/wp-json\/wp\/v2\/product\/728858","targetHints":{"allow":["GET"]}}],"collection":[{"href":"https:\/\/stoic-curie.212-227-153-4.plesk.page\/fr\/wp-json\/wp\/v2\/product"}],"about":[{"href":"https:\/\/stoic-curie.212-227-153-4.plesk.page\/fr\/wp-json\/wp\/v2\/types\/product"}],"replies":[{"embeddable":true,"href":"https:\/\/stoic-curie.212-227-153-4.plesk.page\/fr\/wp-json\/wp\/v2\/comments?post=728858"}],"version-history":[{"count":0,"href":"https:\/\/stoic-curie.212-227-153-4.plesk.page\/fr\/wp-json\/wp\/v2\/product\/728858\/revisions"}],"wp:featuredmedia":[{"embeddable":true,"href":"https:\/\/stoic-curie.212-227-153-4.plesk.page\/fr\/wp-json\/wp\/v2\/media\/5943603"}],"wp:attachment":[{"href":"https:\/\/stoic-curie.212-227-153-4.plesk.page\/fr\/wp-json\/wp\/v2\/media?parent=728858"}],"wp:term":[{"taxonomy":"product_brand","embeddable":true,"href":"https:\/\/stoic-curie.212-227-153-4.plesk.page\/fr\/wp-json\/wp\/v2\/product_brand?post=728858"},{"taxonomy":"product_cat","embeddable":true,"href":"https:\/\/stoic-curie.212-227-153-4.plesk.page\/fr\/wp-json\/wp\/v2\/product_cat?post=728858"},{"taxonomy":"product_tag","embeddable":true,"href":"https:\/\/stoic-curie.212-227-153-4.plesk.page\/fr\/wp-json\/wp\/v2\/product_tag?post=728858"}],"curies":[{"name":"wp","href":"https:\/\/api.w.org\/{rel}","templated":true}]}}