{"id":728862,"date":"2025-03-03T16:02:45","date_gmt":"2025-03-03T15:02:45","guid":{"rendered":"https:\/\/stoic-curie.212-227-153-4.plesk.page\/producto\/refroidisseur-dhuile-bowman-ec80-1069-1\/"},"modified":"2026-02-24T23:08:31","modified_gmt":"2026-02-24T23:08:31","slug":"refroidisseur-dhuile-bowman-ec80-1069-1","status":"publish","type":"product","link":"https:\/\/stoic-curie.212-227-153-4.plesk.page\/fr\/product\/refroidisseur-dhuile-bowman-ec80-1069-1\/","title":{"rendered":"Refroidisseur d\u2019huile Bowman EC80-1069-1 45mm"},"content":{"rendered":"<p>Refroidisseur d\u2019huile Bowman EC80-1069-1 45mm &#8211; <\/p>\n<p>Le refroidisseur d&#8217;huile tubulaire de la s\u00e9rie EC de Bowman est con\u00e7u pour abaisser efficacement les temp\u00e9ratures de l&#8217;huile moteur. Il comprend une connexion filet\u00e9e femelle BSP pour le tuyau d&#8217;huile et des connexions \u00e0 capuchon d&#8217;extr\u00e9mit\u00e9 droite pour l&#8217;eau brute. Le faisceau tubulaire est fabriqu\u00e9 en cuivre-nickel r\u00e9sistant, tandis que les capuchons d&#8217;extr\u00e9mit\u00e9 sont en laiton naval de haute qualit\u00e9.<\/p>\n<p><strong>Applications :<\/strong><\/p>\n<ul>\n<li>BMC Leyland 4\/98 (3.81)<\/li>\n<li>Mod\u00e8les Ford 2711, 2712E, 2722<\/li>\n<li>BSD329, BSD332, BSD333 et BSD333H<\/li>\n<li>General Motors 220<\/li>\n<li>New Holland Genesis 450<\/li>\n<li>Perkins 4236<\/li>\n<\/ul>\n<p><strong>Sp\u00e9cifications :<\/strong><\/p>\n<ul>\n<li><strong>Longueur :<\/strong> 200 mm<\/li>\n<li><strong>Mat\u00e9riau :<\/strong> Faisceau tubulaire en cuivre-nickel avec capuchons d&#8217;extr\u00e9mit\u00e9 en laiton naval<\/li>\n<li><strong>Marque :<\/strong> Bowman<\/li>\n<li><strong>Compatible avec :<\/strong> BMC, Ford, New Holland Genesis, Perkins, Thornycroft<\/li>\n<li><strong>Pays d&#8217;origine :<\/strong> Royaume-Uni<\/li>\n<li><strong>Connexions :<\/strong> Huile : 1\/2&#8243; femelle BSP ; Eau brute : capuchons d&#8217;extr\u00e9mit\u00e9 en laiton naval droits pour tuyau de 45 mm de diam\u00e8tre int\u00e9rieur<\/li>\n<li><strong>Diam\u00e8tre :<\/strong> Diam\u00e8tre ext\u00e9rieur : 100 mm<\/li>\n<li><strong>Puissance maximale :<\/strong> 80 HP (60 kW)<\/li>\n<li><strong>Mod\u00e8le :<\/strong> EC80<\/li>\n<\/ul>\n","protected":false},"excerpt":{"rendered":"<p>Refroidisseur d\u2019huile Bowman EC80-1069-1 45mm &#8211; Le refroidisseur d&#8217;huile tubulaire de la s\u00e9rie EC de Bowman est con\u00e7u pour abaisser<\/p>\n","protected":false},"featured_media":5943605,"comment_status":"open","ping_status":"closed","template":"","meta":[],"product_brand":[2844],"product_cat":[1216],"product_tag":[],"class_list":{"0":"post-728862","1":"product","2":"type-product","3":"status-publish","4":"has-post-thumbnail","6":"product_brand-bowman-fr","7":"product_cat-echangeurs-et-refroidisseurs-dhuile","9":"first","10":"instock","11":"shipping-taxable","12":"purchasable","13":"product-type-simple"},"_links":{"self":[{"href":"https:\/\/stoic-curie.212-227-153-4.plesk.page\/fr\/wp-json\/wp\/v2\/product\/728862","targetHints":{"allow":["GET"]}}],"collection":[{"href":"https:\/\/stoic-curie.212-227-153-4.plesk.page\/fr\/wp-json\/wp\/v2\/product"}],"about":[{"href":"https:\/\/stoic-curie.212-227-153-4.plesk.page\/fr\/wp-json\/wp\/v2\/types\/product"}],"replies":[{"embeddable":true,"href":"https:\/\/stoic-curie.212-227-153-4.plesk.page\/fr\/wp-json\/wp\/v2\/comments?post=728862"}],"version-history":[{"count":0,"href":"https:\/\/stoic-curie.212-227-153-4.plesk.page\/fr\/wp-json\/wp\/v2\/product\/728862\/revisions"}],"wp:featuredmedia":[{"embeddable":true,"href":"https:\/\/stoic-curie.212-227-153-4.plesk.page\/fr\/wp-json\/wp\/v2\/media\/5943605"}],"wp:attachment":[{"href":"https:\/\/stoic-curie.212-227-153-4.plesk.page\/fr\/wp-json\/wp\/v2\/media?parent=728862"}],"wp:term":[{"taxonomy":"product_brand","embeddable":true,"href":"https:\/\/stoic-curie.212-227-153-4.plesk.page\/fr\/wp-json\/wp\/v2\/product_brand?post=728862"},{"taxonomy":"product_cat","embeddable":true,"href":"https:\/\/stoic-curie.212-227-153-4.plesk.page\/fr\/wp-json\/wp\/v2\/product_cat?post=728862"},{"taxonomy":"product_tag","embeddable":true,"href":"https:\/\/stoic-curie.212-227-153-4.plesk.page\/fr\/wp-json\/wp\/v2\/product_tag?post=728862"}],"curies":[{"name":"wp","href":"https:\/\/api.w.org\/{rel}","templated":true}]}}